{"id":165964,"date":"2026-03-04T19:56:25","date_gmt":"2026-03-04T19:56:25","guid":{"rendered":"https:\/\/modesthanim.com\/product\/e-0563-melure-elbise-38-44-siyah-elbise-0563\/"},"modified":"2026-03-04T19:56:41","modified_gmt":"2026-03-04T19:56:41","slug":"e-0563-melure-elbise-38-44-siyah-elbise-0563","status":"publish","type":"product","link":"https:\/\/mod.wisdar.net\/tr\/urun\/e-0563-melure-elbise-38-44-siyah-elbise-0563\/","title":{"rendered":"E-0563 MELURE ELB\u0130SE 38-44 Siyah Elbise 0563"},"content":{"rendered":"<p>\u015e\u0131k ve rahat modelimiz E-0563 MELURE ELB\u0130SE 38-44 Siyah Elbise 0563 zuhre.com.tr&#8217;de sizleri bekliyor! \u00dcr\u00fcn\u00fcm\u00fcz\u00fc incelemek ve sat\u0131n almak i\u00e7in t\u0131klay\u0131n!<\/p>\n","protected":false},"excerpt":{"rendered":"<p>\u015e\u0131k ve rahat modelimiz E-0563 MELURE ELB\u0130SE 38-44 Siyah Elbise 0563 zuhre.com.tr&#8217;de sizleri bekliyor! \u00dcr\u00fcn\u00fcm\u00fcz\u00fc incelemek ve sat\u0131n almak i\u00e7in t\u0131klay\u0131n!<\/p>\n","protected":false},"featured_media":165959,"comment_status":"open","ping_status":"closed","template":"","meta":[],"product_brand":[],"product_cat":[6249,1933],"product_tag":[],"class_list":{"0":"post-165964","1":"product","2":"type-product","3":"status-publish","4":"has-post-thumbnail","6":"product_cat-elbiseler","7":"product_cat-gunluk-ve-gunduz-elbiseleri","8":"pa_color-siyah","9":"pa_size-4706","10":"pa_size-4711","11":"pa_size-4713","12":"pa_size-4751","14":"first","15":"instock","16":"sale","17":"shipping-taxable","18":"purchasable","19":"product-type-variable"},"_links":{"self":[{"href":"https:\/\/mod.wisdar.net\/tr\/wp-json\/wp\/v2\/product\/165964","targetHints":{"allow":["GET"]}}],"collection":[{"href":"https:\/\/mod.wisdar.net\/tr\/wp-json\/wp\/v2\/product"}],"about":[{"href":"https:\/\/mod.wisdar.net\/tr\/wp-json\/wp\/v2\/types\/product"}],"replies":[{"embeddable":true,"href":"https:\/\/mod.wisdar.net\/tr\/wp-json\/wp\/v2\/comments?post=165964"}],"wp:featuredmedia":[{"embeddable":true,"href":"https:\/\/mod.wisdar.net\/tr\/wp-json\/wp\/v2\/media\/165959"}],"wp:attachment":[{"href":"https:\/\/mod.wisdar.net\/tr\/wp-json\/wp\/v2\/media?parent=165964"}],"wp:term":[{"taxonomy":"product_brand","embeddable":true,"href":"https:\/\/mod.wisdar.net\/tr\/wp-json\/wp\/v2\/product_brand?post=165964"},{"taxonomy":"product_cat","embeddable":true,"href":"https:\/\/mod.wisdar.net\/tr\/wp-json\/wp\/v2\/product_cat?post=165964"},{"taxonomy":"product_tag","embeddable":true,"href":"https:\/\/mod.wisdar.net\/tr\/wp-json\/wp\/v2\/product_tag?post=165964"}],"curies":[{"name":"wp","href":"https:\/\/api.w.org\/{rel}","templated":true}]}}