{"id":166029,"date":"2026-03-04T20:54:24","date_gmt":"2026-03-04T20:54:24","guid":{"rendered":"https:\/\/modesthanim.com\/product\/kanvas-kisisellestirilebilir-buyuk-canta-siyah\/"},"modified":"2026-04-11T05:24:50","modified_gmt":"2026-04-11T05:24:50","slug":"kanvas-kisisellestirilebilir-buyuk-canta-siyah","status":"publish","type":"product","link":"https:\/\/mod.wisdar.net\/tr\/urun\/kanvas-kisisellestirilebilir-buyuk-canta-siyah\/","title":{"rendered":"Kanvas Ki\u015fiselle\u015ftirilebilir B\u00fcy\u00fck \u00c7anta Siyah"},"content":{"rendered":"<p>\u00dcR\u00dcN TANIMI<br \/>\nKi\u015fiselle\u015ftirilebilir Kanvas \u00c7anta Siyah, %100 pamuklu dokusu, deri diki\u015f detaylar\u0131 ve \u00f6zel nak\u0131\u015flar\u0131yla modern bir stil sunar. Geni\u015f i\u00e7 hacimli omuz \u00e7antas\u0131, \u00fczerindeki deri charm ile isme \u00f6zel hale getirilebilirken; setin tamamlay\u0131c\u0131s\u0131 olan fermuarl\u0131 clutch, e\u015fyalar\u0131n\u0131z\u0131 d\u00fczenli tutman\u0131za veya tek ba\u015f\u0131na portf\u00f6y olarak kullanman\u0131za olanak sa\u011flar.<\/p>\n<p>\u00dcR\u00dcN \u00d6ZELL\u0130KLER\u0130<br \/>\n\u00dcr\u00fcn Tipi: Ki\u015fiselle\u015ftirilebilir Kanvas \u00c7anta Seti<br \/>\nKuma\u015f: %100 Pamuk<br \/>\nAsk\u0131 Detay\u0131: Deri Tutma Sap\u0131 (B\u00fcy\u00fck \u00c7anta), Deri Sap Detay\u0131 (Clutch)<br \/>\nDetaylar: M\u0131knat\u0131s Kapama, Cepli, Fermuarl\u0131, Ki\u015fiselle\u015ftirilebilir Deri Charm (Harf Bask\u0131 Uygulanabilir)<\/p>\n<p>\u0130\u00c7ER\u0130K &amp; BAKIM<br \/>\n%100 Pamuk<br \/>\nNemli, yumu\u015fak bezle silerek temizleyiniz.<br \/>\nMakinede y\u0131kamay\u0131n\u0131z.<br \/>\nA\u011fart\u0131c\u0131 ve kimyasal temizleyici kullanmay\u0131n\u0131z.<br \/>\nNak\u0131\u015fl\u0131 y\u00fczeyi s\u00fcrt\u00fcnmeye kar\u015f\u0131 koruyunuz<\/p>\n","protected":false},"excerpt":{"rendered":"<p>\u00dcR\u00dcN TANIMI Ki\u015fiselle\u015ftirilebilir Kanvas \u00c7anta Siyah, %100 pamuklu dokusu, deri diki\u015f detaylar\u0131 ve \u00f6zel nak\u0131\u015flar\u0131yla modern bir stil sunar. Geni\u015f i\u00e7 hacimli omuz \u00e7antas\u0131, \u00fczerindeki deri charm ile isme \u00f6zel hale getirilebilirken; setin tamamlay\u0131c\u0131s\u0131 olan fermuarl\u0131 clutch, e\u015fyalar\u0131n\u0131z\u0131 d\u00fczenli tutman\u0131za veya tek ba\u015f\u0131na portf\u00f6y olarak kullanman\u0131za olanak sa\u011flar. \u00dcR\u00dcN \u00d6ZELL\u0130KLER\u0130 \u00dcr\u00fcn Tipi: Ki\u015fiselle\u015ftirilebilir Kanvas \u00c7anta [&hellip;]<\/p>\n","protected":false},"featured_media":166024,"comment_status":"open","ping_status":"closed","template":"","meta":[],"product_brand":[],"product_cat":[6960,6957],"product_tag":[7075],"class_list":{"0":"post-166029","1":"product","2":"type-product","3":"status-publish","4":"has-post-thumbnail","6":"product_cat-cantalar","7":"product_cat-cantalar-el-cantalari","8":"product_tag-canta","9":"pa_brand-kadriye-basturk","10":"pa_color-siyah","11":"pa_size-std","13":"first","14":"instock","15":"sale","16":"shipping-taxable","17":"purchasable","18":"product-type-variable"},"_links":{"self":[{"href":"https:\/\/mod.wisdar.net\/tr\/wp-json\/wp\/v2\/product\/166029","targetHints":{"allow":["GET"]}}],"collection":[{"href":"https:\/\/mod.wisdar.net\/tr\/wp-json\/wp\/v2\/product"}],"about":[{"href":"https:\/\/mod.wisdar.net\/tr\/wp-json\/wp\/v2\/types\/product"}],"replies":[{"embeddable":true,"href":"https:\/\/mod.wisdar.net\/tr\/wp-json\/wp\/v2\/comments?post=166029"}],"wp:featuredmedia":[{"embeddable":true,"href":"https:\/\/mod.wisdar.net\/tr\/wp-json\/wp\/v2\/media\/166024"}],"wp:attachment":[{"href":"https:\/\/mod.wisdar.net\/tr\/wp-json\/wp\/v2\/media?parent=166029"}],"wp:term":[{"taxonomy":"product_brand","embeddable":true,"href":"https:\/\/mod.wisdar.net\/tr\/wp-json\/wp\/v2\/product_brand?post=166029"},{"taxonomy":"product_cat","embeddable":true,"href":"https:\/\/mod.wisdar.net\/tr\/wp-json\/wp\/v2\/product_cat?post=166029"},{"taxonomy":"product_tag","embeddable":true,"href":"https:\/\/mod.wisdar.net\/tr\/wp-json\/wp\/v2\/product_tag?post=166029"}],"curies":[{"name":"wp","href":"https:\/\/api.w.org\/{rel}","templated":true}]}}