{"id":166068,"date":"2026-03-04T20:55:15","date_gmt":"2026-03-04T20:55:15","guid":{"rendered":"https:\/\/modesthanim.com\/product\/kanvas-deri-detayli-kapakli-canta-cizgili\/"},"modified":"2026-04-11T05:34:29","modified_gmt":"2026-04-11T05:34:29","slug":"kanvas-deri-detayli-kapakli-canta-cizgili","status":"publish","type":"product","link":"https:\/\/mod.wisdar.net\/tr\/urun\/kanvas-deri-detayli-kapakli-canta-cizgili\/","title":{"rendered":"Kanvas Deri Detayl\u0131 Kapakl\u0131 \u00c7anta \u00c7izgili"},"content":{"rendered":"<p>\u00dcR\u00dcN TANIMI<br \/>\nDeri Detayl\u0131 Kanvas \u00c7anta \u00c7izgili, %100 pamuklu dokusu ve deri diki\u015f detaylar\u0131yla modern bir g\u00f6r\u00fcn\u00fcm sunar. M\u0131knat\u0131s kapamal\u0131 pratik kapa\u011f\u0131 ve demir logo detay\u0131 tasar\u0131ma g\u00fc\u00e7 katarken; deri el ask\u0131s\u0131 ve \u00e7\u0131kar\u0131labilir \u00e7apraz ask\u0131s\u0131, \u00e7antan\u0131z\u0131 g\u00fcn boyu diledi\u011finiz gibi ta\u015f\u0131man\u0131za olanak sa\u011flar.<br \/>\n\u00dcR\u00dcN \u00d6ZELL\u0130KLER\u0130<br \/>\n\u00dcr\u00fcn Tipi: Kanvas \u00c7anta<br \/>\nKuma\u015f: %100 Pamuk<br \/>\nAsk\u0131\/Sap: Deri Tutma Sap\u0131, \u00c7\u0131kar\u0131labilir \u00c7apraz Ask\u0131<br \/>\nDetaylar: M\u0131knat\u0131s Kapamal\u0131, Demir Logo Aksesuarl\u0131, Deri Diki\u015fli<br \/>\n\u0130\u00c7ER\u0130K &amp; BAKIM<br \/>\n%100 Pamuk<br \/>\nNemli, yumu\u015fak bezle silerek temizleyiniz.<br \/>\nMakinede y\u0131kamay\u0131n\u0131z.<br \/>\nA\u011fart\u0131c\u0131 ve kimyasal temizleyici kullanmay\u0131n\u0131z.<\/p>\n","protected":false},"excerpt":{"rendered":"<p>\u00dcR\u00dcN TANIMI Deri Detayl\u0131 Kanvas \u00c7anta \u00c7izgili, %100 pamuklu dokusu ve deri diki\u015f detaylar\u0131yla modern bir g\u00f6r\u00fcn\u00fcm sunar. M\u0131knat\u0131s kapamal\u0131 pratik kapa\u011f\u0131 ve demir logo detay\u0131 tasar\u0131ma g\u00fc\u00e7 katarken; deri el ask\u0131s\u0131 ve \u00e7\u0131kar\u0131labilir \u00e7apraz ask\u0131s\u0131, \u00e7antan\u0131z\u0131 g\u00fcn boyu diledi\u011finiz gibi ta\u015f\u0131man\u0131za olanak sa\u011flar. \u00dcR\u00dcN \u00d6ZELL\u0130KLER\u0130 \u00dcr\u00fcn Tipi: Kanvas \u00c7anta Kuma\u015f: %100 Pamuk Ask\u0131\/Sap: Deri [&hellip;]<\/p>\n","protected":false},"featured_media":166060,"comment_status":"open","ping_status":"closed","template":"","meta":[],"product_brand":[],"product_cat":[6960,6957],"product_tag":[7075,7912],"class_list":{"0":"post-166068","1":"product","2":"type-product","3":"status-publish","4":"has-post-thumbnail","6":"product_cat-cantalar","7":"product_cat-cantalar-el-cantalari","8":"product_tag-canta","9":"product_tag-cizgili","10":"pa_brand-kadriye-basturk","11":"pa_color-cizgili","12":"pa_size-std","14":"first","15":"instock","16":"shipping-taxable","17":"purchasable","18":"product-type-variable"},"_links":{"self":[{"href":"https:\/\/mod.wisdar.net\/tr\/wp-json\/wp\/v2\/product\/166068","targetHints":{"allow":["GET"]}}],"collection":[{"href":"https:\/\/mod.wisdar.net\/tr\/wp-json\/wp\/v2\/product"}],"about":[{"href":"https:\/\/mod.wisdar.net\/tr\/wp-json\/wp\/v2\/types\/product"}],"replies":[{"embeddable":true,"href":"https:\/\/mod.wisdar.net\/tr\/wp-json\/wp\/v2\/comments?post=166068"}],"wp:featuredmedia":[{"embeddable":true,"href":"https:\/\/mod.wisdar.net\/tr\/wp-json\/wp\/v2\/media\/166060"}],"wp:attachment":[{"href":"https:\/\/mod.wisdar.net\/tr\/wp-json\/wp\/v2\/media?parent=166068"}],"wp:term":[{"taxonomy":"product_brand","embeddable":true,"href":"https:\/\/mod.wisdar.net\/tr\/wp-json\/wp\/v2\/product_brand?post=166068"},{"taxonomy":"product_cat","embeddable":true,"href":"https:\/\/mod.wisdar.net\/tr\/wp-json\/wp\/v2\/product_cat?post=166068"},{"taxonomy":"product_tag","embeddable":true,"href":"https:\/\/mod.wisdar.net\/tr\/wp-json\/wp\/v2\/product_tag?post=166068"}],"curies":[{"name":"wp","href":"https:\/\/api.w.org\/{rel}","templated":true}]}}