{"id":166098,"date":"2026-03-04T20:56:11","date_gmt":"2026-03-04T20:56:11","guid":{"rendered":"https:\/\/modesthanim.com\/product\/kanvas-deri-detayli-kapakli-canta-siyah\/"},"modified":"2026-04-11T05:41:02","modified_gmt":"2026-04-11T05:41:02","slug":"kanvas-deri-detayli-kapakli-canta-siyah","status":"publish","type":"product","link":"https:\/\/mod.wisdar.net\/tr\/urun\/kanvas-deri-detayli-kapakli-canta-siyah\/","title":{"rendered":"Kanvas Deri Detayl\u0131 Kapakl\u0131 \u00c7anta Siyah"},"content":{"rendered":"<p>\u00dcR\u00dcN TANIMI Deri Detayl\u0131 Kanvas \u00c7anta Siyah, %100 pamuklu dokusu ve deri diki\u015f detaylar\u0131yla modern bir g\u00f6r\u00fcn\u00fcm sunar. M\u0131knat\u0131s kapamal\u0131 pratik kapa\u011f\u0131 ve demir logo detay\u0131 tasar\u0131ma g\u00fc\u00e7 katarken; deri el ask\u0131s\u0131 ve \u00e7\u0131kar\u0131labilir \u00e7apraz ask\u0131s\u0131, \u00e7antan\u0131z\u0131 g\u00fcn boyu diledi\u011finiz gibi ta\u015f\u0131man\u0131za olanak sa\u011flar. \u00dcR\u00dcN \u00d6ZELL\u0130KLER\u0130 \u00dcr\u00fcn Tipi: Kanvas \u00c7anta Kuma\u015f: %100 Pamuk Ask\u0131\/Sap: Deri Tutma Sap\u0131, \u00c7\u0131kar\u0131labilir \u00c7apraz Ask\u0131 Detaylar: M\u0131knat\u0131s Kapamal\u0131, Demir Logo Aksesuarl\u0131, Deri Diki\u015fli \u0130\u00c7ER\u0130K &amp; BAKIM %100 Pamuk Nemli, yumu\u015fak bezle silerek temizleyiniz. Makinede y\u0131kamay\u0131n\u0131z. A\u011fart\u0131c\u0131 ve kimyasal temizleyici kullanmay\u0131n\u0131z.<\/p>\n","protected":false},"excerpt":{"rendered":"<p>\u00dcR\u00dcN TANIMI Deri Detayl\u0131 Kanvas \u00c7anta Siyah, %100 pamuklu dokusu ve deri diki\u015f detaylar\u0131yla modern bir g\u00f6r\u00fcn\u00fcm sunar. M\u0131knat\u0131s kapamal\u0131 pratik kapa\u011f\u0131 ve demir logo detay\u0131 tasar\u0131ma g\u00fc\u00e7 katarken; deri el ask\u0131s\u0131 ve \u00e7\u0131kar\u0131labilir \u00e7apraz ask\u0131s\u0131, \u00e7antan\u0131z\u0131 g\u00fcn boyu diledi\u011finiz gibi ta\u015f\u0131man\u0131za olanak sa\u011flar. \u00dcR\u00dcN \u00d6ZELL\u0130KLER\u0130 \u00dcr\u00fcn Tipi: Kanvas \u00c7anta Kuma\u015f: %100 Pamuk Ask\u0131\/Sap: Deri [&hellip;]<\/p>\n","protected":false},"featured_media":166094,"comment_status":"open","ping_status":"closed","template":"","meta":[],"product_brand":[],"product_cat":[6960,6957],"product_tag":[7075,8187,7130],"class_list":{"0":"post-166098","1":"product","2":"type-product","3":"status-publish","4":"has-post-thumbnail","6":"product_cat-cantalar","7":"product_cat-cantalar-el-cantalari","8":"product_tag-canta","9":"product_tag-manyetik-kapama","10":"product_tag-siyah-canta","11":"pa_brand-kadriye-basturk","12":"pa_color-siyah","13":"pa_size-std","15":"first","16":"instock","17":"shipping-taxable","18":"purchasable","19":"product-type-variable"},"_links":{"self":[{"href":"https:\/\/mod.wisdar.net\/tr\/wp-json\/wp\/v2\/product\/166098","targetHints":{"allow":["GET"]}}],"collection":[{"href":"https:\/\/mod.wisdar.net\/tr\/wp-json\/wp\/v2\/product"}],"about":[{"href":"https:\/\/mod.wisdar.net\/tr\/wp-json\/wp\/v2\/types\/product"}],"replies":[{"embeddable":true,"href":"https:\/\/mod.wisdar.net\/tr\/wp-json\/wp\/v2\/comments?post=166098"}],"wp:featuredmedia":[{"embeddable":true,"href":"https:\/\/mod.wisdar.net\/tr\/wp-json\/wp\/v2\/media\/166094"}],"wp:attachment":[{"href":"https:\/\/mod.wisdar.net\/tr\/wp-json\/wp\/v2\/media?parent=166098"}],"wp:term":[{"taxonomy":"product_brand","embeddable":true,"href":"https:\/\/mod.wisdar.net\/tr\/wp-json\/wp\/v2\/product_brand?post=166098"},{"taxonomy":"product_cat","embeddable":true,"href":"https:\/\/mod.wisdar.net\/tr\/wp-json\/wp\/v2\/product_cat?post=166098"},{"taxonomy":"product_tag","embeddable":true,"href":"https:\/\/mod.wisdar.net\/tr\/wp-json\/wp\/v2\/product_tag?post=166098"}],"curies":[{"name":"wp","href":"https:\/\/api.w.org\/{rel}","templated":true}]}}