{"id":166204,"date":"2026-03-05T14:01:48","date_gmt":"2026-03-05T14:01:48","guid":{"rendered":"https:\/\/modesthanim.com\/product\/erkek-bebek-pamuklu-kolsuz-kapsonlu-2li-baskili-ust-ve-sort-seti\/"},"modified":"2026-04-04T04:50:56","modified_gmt":"2026-04-04T04:50:56","slug":"erkek-bebek-pamuklu-kolsuz-kapsonlu-2li-baskili-ust-ve-sort-seti","status":"publish","type":"product","link":"https:\/\/mod.wisdar.net\/tr\/urun\/erkek-bebek-pamuklu-kolsuz-kapsonlu-2li-baskili-ust-ve-sort-seti\/","title":{"rendered":"Erkek Bebek Pamuklu Kolsuz Kap\u015fonlu 2&#8217;li Bask\u0131l\u0131 \u00dcst ve \u015eort Seti"},"content":{"rendered":"<p>Kap\u015fonlu tasar\u0131m\u0131yla dikkat \u00e7eken \u00fcst\u00fc ve pamuklu alt tasar\u0131m\u0131 ile \u00f6ne \u00e7\u0131kan 2&#8217;li set,  miniklerin favori par\u00e7alar\u0131ndan olacak. Pamuklu ve rahat yap\u0131s\u0131yla bebe\u011finize konfor sa\u011fl\u0131yor. Plaj temal\u0131 bask\u0131 detaylar\u0131yla yaz mevsiminin enerjisini yans\u0131t\u0131yor. Beli lastikli \u015fort ise hareket \u00f6zg\u00fcrl\u00fc\u011f\u00fcn\u00fc desteklerken, kap\u015fonlu \u00fcst ise sevimli ve spor bir g\u00f6r\u00fcn\u00fcm sunuyor.<\/p>\n<p>\u00dcr\u00fcn \u00d6zellikleri<\/p>\n<p>Kol Tipi: Kolsuz<br \/>\nYaka Tipi: Kap\u015fonlu Yaka<br \/>\nDetay: Bask\u0131l\u0131<br \/>\nKuma\u015f: %100 Pamuk<br \/>\nKullan\u0131m Alan\u0131: G\u00fcnl\u00fck Giyim<\/p>\n<p>Koton erkek bebek giyim koleksiyonu, miniklerin yaz maceralar\u0131na konfor kat\u0131yor! Koton\u2019un sevimli ve rahat tasar\u0131mlar\u0131yla, bebekler her an \u00f6zg\u00fcrce ke\u015ffediyor!<\/p>\n<p>\u00dcr\u00fcnlerimiz kimyasallara kar\u015f\u0131 test edilerek, t\u00fcm g\u00fcvenlik kurallar\u0131na uygun olarak \u00fcretilir. \u00dcr\u00fcnlerimizde sa\u011fl\u0131\u011fa zararl\u0131 boyalar ve a\u011f\u0131r metaller, tehlikeli yutulabilecek k\u00fc\u00e7\u00fck ve keskin par\u00e7alar, kordon ve ba\u011fc\u0131klar bulunmamaktad\u0131r.<\/p>\n","protected":false},"excerpt":{"rendered":"<p>Kap\u015fonlu tasar\u0131m\u0131yla dikkat \u00e7eken \u00fcst\u00fc ve pamuklu alt tasar\u0131m\u0131 ile \u00f6ne \u00e7\u0131kan 2&#8217;li set, miniklerin favori par\u00e7alar\u0131ndan olacak. Pamuklu ve rahat yap\u0131s\u0131yla bebe\u011finize konfor sa\u011fl\u0131yor. Plaj temal\u0131 bask\u0131 detaylar\u0131yla yaz mevsiminin enerjisini yans\u0131t\u0131yor. Beli lastikli \u015fort ise hareket \u00f6zg\u00fcrl\u00fc\u011f\u00fcn\u00fc desteklerken, kap\u015fonlu \u00fcst ise sevimli ve spor bir g\u00f6r\u00fcn\u00fcm sunuyor. \u00dcr\u00fcn \u00d6zellikleri Kol Tipi: Kolsuz Yaka [&hellip;]<\/p>\n","protected":false},"featured_media":166198,"comment_status":"open","ping_status":"closed","template":"","meta":[],"product_brand":[],"product_cat":[8745,8739,8694],"product_tag":[8022,7426,7488],"class_list":{"0":"post-166204","1":"product","2":"type-product","3":"status-publish","4":"has-post-thumbnail","6":"product_cat-erkek-cocuk-takimlari","7":"product_cat-erkek-cocuklar-2-14-yas","8":"product_cat-cocuklar","9":"product_tag-baskili-2","10":"product_tag-gunluk-giyim-3","11":"product_tag-pamuk","12":"pa_brand-koton","13":"pa_color-beyaz","14":"pa_size-12-18-ay-2","15":"pa_size-18-24-ay-2","16":"pa_size-24-36-ay-2","17":"pa_size-3-4-yas-2","18":"pa_size-4-5-yas-2","19":"pa_size-9-12-ay-3","21":"first","22":"outofstock","23":"shipping-taxable","24":"product-type-variable"},"_links":{"self":[{"href":"https:\/\/mod.wisdar.net\/tr\/wp-json\/wp\/v2\/product\/166204","targetHints":{"allow":["GET"]}}],"collection":[{"href":"https:\/\/mod.wisdar.net\/tr\/wp-json\/wp\/v2\/product"}],"about":[{"href":"https:\/\/mod.wisdar.net\/tr\/wp-json\/wp\/v2\/types\/product"}],"replies":[{"embeddable":true,"href":"https:\/\/mod.wisdar.net\/tr\/wp-json\/wp\/v2\/comments?post=166204"}],"wp:featuredmedia":[{"embeddable":true,"href":"https:\/\/mod.wisdar.net\/tr\/wp-json\/wp\/v2\/media\/166198"}],"wp:attachment":[{"href":"https:\/\/mod.wisdar.net\/tr\/wp-json\/wp\/v2\/media?parent=166204"}],"wp:term":[{"taxonomy":"product_brand","embeddable":true,"href":"https:\/\/mod.wisdar.net\/tr\/wp-json\/wp\/v2\/product_brand?post=166204"},{"taxonomy":"product_cat","embeddable":true,"href":"https:\/\/mod.wisdar.net\/tr\/wp-json\/wp\/v2\/product_cat?post=166204"},{"taxonomy":"product_tag","embeddable":true,"href":"https:\/\/mod.wisdar.net\/tr\/wp-json\/wp\/v2\/product_tag?post=166204"}],"curies":[{"name":"wp","href":"https:\/\/api.w.org\/{rel}","templated":true}]}}