{"id":166248,"date":"2026-03-05T15:12:44","date_gmt":"2026-03-05T15:12:44","guid":{"rendered":"https:\/\/modesthanim.com\/product\/erkek-cocuk-pamuklu-renk-bloklu-polo-yaka-kisa-kollu-tisort\/"},"modified":"2026-04-04T04:51:47","modified_gmt":"2026-04-04T04:51:47","slug":"erkek-cocuk-pamuklu-renk-bloklu-polo-yaka-kisa-kollu-tisort","status":"publish","type":"product","link":"https:\/\/mod.wisdar.net\/tr\/urun\/erkek-cocuk-pamuklu-renk-bloklu-polo-yaka-kisa-kollu-tisort\/","title":{"rendered":"Erkek \u00c7ocuk Pamuklu Renk Bloklu Polo Yaka K\u0131sa Kollu Ti\u015f\u00f6rt"},"content":{"rendered":"<p>Polo yaka ti\u015f\u00f6rt, sade tasar\u0131m\u0131yla her ortamda kolayca kullan\u0131labiliyor. K\u0131sa kollu yap\u0131s\u0131 sayesinde s\u0131cak havalarda konfor sa\u011fl\u0131yor. Pamuklu kuma\u015f\u0131yla g\u00fcnl\u00fck aktivitelerde konfor sa\u011fl\u0131yor. Bask\u0131 detay\u0131 ti\u015f\u00f6rte sportif bir hava kat\u0131yor. Polo yaka ti\u015f\u00f6rt, pantolon ve \u015fortlarla rahatl\u0131kla kombinlenebiliyor.<\/p>\n<p>\u00dcr\u00fcn \u00d6zellikleri<br \/>\nKuma\u015f: %100 Pamuk<br \/>\nKol Tipi: K\u0131sa Kol<br \/>\nYaka Tipi: Polo Yaka<br \/>\nKullan\u0131m Alan\u0131: G\u00fcnl\u00fck Giyim<\/p>\n<p>Koton erkek \u00e7ocuk giyim koleksiyonu her mevsim rahatl\u0131\u011f\u0131 ve \u015f\u0131kl\u0131\u011f\u0131 bir araya getiriyor! E\u011flenceli ve enerjik tasar\u0131mlarla miniklerinizin favorisi oluyor.<\/p>\n<p>\u2014 Technical Details \u2014<br \/>\nKuma\u015f: %100 PAMUK<br \/>\nKol Boyu: K\u0131sa Kol<br \/>\nKol Tipi: D\u00fc\u015f\u00fck Omuz<br \/>\nYaka Tipi: Polo Yaka<br \/>\nSil\u00fcet: Boxy<br \/>\n\u00dcr\u00fcn Tipi \/ Stil: Boxy<br \/>\n\u00dcr\u00fcn\u00fcn Alt Markas\u0131: Kidswear<br \/>\nSat\u0131c\u0131\/\u0130malat\u00e7\u0131\/\u0130thalat\u00e7\u0131 \u0130smi: Koton Ma\u011fazac\u0131l\u0131k Tekstil Sanayi ve Ticaret A.\u015e.<br \/>\nPosta Adresi: Ayaza\u011fa Mah. Maslak Ayaza\u011fa Cad. No:3 \u0130\u00e7 Kap\u0131 No:5 Sar\u0131yer\/\u0130stanbul<br \/>\nE-Posta Adresi: mim@koton.com<\/p>\n","protected":false},"excerpt":{"rendered":"<p>Polo yaka ti\u015f\u00f6rt, sade tasar\u0131m\u0131yla her ortamda kolayca kullan\u0131labiliyor. K\u0131sa kollu yap\u0131s\u0131 sayesinde s\u0131cak havalarda konfor sa\u011fl\u0131yor. Pamuklu kuma\u015f\u0131yla g\u00fcnl\u00fck aktivitelerde konfor sa\u011fl\u0131yor. Bask\u0131 detay\u0131 ti\u015f\u00f6rte sportif bir hava kat\u0131yor. Polo yaka ti\u015f\u00f6rt, pantolon ve \u015fortlarla rahatl\u0131kla kombinlenebiliyor. \u00dcr\u00fcn \u00d6zellikleri Kuma\u015f: %100 Pamuk Kol Tipi: K\u0131sa Kol Yaka Tipi: Polo Yaka Kullan\u0131m Alan\u0131: G\u00fcnl\u00fck Giyim [&hellip;]<\/p>\n","protected":false},"featured_media":166245,"comment_status":"open","ping_status":"closed","template":"","meta":[],"product_brand":[],"product_cat":[8739,8694,8742],"product_tag":[7444],"class_list":{"0":"post-166248","1":"product","2":"type-product","3":"status-publish","4":"has-post-thumbnail","6":"product_cat-erkek-cocuklar-2-14-yas","7":"product_cat-cocuklar","8":"product_cat-tisortler-gomlekler","9":"product_tag-jarse","10":"pa_brand-koton","11":"pa_color-beyaz","12":"pa_size-11-12-yas-2","13":"pa_size-13-14-yas-2","14":"pa_size-5-6-yas-2","15":"pa_size-6-7-yas-2","16":"pa_size-7-8-yas-2","17":"pa_size-9-10-yas-2","19":"first","20":"outofstock","21":"shipping-taxable","22":"product-type-variable"},"_links":{"self":[{"href":"https:\/\/mod.wisdar.net\/tr\/wp-json\/wp\/v2\/product\/166248","targetHints":{"allow":["GET"]}}],"collection":[{"href":"https:\/\/mod.wisdar.net\/tr\/wp-json\/wp\/v2\/product"}],"about":[{"href":"https:\/\/mod.wisdar.net\/tr\/wp-json\/wp\/v2\/types\/product"}],"replies":[{"embeddable":true,"href":"https:\/\/mod.wisdar.net\/tr\/wp-json\/wp\/v2\/comments?post=166248"}],"wp:featuredmedia":[{"embeddable":true,"href":"https:\/\/mod.wisdar.net\/tr\/wp-json\/wp\/v2\/media\/166245"}],"wp:attachment":[{"href":"https:\/\/mod.wisdar.net\/tr\/wp-json\/wp\/v2\/media?parent=166248"}],"wp:term":[{"taxonomy":"product_brand","embeddable":true,"href":"https:\/\/mod.wisdar.net\/tr\/wp-json\/wp\/v2\/product_brand?post=166248"},{"taxonomy":"product_cat","embeddable":true,"href":"https:\/\/mod.wisdar.net\/tr\/wp-json\/wp\/v2\/product_cat?post=166248"},{"taxonomy":"product_tag","embeddable":true,"href":"https:\/\/mod.wisdar.net\/tr\/wp-json\/wp\/v2\/product_tag?post=166248"}],"curies":[{"name":"wp","href":"https:\/\/api.w.org\/{rel}","templated":true}]}}