{"id":166284,"date":"2026-03-05T15:42:07","date_gmt":"2026-03-05T15:42:07","guid":{"rendered":"https:\/\/modesthanim.com\/product\/erkek-bebek-pamuklu-kisa-kollu-klasik-yaka-desenli-gomlek\/"},"modified":"2026-04-04T05:01:06","modified_gmt":"2026-04-04T05:01:06","slug":"erkek-bebek-pamuklu-kisa-kollu-klasik-yaka-desenli-gomlek","status":"publish","type":"product","link":"https:\/\/mod.wisdar.net\/tr\/urun\/erkek-bebek-pamuklu-kisa-kollu-klasik-yaka-desenli-gomlek\/","title":{"rendered":"Erkek Bebek Pamuklu K\u0131sa Kollu Klasik Yaka Desenli G\u00f6mlek"},"content":{"rendered":"<p>Pamuklu ve k\u0131sa kollu g\u00f6mlek, renkli ve e\u011flenceli desenleriyle dikkat \u00e7ekiyor. Desenli yap\u0131s\u0131 miniklerin enerjisini yans\u0131t\u0131rken, klasik yaka tasar\u0131m\u0131 ile de \u015f\u0131kl\u0131k kat\u0131yor. Pamuklu dokusu ve rahat kal\u0131b\u0131yla yaz aylar\u0131 i\u00e7in ideal bir se\u00e7im sunuyor. G\u00f6mlek, hem g\u00fcnl\u00fck giyim hem de \u00f6zel g\u00fcnler i\u00e7in uygun bir tasar\u0131ma sahip.<\/p>\n<p>\u00dcr\u00fcn \u00d6zellikleri<\/p>\n<p>Kol Tipi: K\u0131sa Kollu<br \/>\nDetay: Desenli, D\u00fc\u011fmeli<br \/>\nKuma\u015f: %100 Pamuk<br \/>\nKullan\u0131m Alan\u0131: G\u00fcnl\u00fck Giyim, \u00d6zel G\u00fcnler<\/p>\n<p>Koton erkek bebek g\u00f6mlek modelleri, bebeklerin d\u00fcnyas\u0131na enerji kat\u0131yor! \u015e\u0131kl\u0131\u011f\u0131 ve rahatl\u0131\u011f\u0131 Koton Kids koleksiyonunda ke\u015ffedin!<\/p>\n<p>\u00dcr\u00fcnlerimiz kimyasallara kar\u015f\u0131 test edilerek, t\u00fcm g\u00fcvenlik kurallar\u0131na uygun olarak \u00fcretilir. \u00dcr\u00fcnlerimizde sa\u011fl\u0131\u011fa zararl\u0131 boyalar ve a\u011f\u0131r metaller, tehlikeli yutulabilecek k\u00fc\u00e7\u00fck ve keskin par\u00e7alar, kordon ve ba\u011fc\u0131klar bulunmamaktad\u0131r.<\/p>\n","protected":false},"excerpt":{"rendered":"<p>Pamuklu ve k\u0131sa kollu g\u00f6mlek, renkli ve e\u011flenceli desenleriyle dikkat \u00e7ekiyor. Desenli yap\u0131s\u0131 miniklerin enerjisini yans\u0131t\u0131rken, klasik yaka tasar\u0131m\u0131 ile de \u015f\u0131kl\u0131k kat\u0131yor. Pamuklu dokusu ve rahat kal\u0131b\u0131yla yaz aylar\u0131 i\u00e7in ideal bir se\u00e7im sunuyor. G\u00f6mlek, hem g\u00fcnl\u00fck giyim hem de \u00f6zel g\u00fcnler i\u00e7in uygun bir tasar\u0131ma sahip. \u00dcr\u00fcn \u00d6zellikleri Kol Tipi: K\u0131sa Kollu Detay: [&hellip;]<\/p>\n","protected":false},"featured_media":166281,"comment_status":"open","ping_status":"closed","template":"","meta":[],"product_brand":[],"product_cat":[8739,8694,8742],"product_tag":[7448],"class_list":{"0":"post-166284","1":"product","2":"type-product","3":"status-publish","4":"has-post-thumbnail","6":"product_cat-erkek-cocuklar-2-14-yas","7":"product_cat-cocuklar","8":"product_cat-tisortler-gomlekler","9":"product_tag-gunluk-moda","10":"pa_brand-koton","11":"pa_color-ekru-desenli","12":"pa_size-12-18-ay-2","13":"pa_size-18-24-ay-2","14":"pa_size-24-36-ay-2","15":"pa_size-3-4-yas-2","16":"pa_size-4-5-yas-2","17":"pa_size-9-12-ay-3","19":"first","20":"outofstock","21":"shipping-taxable","22":"product-type-variable"},"_links":{"self":[{"href":"https:\/\/mod.wisdar.net\/tr\/wp-json\/wp\/v2\/product\/166284","targetHints":{"allow":["GET"]}}],"collection":[{"href":"https:\/\/mod.wisdar.net\/tr\/wp-json\/wp\/v2\/product"}],"about":[{"href":"https:\/\/mod.wisdar.net\/tr\/wp-json\/wp\/v2\/types\/product"}],"replies":[{"embeddable":true,"href":"https:\/\/mod.wisdar.net\/tr\/wp-json\/wp\/v2\/comments?post=166284"}],"wp:featuredmedia":[{"embeddable":true,"href":"https:\/\/mod.wisdar.net\/tr\/wp-json\/wp\/v2\/media\/166281"}],"wp:attachment":[{"href":"https:\/\/mod.wisdar.net\/tr\/wp-json\/wp\/v2\/media?parent=166284"}],"wp:term":[{"taxonomy":"product_brand","embeddable":true,"href":"https:\/\/mod.wisdar.net\/tr\/wp-json\/wp\/v2\/product_brand?post=166284"},{"taxonomy":"product_cat","embeddable":true,"href":"https:\/\/mod.wisdar.net\/tr\/wp-json\/wp\/v2\/product_cat?post=166284"},{"taxonomy":"product_tag","embeddable":true,"href":"https:\/\/mod.wisdar.net\/tr\/wp-json\/wp\/v2\/product_tag?post=166284"}],"curies":[{"name":"wp","href":"https:\/\/api.w.org\/{rel}","templated":true}]}}