{"id":166362,"date":"2026-03-05T21:04:17","date_gmt":"2026-03-05T21:04:17","guid":{"rendered":"https:\/\/modesthanim.com\/product\/kiz-bebek-cicek-islemeli-dugmeli-uzun-kollu-pamuklu-bebe-yaka-gomlek\/"},"modified":"2026-04-11T04:32:13","modified_gmt":"2026-04-11T04:32:13","slug":"kiz-bebek-cicek-islemeli-dugmeli-uzun-kollu-pamuklu-bebe-yaka-gomlek","status":"publish","type":"product","link":"https:\/\/mod.wisdar.net\/tr\/urun\/kiz-bebek-cicek-islemeli-dugmeli-uzun-kollu-pamuklu-bebe-yaka-gomlek\/","title":{"rendered":"K\u0131z Bebek \u00c7i\u00e7ek \u0130\u015flemeli D\u00fc\u011fmeli Uzun Kollu Pamuklu Bebe Yaka G\u00f6mlek"},"content":{"rendered":"<p>Pamuklu yap\u0131s\u0131yla dikkat \u00e7eken m\u00fcslin g\u00f6mlek, bebe yaka tasar\u0131m\u0131 ile \u00f6ne \u00e7\u0131k\u0131yor. Uzun kollar\u0131 ve d\u00fc\u011fmeli yap\u0131s\u0131 sayesinde bebeklere rahatl\u0131k sa\u011fl\u0131yor. Yumu\u015fac\u0131k dokusu ve sevimli tasar\u0131m\u0131yla miniklerin gard\u0131robunda tatl\u0131 bir dokunu\u015f sa\u011fl\u0131yor. Bebe yaka g\u00f6mlek, sevimli bir g\u00f6r\u00fcn\u00fcm sunuyor.<\/p>\n<p>\u00dcr\u00fcn \u00d6zellikleri<\/p>\n<p>Kol Tipi: Uzun Kol<br \/>\nYaka Tipi: Bebe Yaka<br \/>\nKuma\u015f: %100 Pamuk<br \/>\nKullan\u0131m Alan\u0131: G\u00fcnl\u00fck Giyim<\/p>\n<p>Koton k\u0131z bebek g\u00f6mlek modelleriyle bebe\u011finizin stiline sevimli bir dokunu\u015f kat\u0131n! Miniklerinizi Koton&#8217;un rahat ve kaliteli tasar\u0131mlar\u0131yla tan\u0131\u015ft\u0131r\u0131n!<\/p>\n<p>\u00dcr\u00fcnlerimiz kimyasallara kar\u015f\u0131 test edilerek, t\u00fcm g\u00fcvenlik kurallar\u0131na uygun olarak \u00fcretilir. \u00dcr\u00fcnlerimizde sa\u011fl\u0131\u011fa zararl\u0131 boyalar ve a\u011f\u0131r metaller, tehlikeli yutulabilecek k\u00fc\u00e7\u00fck ve keskin par\u00e7alar, kordon ve ba\u011fc\u0131klar bulunmamaktad\u0131r.<\/p>\n<p>\u2014 Technical Details \u2014<br \/>\nKol Tipi: Uzun Kol<br \/>\nYaka Tipi: Bebe Yaka<br \/>\nKuma\u015f: %100 Pamuk<br \/>\nKullan\u0131m Alan\u0131: G\u00fcnl\u00fck Giyim<br \/>\nKol Boyu: Uzun Kol<br \/>\nSil\u00fcet: Klasik<br \/>\n\u00dcr\u00fcn Tipi \/ Stil: Klasik<br \/>\n\u00dcr\u00fcn\u00fcn Alt Markas\u0131: Kidswear<\/p>\n","protected":false},"excerpt":{"rendered":"<p>Pamuklu yap\u0131s\u0131yla dikkat \u00e7eken m\u00fcslin g\u00f6mlek, bebe yaka tasar\u0131m\u0131 ile \u00f6ne \u00e7\u0131k\u0131yor. Uzun kollar\u0131 ve d\u00fc\u011fmeli yap\u0131s\u0131 sayesinde bebeklere rahatl\u0131k sa\u011fl\u0131yor. Yumu\u015fac\u0131k dokusu ve sevimli tasar\u0131m\u0131yla miniklerin gard\u0131robunda tatl\u0131 bir dokunu\u015f sa\u011fl\u0131yor. Bebe yaka g\u00f6mlek, sevimli bir g\u00f6r\u00fcn\u00fcm sunuyor. \u00dcr\u00fcn \u00d6zellikleri Kol Tipi: Uzun Kol Yaka Tipi: Bebe Yaka Kuma\u015f: %100 Pamuk Kullan\u0131m Alan\u0131: G\u00fcnl\u00fck [&hellip;]<\/p>\n","protected":false},"featured_media":166359,"comment_status":"open","ping_status":"closed","template":"","meta":[],"product_brand":[],"product_cat":[8715,8694,8724],"product_tag":[7354,6768],"class_list":{"0":"post-166362","1":"product","2":"type-product","3":"status-publish","4":"has-post-thumbnail","6":"product_cat-kiz-cocuklari-2-14-yas","7":"product_cat-cocuklar","8":"product_cat-tisortler-bluzlar","9":"product_tag-gunluk-giyim-2","10":"product_tag-uzun-kol","11":"pa_brand-koton","12":"pa_color-ekru","13":"pa_size-12-18-ay-2","14":"pa_size-18-24-ay-2","15":"pa_size-24-36-ay-2","16":"pa_size-3-4-yas-2","17":"pa_size-4-5-yas-2","18":"pa_size-9-12-ay-3","20":"first","21":"instock","22":"sale","23":"shipping-taxable","24":"purchasable","25":"product-type-variable"},"_links":{"self":[{"href":"https:\/\/mod.wisdar.net\/tr\/wp-json\/wp\/v2\/product\/166362","targetHints":{"allow":["GET"]}}],"collection":[{"href":"https:\/\/mod.wisdar.net\/tr\/wp-json\/wp\/v2\/product"}],"about":[{"href":"https:\/\/mod.wisdar.net\/tr\/wp-json\/wp\/v2\/types\/product"}],"replies":[{"embeddable":true,"href":"https:\/\/mod.wisdar.net\/tr\/wp-json\/wp\/v2\/comments?post=166362"}],"wp:featuredmedia":[{"embeddable":true,"href":"https:\/\/mod.wisdar.net\/tr\/wp-json\/wp\/v2\/media\/166359"}],"wp:attachment":[{"href":"https:\/\/mod.wisdar.net\/tr\/wp-json\/wp\/v2\/media?parent=166362"}],"wp:term":[{"taxonomy":"product_brand","embeddable":true,"href":"https:\/\/mod.wisdar.net\/tr\/wp-json\/wp\/v2\/product_brand?post=166362"},{"taxonomy":"product_cat","embeddable":true,"href":"https:\/\/mod.wisdar.net\/tr\/wp-json\/wp\/v2\/product_cat?post=166362"},{"taxonomy":"product_tag","embeddable":true,"href":"https:\/\/mod.wisdar.net\/tr\/wp-json\/wp\/v2\/product_tag?post=166362"}],"curies":[{"name":"wp","href":"https:\/\/api.w.org\/{rel}","templated":true}]}}