{"id":166398,"date":"2026-03-05T21:12:33","date_gmt":"2026-03-05T21:12:33","guid":{"rendered":"https:\/\/modesthanim.com\/product\/kiz-bebek-fiyonk-detayli-pileli-kolsuz-bisiklet-yaka-tuvit-jile-elbise\/"},"modified":"2026-04-11T04:35:30","modified_gmt":"2026-04-11T04:35:30","slug":"kiz-bebek-fiyonk-detayli-pileli-kolsuz-bisiklet-yaka-tuvit-jile-elbise","status":"publish","type":"product","link":"https:\/\/mod.wisdar.net\/tr\/urun\/kiz-bebek-fiyonk-detayli-pileli-kolsuz-bisiklet-yaka-tuvit-jile-elbise\/","title":{"rendered":"K\u0131z Bebek Fiyonk Detayl\u0131 Pileli Kolsuz Bisiklet Yaka T\u00fcvit Jile Elbise"},"content":{"rendered":"<p>Renkli fiyonk detaylar\u0131 ile s\u00fcslenmi\u015f t\u00fcvit elbise, miniklere sevimli bir g\u00f6r\u00fcn\u00fcm kat\u0131yor. Bisiklet yaka ve kolsuz tasar\u0131m\u0131 ile konfor sunan elbise, d\u00fc\u011fmeli yap\u0131s\u0131 sayesinde kolayca giyilip \u00e7\u0131kar\u0131labiliyor. Yumu\u015fak dokusu ile miniklere konfor sa\u011flarken, enerjik ve e\u011flenceli yap\u0131s\u0131yla dikkat \u00e7ekiyor.<\/p>\n<p>\u00dcr\u00fcn \u00d6zellikleri<br \/>\nKol Tipi: Kolsuz<br \/>\nYaka Tipi: Bisiklet Yaka<br \/>\nDetay: Fiyonklu<br \/>\nKullan\u0131m Alan\u0131: G\u00fcnl\u00fck Giyim<\/p>\n<p>Koton k\u0131z bebek koleksiyonundaki bu sevimli tasar\u0131m, miniklerin gard\u0131robunu renklendiriyor! Koton&#8217;un dikkat \u00e7eken bebek giyim modelleri ile tarz\u0131n\u0131z\u0131 tamamlay\u0131n!<\/p>\n<p>\u00dcr\u00fcnlerimiz kimyasallara kar\u015f\u0131 test edilerek, t\u00fcm g\u00fcvenlik kurallar\u0131na uygun olarak \u00fcretilir. \u00dcr\u00fcnlerimizde sa\u011fl\u0131\u011fa zararl\u0131 boyalar ve a\u011f\u0131r metaller, tehlikeli yutulabilecek k\u00fc\u00e7\u00fck ve keskin par\u00e7alar, kordon ve ba\u011fc\u0131klar bulunmamaktad\u0131r.<\/p>\n","protected":false},"excerpt":{"rendered":"<p>Renkli fiyonk detaylar\u0131 ile s\u00fcslenmi\u015f t\u00fcvit elbise, miniklere sevimli bir g\u00f6r\u00fcn\u00fcm kat\u0131yor. Bisiklet yaka ve kolsuz tasar\u0131m\u0131 ile konfor sunan elbise, d\u00fc\u011fmeli yap\u0131s\u0131 sayesinde kolayca giyilip \u00e7\u0131kar\u0131labiliyor. Yumu\u015fak dokusu ile miniklere konfor sa\u011flarken, enerjik ve e\u011flenceli yap\u0131s\u0131yla dikkat \u00e7ekiyor. \u00dcr\u00fcn \u00d6zellikleri Kol Tipi: Kolsuz Yaka Tipi: Bisiklet Yaka Detay: Fiyonklu Kullan\u0131m Alan\u0131: G\u00fcnl\u00fck Giyim Koton [&hellip;]<\/p>\n","protected":false},"featured_media":166395,"comment_status":"open","ping_status":"closed","template":"","meta":[],"product_brand":[],"product_cat":[8712,8718,8715,8694,8697],"product_tag":[8023,7354],"class_list":{"0":"post-166398","1":"product","2":"type-product","3":"status-publish","4":"has-post-thumbnail","6":"product_cat-bebek-elbiseleri","7":"product_cat-elbiseler-etekler","8":"product_cat-kiz-cocuklari-2-14-yas","9":"product_cat-cocuklar","10":"product_cat-yenidogan-0-12-ay","11":"product_tag-bisiklet-yaka","12":"product_tag-gunluk-giyim-2","13":"pa_brand-koton","14":"pa_color-pembe","15":"pa_size-12-18-ay-2","16":"pa_size-18-24-ay-2","17":"pa_size-24-36-ay-2","18":"pa_size-3-4-yas-2","19":"pa_size-4-5-yas-2","20":"pa_size-9-12-ay-3","22":"first","23":"instock","24":"sale","25":"shipping-taxable","26":"purchasable","27":"product-type-variable"},"_links":{"self":[{"href":"https:\/\/mod.wisdar.net\/tr\/wp-json\/wp\/v2\/product\/166398","targetHints":{"allow":["GET"]}}],"collection":[{"href":"https:\/\/mod.wisdar.net\/tr\/wp-json\/wp\/v2\/product"}],"about":[{"href":"https:\/\/mod.wisdar.net\/tr\/wp-json\/wp\/v2\/types\/product"}],"replies":[{"embeddable":true,"href":"https:\/\/mod.wisdar.net\/tr\/wp-json\/wp\/v2\/comments?post=166398"}],"wp:featuredmedia":[{"embeddable":true,"href":"https:\/\/mod.wisdar.net\/tr\/wp-json\/wp\/v2\/media\/166395"}],"wp:attachment":[{"href":"https:\/\/mod.wisdar.net\/tr\/wp-json\/wp\/v2\/media?parent=166398"}],"wp:term":[{"taxonomy":"product_brand","embeddable":true,"href":"https:\/\/mod.wisdar.net\/tr\/wp-json\/wp\/v2\/product_brand?post=166398"},{"taxonomy":"product_cat","embeddable":true,"href":"https:\/\/mod.wisdar.net\/tr\/wp-json\/wp\/v2\/product_cat?post=166398"},{"taxonomy":"product_tag","embeddable":true,"href":"https:\/\/mod.wisdar.net\/tr\/wp-json\/wp\/v2\/product_tag?post=166398"}],"curies":[{"name":"wp","href":"https:\/\/api.w.org\/{rel}","templated":true}]}}