{"id":166434,"date":"2026-03-05T21:13:40","date_gmt":"2026-03-05T21:13:40","guid":{"rendered":"https:\/\/modesthanim.com\/product\/askili-bisiklet-yaka-a-form-pamuklu-fermuarli-bol-kalip-denim-elbise\/"},"modified":"2026-04-11T04:36:23","modified_gmt":"2026-04-11T04:36:23","slug":"askili-bisiklet-yaka-a-form-pamuklu-fermuarli-bol-kalip-denim-elbise","status":"publish","type":"product","link":"https:\/\/mod.wisdar.net\/tr\/urun\/askili-bisiklet-yaka-a-form-pamuklu-fermuarli-bol-kalip-denim-elbise\/","title":{"rendered":"Ask\u0131l\u0131 Bisiklet Yaka A Form Pamuklu Fermuarl\u0131 Bol Kal\u0131p Denim Elbise"},"content":{"rendered":"<p>Ask\u0131l\u0131 Bisiklet Yaka A Form Pamuklu Fermuarl\u0131 Bol Kal\u0131p Denim Elbise at Koton.com with discounted prices! Ask\u0131l\u0131 Bisiklet Yaka A Form Pamuklu Fermuarl\u0131 Bol Kal\u0131p Denim Elbise 1599.99 TL only Click now to buy! | Koton<\/p>\n","protected":false},"excerpt":{"rendered":"<p>Ask\u0131l\u0131 Bisiklet Yaka A Form Pamuklu Fermuarl\u0131 Bol Kal\u0131p Denim Elbise at Koton.com with discounted prices! Ask\u0131l\u0131 Bisiklet Yaka A Form Pamuklu Fermuarl\u0131 Bol Kal\u0131p Denim Elbise 1599.99 TL only Click now to buy! | Koton<\/p>\n","protected":false},"featured_media":166431,"comment_status":"open","ping_status":"closed","template":"","meta":[],"product_brand":[],"product_cat":[8718,8715,8694],"product_tag":[8023,7326,7575,7669],"class_list":{"0":"post-166434","1":"product","2":"type-product","3":"status-publish","4":"has-post-thumbnail","6":"product_cat-elbiseler-etekler","7":"product_cat-kiz-cocuklari-2-14-yas","8":"product_cat-cocuklar","9":"product_tag-bisiklet-yaka","10":"product_tag-bol-kesim","11":"product_tag-gunluk-elbise","12":"product_tag-kot-elbise","13":"pa_brand-koton","14":"pa_color-koyu-indigo","15":"pa_size-11-12-yas-2","16":"pa_size-13-14-yas-2","17":"pa_size-5-6-yas-2","18":"pa_size-6-7-yas-2","19":"pa_size-7-8-yas-2","20":"pa_size-9-10-yas-2","22":"first","23":"instock","24":"sale","25":"shipping-taxable","26":"purchasable","27":"product-type-variable"},"_links":{"self":[{"href":"https:\/\/mod.wisdar.net\/tr\/wp-json\/wp\/v2\/product\/166434","targetHints":{"allow":["GET"]}}],"collection":[{"href":"https:\/\/mod.wisdar.net\/tr\/wp-json\/wp\/v2\/product"}],"about":[{"href":"https:\/\/mod.wisdar.net\/tr\/wp-json\/wp\/v2\/types\/product"}],"replies":[{"embeddable":true,"href":"https:\/\/mod.wisdar.net\/tr\/wp-json\/wp\/v2\/comments?post=166434"}],"wp:featuredmedia":[{"embeddable":true,"href":"https:\/\/mod.wisdar.net\/tr\/wp-json\/wp\/v2\/media\/166431"}],"wp:attachment":[{"href":"https:\/\/mod.wisdar.net\/tr\/wp-json\/wp\/v2\/media?parent=166434"}],"wp:term":[{"taxonomy":"product_brand","embeddable":true,"href":"https:\/\/mod.wisdar.net\/tr\/wp-json\/wp\/v2\/product_brand?post=166434"},{"taxonomy":"product_cat","embeddable":true,"href":"https:\/\/mod.wisdar.net\/tr\/wp-json\/wp\/v2\/product_cat?post=166434"},{"taxonomy":"product_tag","embeddable":true,"href":"https:\/\/mod.wisdar.net\/tr\/wp-json\/wp\/v2\/product_tag?post=166434"}],"curies":[{"name":"wp","href":"https:\/\/api.w.org\/{rel}","templated":true}]}}