{"id":166477,"date":"2026-03-05T21:15:24","date_gmt":"2026-03-05T21:15:24","guid":{"rendered":"https:\/\/modesthanim.com\/product\/kiz-cocuk-beli-lastikli-firfir-detayli-ispanyol-paca-pantolon\/"},"modified":"2026-04-11T04:40:49","modified_gmt":"2026-04-11T04:40:49","slug":"kiz-cocuk-beli-lastikli-firfir-detayli-ispanyol-paca-pantolon","status":"publish","type":"product","link":"https:\/\/mod.wisdar.net\/tr\/urun\/kiz-cocuk-beli-lastikli-firfir-detayli-ispanyol-paca-pantolon\/","title":{"rendered":"K\u0131z \u00c7ocuk Beli Lastikli F\u0131rf\u0131r Detayl\u0131 \u0130spanyol Pa\u00e7a Pantolon"},"content":{"rendered":"<p>Dar kesim pantolon, \u0130spanyol pa\u00e7a kesimi ve f\u0131rf\u0131r detaylar\u0131yla dikkat \u00e7ekiyor. Yumu\u015fak kuma\u015f\u0131 sayesinde esneklik ve rahatl\u0131k sunan pantolon, hareketli oyun saatlerinde miniklerin en sevdi\u011fi par\u00e7a olacak. Ayr\u0131ca f\u0131rf\u0131rl\u0131 pa\u00e7a detay\u0131, pantolona e\u011flenceli bir dokunu\u015f kat\u0131yor. \u00c7ocu\u011funuzun gard\u0131robuna enerji katacak pantolon, hem okul hem de g\u00fcnl\u00fck kullan\u0131mlar i\u00e7in ideal bir se\u00e7enek.<\/p>\n<p>\u00dcr\u00fcn \u00d6zellikleri<br \/>\nBel Tipi: Normal Bel<br \/>\nKullan\u0131m Alan\u0131: G\u00fcnl\u00fck Giyim, \u00d6zel G\u00fcnler<\/p>\n<p>Koton k\u0131z \u00e7ocuk giyim koleksiyonu, renkli ve e\u011flenceli tasar\u0131mlar\u0131yla miniklerin gard\u0131robunu canland\u0131r\u0131yor! Koton&#8217;un rahat ve \u015f\u0131k tasar\u0131mlar\u0131 miniklerin d\u00fcnyas\u0131n\u0131 renklendiriyor.<\/p>\n","protected":false},"excerpt":{"rendered":"<p>Dar kesim pantolon, \u0130spanyol pa\u00e7a kesimi ve f\u0131rf\u0131r detaylar\u0131yla dikkat \u00e7ekiyor. Yumu\u015fak kuma\u015f\u0131 sayesinde esneklik ve rahatl\u0131k sunan pantolon, hareketli oyun saatlerinde miniklerin en sevdi\u011fi par\u00e7a olacak. Ayr\u0131ca f\u0131rf\u0131rl\u0131 pa\u00e7a detay\u0131, pantolona e\u011flenceli bir dokunu\u015f kat\u0131yor. \u00c7ocu\u011funuzun gard\u0131robuna enerji katacak pantolon, hem okul hem de g\u00fcnl\u00fck kullan\u0131mlar i\u00e7in ideal bir se\u00e7enek. \u00dcr\u00fcn \u00d6zellikleri Bel Tipi: [&hellip;]<\/p>\n","protected":false},"featured_media":166469,"comment_status":"open","ping_status":"closed","template":"","meta":[],"product_brand":[],"product_cat":[8715,8694,8727],"product_tag":[7426,7467,6765,7310],"class_list":{"0":"post-166477","1":"product","2":"type-product","3":"status-publish","4":"has-post-thumbnail","6":"product_cat-kiz-cocuklari-2-14-yas","7":"product_cat-cocuklar","8":"product_cat-pantolon","9":"product_tag-gunluk-giyim-3","10":"product_tag-ispanyol-paca","11":"product_tag-lastikli-bel","12":"product_tag-slim-fit","13":"pa_brand-koton","14":"pa_color-siyah","15":"pa_size-11-12-yas-2","16":"pa_size-13-14-yas-2","17":"pa_size-5-6-yas-2","18":"pa_size-6-7-yas-2","19":"pa_size-7-8-yas-2","20":"pa_size-9-10-yas-2","22":"first","23":"instock","24":"sale","25":"shipping-taxable","26":"purchasable","27":"product-type-variable"},"_links":{"self":[{"href":"https:\/\/mod.wisdar.net\/tr\/wp-json\/wp\/v2\/product\/166477","targetHints":{"allow":["GET"]}}],"collection":[{"href":"https:\/\/mod.wisdar.net\/tr\/wp-json\/wp\/v2\/product"}],"about":[{"href":"https:\/\/mod.wisdar.net\/tr\/wp-json\/wp\/v2\/types\/product"}],"replies":[{"embeddable":true,"href":"https:\/\/mod.wisdar.net\/tr\/wp-json\/wp\/v2\/comments?post=166477"}],"wp:featuredmedia":[{"embeddable":true,"href":"https:\/\/mod.wisdar.net\/tr\/wp-json\/wp\/v2\/media\/166469"}],"wp:attachment":[{"href":"https:\/\/mod.wisdar.net\/tr\/wp-json\/wp\/v2\/media?parent=166477"}],"wp:term":[{"taxonomy":"product_brand","embeddable":true,"href":"https:\/\/mod.wisdar.net\/tr\/wp-json\/wp\/v2\/product_brand?post=166477"},{"taxonomy":"product_cat","embeddable":true,"href":"https:\/\/mod.wisdar.net\/tr\/wp-json\/wp\/v2\/product_cat?post=166477"},{"taxonomy":"product_tag","embeddable":true,"href":"https:\/\/mod.wisdar.net\/tr\/wp-json\/wp\/v2\/product_tag?post=166477"}],"curies":[{"name":"wp","href":"https:\/\/api.w.org\/{rel}","templated":true}]}}