{"id":166510,"date":"2026-03-05T21:15:52","date_gmt":"2026-03-05T21:15:52","guid":{"rendered":"https:\/\/modesthanim.com\/product\/kiz-cocuk-dugme-detayli-viskon-karisimli-genis-paca-pantolon\/"},"modified":"2026-03-05T21:16:23","modified_gmt":"2026-03-05T21:16:23","slug":"kiz-cocuk-dugme-detayli-viskon-karisimli-genis-paca-pantolon","status":"publish","type":"product","link":"https:\/\/mod.wisdar.net\/tr\/urun\/kiz-cocuk-dugme-detayli-viskon-karisimli-genis-paca-pantolon\/","title":{"rendered":"K\u0131z \u00c7ocuk D\u00fc\u011fme Detayl\u0131 Viskon Kar\u0131\u015f\u0131ml\u0131 Geni\u015f Pa\u00e7a Pantolon"},"content":{"rendered":"<p>Geni\u015f pa\u00e7a pantolon, slim kesimi ve geni\u015f pa\u00e7a yap\u0131s\u0131yla \u00f6ne \u00e7\u0131k\u0131yor. Yan ceplerle pratik bir kullan\u0131m sunarken, d\u00fc\u011fme detaylar\u0131yla estetik bir g\u00f6r\u00fcn\u00fcm kazand\u0131r\u0131yor. Hem g\u00fcnl\u00fck hem de \u00f6zel g\u00fcnlerde tercih edilebilecek bu pantolon, viskon kar\u0131\u015f\u0131ml\u0131 kuma\u015f\u0131yla konforlu bir deneyim sunuyor. K\u0131z \u00e7ocuklar i\u00e7in ideal olan pantolon, her ortamda rahatl\u0131kla kullan\u0131labilir.<\/p>\n<p>\u00dcr\u00fcn \u00d6zellikleri<br \/>\nKuma\u015f: %50 Viskon, %4 Elastan, %46 Polyester<br \/>\nBel Tipi: Normal Bel<br \/>\nCep: Yan Cep<br \/>\nFit Tipi: Slim<br \/>\nEkstra Detay: D\u00fc\u011fmeli<br \/>\nKullan\u0131m Alan\u0131: G\u00fcnl\u00fck Giyim, \u00d6zel G\u00fcnler<\/p>\n<p>Koton k\u0131z \u00e7ocuk giyim koleksiyonu, her an \u015f\u0131kl\u0131\u011f\u0131 ve rahatl\u0131\u011f\u0131 bir arada sunuyor! Minikler i\u00e7in \u00f6zel tasar\u0131mlar Koton \u00e7ocuk koleksiyonunda sizleri bekliyor!<\/p>\n","protected":false},"excerpt":{"rendered":"<p>Geni\u015f pa\u00e7a pantolon, slim kesimi ve geni\u015f pa\u00e7a yap\u0131s\u0131yla \u00f6ne \u00e7\u0131k\u0131yor. Yan ceplerle pratik bir kullan\u0131m sunarken, d\u00fc\u011fme detaylar\u0131yla estetik bir g\u00f6r\u00fcn\u00fcm kazand\u0131r\u0131yor. Hem g\u00fcnl\u00fck hem de \u00f6zel g\u00fcnlerde tercih edilebilecek bu pantolon, viskon kar\u0131\u015f\u0131ml\u0131 kuma\u015f\u0131yla konforlu bir deneyim sunuyor. K\u0131z \u00e7ocuklar i\u00e7in ideal olan pantolon, her ortamda rahatl\u0131kla kullan\u0131labilir. \u00dcr\u00fcn \u00d6zellikleri Kuma\u015f: %50 Viskon, [&hellip;]<\/p>\n","protected":false},"featured_media":166506,"comment_status":"open","ping_status":"closed","template":"","meta":[],"product_brand":[],"product_cat":[8715,8694,8727],"product_tag":[7444,6749],"class_list":{"0":"post-166510","1":"product","2":"type-product","3":"status-publish","4":"has-post-thumbnail","6":"product_cat-kiz-cocuklari-2-14-yas","7":"product_cat-cocuklar","8":"product_cat-pantolon","9":"product_tag-jarse","10":"product_tag-pantolon","11":"pa_brand-koton","12":"pa_color-lacivert","13":"pa_size-11-12-yas-2","14":"pa_size-13-14-yas-2","15":"pa_size-5-6-yas-2","16":"pa_size-6-7-yas-2","17":"pa_size-7-8-yas-2","18":"pa_size-9-10-yas-2","20":"first","21":"instock","22":"sale","23":"shipping-taxable","24":"purchasable","25":"product-type-variable"},"_links":{"self":[{"href":"https:\/\/mod.wisdar.net\/tr\/wp-json\/wp\/v2\/product\/166510","targetHints":{"allow":["GET"]}}],"collection":[{"href":"https:\/\/mod.wisdar.net\/tr\/wp-json\/wp\/v2\/product"}],"about":[{"href":"https:\/\/mod.wisdar.net\/tr\/wp-json\/wp\/v2\/types\/product"}],"replies":[{"embeddable":true,"href":"https:\/\/mod.wisdar.net\/tr\/wp-json\/wp\/v2\/comments?post=166510"}],"wp:featuredmedia":[{"embeddable":true,"href":"https:\/\/mod.wisdar.net\/tr\/wp-json\/wp\/v2\/media\/166506"}],"wp:attachment":[{"href":"https:\/\/mod.wisdar.net\/tr\/wp-json\/wp\/v2\/media?parent=166510"}],"wp:term":[{"taxonomy":"product_brand","embeddable":true,"href":"https:\/\/mod.wisdar.net\/tr\/wp-json\/wp\/v2\/product_brand?post=166510"},{"taxonomy":"product_cat","embeddable":true,"href":"https:\/\/mod.wisdar.net\/tr\/wp-json\/wp\/v2\/product_cat?post=166510"},{"taxonomy":"product_tag","embeddable":true,"href":"https:\/\/mod.wisdar.net\/tr\/wp-json\/wp\/v2\/product_tag?post=166510"}],"curies":[{"name":"wp","href":"https:\/\/api.w.org\/{rel}","templated":true}]}}