{"id":166550,"date":"2026-03-05T21:16:31","date_gmt":"2026-03-05T21:16:31","guid":{"rendered":"https:\/\/modesthanim.com\/product\/kiz-cocuk-uzun-kollu-bisiklet-yaka-dantel-detayli-pamuklu-sweatshirt\/"},"modified":"2026-04-02T20:19:01","modified_gmt":"2026-04-02T20:19:01","slug":"kiz-cocuk-uzun-kollu-bisiklet-yaka-dantel-detayli-pamuklu-sweatshirt","status":"publish","type":"product","link":"https:\/\/mod.wisdar.net\/tr\/urun\/kiz-cocuk-uzun-kollu-bisiklet-yaka-dantel-detayli-pamuklu-sweatshirt\/","title":{"rendered":"K\u0131z \u00c7ocuk Uzun Kollu Bisiklet Yaka Dantel Detayl\u0131 Pamuklu Sweatshirt"},"content":{"rendered":"<p>Pamuklu sweatshirt, sevimli ve kullan\u0131\u015fl\u0131 detaylarla \u00f6ne \u00e7\u0131k\u0131yor. Bisiklet yakas\u0131 ve uzun kollu yap\u0131s\u0131 g\u00fcn boyu rahatl\u0131k sunarak \u00e7ocuklar\u0131n hareket \u00f6zg\u00fcrl\u00fc\u011f\u00fcn\u00fc destekliyor. Dantel detaylar\u0131, \u00e7ocuklar\u0131nsevimli b ir g\u00f6r\u00fcn\u00fcm kat\u0131yor. Sweatshirt, \u00e7e\u015fitli k\u0131yafetlerle kolayca kombin edilebiliyor ve her mevsim giyilebilir tarz\u0131yla be\u011feni topluyor.<\/p>\n<p>\u00dcr\u00fcn \u00d6zellikleri<br \/>\nKol Tipi: Uzun Kol<br \/>\nYaka Tipi: Bisiklet Yaka<br \/>\nKuma\u015f: %100 Pamuk<br \/>\nKullan\u0131m Alan\u0131: G\u00fcnl\u00fck Giyim, Spor Giyim<\/p>\n<p>Koton k\u0131z \u00e7ocuk giyim koleksiyonu, c\u0131v\u0131l c\u0131v\u0131l tasar\u0131mlar\u0131yla miniklerin kalbini \u00e7al\u0131yor! \u015eimdi Koton Kids ile e\u011flenceli ve enerjik koleksiyonunu ke\u015ffedin!<\/p>\n<p>\u2014 Technical Details \u2014<br \/>\nkol_tipi: Uzun Kol<br \/>\nyaka_tipi: Bisiklet Yaka<br \/>\nkullan\u0131m_alan\u0131: G\u00fcnl\u00fck Giyim, Spor Giyim<\/p>\n","protected":false},"excerpt":{"rendered":"<p>Pamuklu sweatshirt, sevimli ve kullan\u0131\u015fl\u0131 detaylarla \u00f6ne \u00e7\u0131k\u0131yor. Bisiklet yakas\u0131 ve uzun kollu yap\u0131s\u0131 g\u00fcn boyu rahatl\u0131k sunarak \u00e7ocuklar\u0131n hareket \u00f6zg\u00fcrl\u00fc\u011f\u00fcn\u00fc destekliyor. Dantel detaylar\u0131, \u00e7ocuklar\u0131nsevimli b ir g\u00f6r\u00fcn\u00fcm kat\u0131yor. Sweatshirt, \u00e7e\u015fitli k\u0131yafetlerle kolayca kombin edilebiliyor ve her mevsim giyilebilir tarz\u0131yla be\u011feni topluyor. \u00dcr\u00fcn \u00d6zellikleri Kol Tipi: Uzun Kol Yaka Tipi: Bisiklet Yaka Kuma\u015f: %100 Pamuk [&hellip;]<\/p>\n","protected":false},"featured_media":166545,"comment_status":"open","ping_status":"closed","template":"","meta":[],"product_brand":[],"product_cat":[8715,8694,8724],"product_tag":[8117,7623,7426,7424,6768],"class_list":{"0":"post-166550","1":"product","2":"type-product","3":"status-publish","4":"has-post-thumbnail","6":"product_cat-kiz-cocuklari-2-14-yas","7":"product_cat-cocuklar","8":"product_cat-tisortler-bluzlar","9":"product_tag-bogazli-2","10":"product_tag-dantel-detayli","11":"product_tag-gunluk-giyim-3","12":"product_tag-spor-giyim","13":"product_tag-uzun-kol","14":"pa_brand-koton","15":"pa_color-bej","16":"pa_size-11-12-yas-2","17":"pa_size-13-14-yas-2","18":"pa_size-5-6-yas-2","19":"pa_size-6-7-yas-2","20":"pa_size-7-8-yas-2","21":"pa_size-9-10-yas-2","23":"first","24":"instock","25":"sale","26":"shipping-taxable","27":"purchasable","28":"product-type-variable"},"_links":{"self":[{"href":"https:\/\/mod.wisdar.net\/tr\/wp-json\/wp\/v2\/product\/166550","targetHints":{"allow":["GET"]}}],"collection":[{"href":"https:\/\/mod.wisdar.net\/tr\/wp-json\/wp\/v2\/product"}],"about":[{"href":"https:\/\/mod.wisdar.net\/tr\/wp-json\/wp\/v2\/types\/product"}],"replies":[{"embeddable":true,"href":"https:\/\/mod.wisdar.net\/tr\/wp-json\/wp\/v2\/comments?post=166550"}],"wp:featuredmedia":[{"embeddable":true,"href":"https:\/\/mod.wisdar.net\/tr\/wp-json\/wp\/v2\/media\/166545"}],"wp:attachment":[{"href":"https:\/\/mod.wisdar.net\/tr\/wp-json\/wp\/v2\/media?parent=166550"}],"wp:term":[{"taxonomy":"product_brand","embeddable":true,"href":"https:\/\/mod.wisdar.net\/tr\/wp-json\/wp\/v2\/product_brand?post=166550"},{"taxonomy":"product_cat","embeddable":true,"href":"https:\/\/mod.wisdar.net\/tr\/wp-json\/wp\/v2\/product_cat?post=166550"},{"taxonomy":"product_tag","embeddable":true,"href":"https:\/\/mod.wisdar.net\/tr\/wp-json\/wp\/v2\/product_tag?post=166550"}],"curies":[{"name":"wp","href":"https:\/\/api.w.org\/{rel}","templated":true}]}}