{"id":166589,"date":"2026-03-05T21:17:11","date_gmt":"2026-03-05T21:17:11","guid":{"rendered":"https:\/\/modesthanim.com\/product\/kiz-cocuk-kisa-kollu-bisiklet-yaka-pileli-elbise\/"},"modified":"2026-04-15T20:39:48","modified_gmt":"2026-04-15T20:39:48","slug":"kiz-cocuk-kisa-kollu-bisiklet-yaka-pileli-elbise","status":"publish","type":"product","link":"https:\/\/mod.wisdar.net\/tr\/urun\/kiz-cocuk-kisa-kollu-bisiklet-yaka-pileli-elbise\/","title":{"rendered":"K\u0131z \u00c7ocuk K\u0131sa Kollu Bisiklet Yaka Pileli Elbise"},"content":{"rendered":"<p>K\u0131sa kollu bisiklet yaka elbise, miniklerin dolab\u0131na sevimli bir par\u00e7a kat\u0131yor. Pileli elbise, yumu\u015fak dokusuyla konfor sunuyor. Diz \u00fcst\u00fc boyu ve klo\u015f kesimi sayesinde hareket \u00f6zg\u00fcrl\u00fc\u011f\u00fc sa\u011fl\u0131yor, miniklerin sevimli ve enerjik g\u00f6r\u00fcnmesini destekliyor.<\/p>\n<p>\u00dcr\u00fcn \u00d6zellikleri<br \/>\nKol Tipi: K\u0131sa Kol<br \/>\nYaka Tipi: Bisiklet Yaka<br \/>\nKullan\u0131m Alan\u0131: G\u00fcnl\u00fck Giyim, \u00d6zel G\u00fcnler<\/p>\n<p>Koton k\u0131z \u00e7ocuk giyim koleksiyonu, c\u0131v\u0131l c\u0131v\u0131l tasar\u0131mlar\u0131yla miniklerin kalbini \u00e7al\u0131yor! E\u011flenceli ve enerjik tasar\u0131mlar i\u00e7in Koton Kids koleksiyonunu ke\u015ffedin!<\/p>\n<p>\u2014 Technical Details \u2014<br \/>\nKol Tipi: K\u0131sa Kol<br \/>\nYaka Tipi: Bisiklet Yaka<br \/>\nKullan\u0131m Alan\u0131: G\u00fcnl\u00fck Giyim, \u00d6zel G\u00fcnler<br \/>\nSil\u00fcet: Klo\u015f (Tam Daire)<br \/>\n\u00dcr\u00fcn Tipi \/ Stil: Klo\u015f (Tam Daire)<br \/>\n\u00dcr\u00fcn\u00fcn Alt Markas\u0131: Kidswear<br \/>\nSat\u0131c\u0131\/\u0130malat\u00e7\u0131\/\u0130thalat\u00e7\u0131 \u0130smi: Koton Ma\u011fazac\u0131l\u0131k Tekstil Sanayi ve Ticaret A.\u015e.<br \/>\nPosta Adresi: Ayaza\u011fa Mah. Maslak Ayaza\u011fa Cad. No:3 \u0130\u00e7 Kap\u0131 No:5 Sar\u0131yer\/\u0130stanbul<br \/>\nE-Posta Adresi: mim@koton.com<\/p>\n","protected":false},"excerpt":{"rendered":"<p>K\u0131sa kollu bisiklet yaka elbise, miniklerin dolab\u0131na sevimli bir par\u00e7a kat\u0131yor. Pileli elbise, yumu\u015fak dokusuyla konfor sunuyor. Diz \u00fcst\u00fc boyu ve klo\u015f kesimi sayesinde hareket \u00f6zg\u00fcrl\u00fc\u011f\u00fc sa\u011fl\u0131yor, miniklerin sevimli ve enerjik g\u00f6r\u00fcnmesini destekliyor. \u00dcr\u00fcn \u00d6zellikleri Kol Tipi: K\u0131sa Kol Yaka Tipi: Bisiklet Yaka Kullan\u0131m Alan\u0131: G\u00fcnl\u00fck Giyim, \u00d6zel G\u00fcnler Koton k\u0131z \u00e7ocuk giyim koleksiyonu, c\u0131v\u0131l [&hellip;]<\/p>\n","protected":false},"featured_media":166585,"comment_status":"open","ping_status":"closed","template":"","meta":[],"product_brand":[],"product_cat":[8718,8715,8694],"product_tag":[8023,7426,6772],"class_list":{"0":"post-166589","1":"product","2":"type-product","3":"status-publish","4":"has-post-thumbnail","6":"product_cat-elbiseler-etekler","7":"product_cat-kiz-cocuklari-2-14-yas","8":"product_cat-cocuklar","9":"product_tag-bisiklet-yaka","10":"product_tag-gunluk-giyim-3","11":"product_tag-ozel-gun","12":"pa_brand-koton","13":"pa_color-pembe","14":"pa_size-11-12-yas-2","15":"pa_size-13-14-yas-2","16":"pa_size-5-6-yas-2","17":"pa_size-6-7-yas-2","18":"pa_size-7-8-yas-2","19":"pa_size-9-10-yas-2","21":"first","22":"instock","23":"sale","24":"shipping-taxable","25":"purchasable","26":"product-type-variable"},"_links":{"self":[{"href":"https:\/\/mod.wisdar.net\/tr\/wp-json\/wp\/v2\/product\/166589","targetHints":{"allow":["GET"]}}],"collection":[{"href":"https:\/\/mod.wisdar.net\/tr\/wp-json\/wp\/v2\/product"}],"about":[{"href":"https:\/\/mod.wisdar.net\/tr\/wp-json\/wp\/v2\/types\/product"}],"replies":[{"embeddable":true,"href":"https:\/\/mod.wisdar.net\/tr\/wp-json\/wp\/v2\/comments?post=166589"}],"wp:featuredmedia":[{"embeddable":true,"href":"https:\/\/mod.wisdar.net\/tr\/wp-json\/wp\/v2\/media\/166585"}],"wp:attachment":[{"href":"https:\/\/mod.wisdar.net\/tr\/wp-json\/wp\/v2\/media?parent=166589"}],"wp:term":[{"taxonomy":"product_brand","embeddable":true,"href":"https:\/\/mod.wisdar.net\/tr\/wp-json\/wp\/v2\/product_brand?post=166589"},{"taxonomy":"product_cat","embeddable":true,"href":"https:\/\/mod.wisdar.net\/tr\/wp-json\/wp\/v2\/product_cat?post=166589"},{"taxonomy":"product_tag","embeddable":true,"href":"https:\/\/mod.wisdar.net\/tr\/wp-json\/wp\/v2\/product_tag?post=166589"}],"curies":[{"name":"wp","href":"https:\/\/api.w.org\/{rel}","templated":true}]}}