{"id":166626,"date":"2026-03-05T21:17:48","date_gmt":"2026-03-05T21:17:48","guid":{"rendered":"https:\/\/modesthanim.com\/product\/kiz-cocuk-fiyonklu-bisiklet-yaka-kolsuz-viskon-karisimli-tulum\/"},"modified":"2026-04-15T20:42:43","modified_gmt":"2026-04-15T20:42:43","slug":"kiz-cocuk-fiyonklu-bisiklet-yaka-kolsuz-viskon-karisimli-tulum","status":"publish","type":"product","link":"https:\/\/mod.wisdar.net\/tr\/urun\/kiz-cocuk-fiyonklu-bisiklet-yaka-kolsuz-viskon-karisimli-tulum\/","title":{"rendered":"K\u0131z \u00c7ocuk Fiyonklu Bisiklet Yaka Kolsuz Viskon Kar\u0131\u015f\u0131ml\u0131 Tulum"},"content":{"rendered":"<p>Ekoseli deseni ile \u00f6ne \u00e7\u0131kan tulum, fiyonk detayl\u0131 tasar\u0131m\u0131yla sevimli ve enerji dolu bir g\u00f6r\u00fcn\u00fcm sunuyor. Yumu\u015fak ve viskon kar\u0131\u015f\u0131ml\u0131 kuma\u015f\u0131 sayesinde g\u00fcn boyu konfor sa\u011fl\u0131yor ve \u00e7ocuklar\u0131n en sevdi\u011fi par\u00e7alar aras\u0131nda yer al\u0131yor. Modern  bir tasar\u0131ma sahip olan tulum, miniklerin favori par\u00e7alar\u0131ndan biri olmaya aday!<\/p>\n<p>\u00dcr\u00fcn \u00d6zellikleri<br \/>\nKol Tipi: Kolsuz<br \/>\nYaka Tipi: Bisiklet Yaka<br \/>\nDetay: Fiyonklu<br \/>\nKullan\u0131m Alan\u0131: G\u00fcnl\u00fck Giyim<\/p>\n<p>Koton k\u0131z \u00e7ocuk giyim koleksiyonu, c\u0131v\u0131l c\u0131v\u0131l tasar\u0131mlar\u0131yla miniklerin kalbini \u00e7al\u0131yor! Koton Kids ile e\u011flenceli ve enerjik \u00e7ocuk koleksiyonunu ke\u015ffedin!<\/p>\n","protected":false},"excerpt":{"rendered":"<p>Ekoseli deseni ile \u00f6ne \u00e7\u0131kan tulum, fiyonk detayl\u0131 tasar\u0131m\u0131yla sevimli ve enerji dolu bir g\u00f6r\u00fcn\u00fcm sunuyor. Yumu\u015fak ve viskon kar\u0131\u015f\u0131ml\u0131 kuma\u015f\u0131 sayesinde g\u00fcn boyu konfor sa\u011fl\u0131yor ve \u00e7ocuklar\u0131n en sevdi\u011fi par\u00e7alar aras\u0131nda yer al\u0131yor. Modern bir tasar\u0131ma sahip olan tulum, miniklerin favori par\u00e7alar\u0131ndan biri olmaya aday! \u00dcr\u00fcn \u00d6zellikleri Kol Tipi: Kolsuz Yaka Tipi: Bisiklet Yaka [&hellip;]<\/p>\n","protected":false},"featured_media":166621,"comment_status":"open","ping_status":"closed","template":"","meta":[],"product_brand":[],"product_cat":[8718,8715,8694],"product_tag":[7444],"class_list":{"0":"post-166626","1":"product","2":"type-product","3":"status-publish","4":"has-post-thumbnail","6":"product_cat-elbiseler-etekler","7":"product_cat-kiz-cocuklari-2-14-yas","8":"product_cat-cocuklar","9":"product_tag-jarse","10":"pa_brand-koton","11":"pa_color-lacivert-ekose","12":"pa_size-11-12-yas-2","13":"pa_size-13-14-yas-2","14":"pa_size-5-6-yas-2","15":"pa_size-6-7-yas-2","16":"pa_size-7-8-yas-2","17":"pa_size-9-10-yas-2","19":"first","20":"outofstock","21":"shipping-taxable","22":"product-type-variable"},"_links":{"self":[{"href":"https:\/\/mod.wisdar.net\/tr\/wp-json\/wp\/v2\/product\/166626","targetHints":{"allow":["GET"]}}],"collection":[{"href":"https:\/\/mod.wisdar.net\/tr\/wp-json\/wp\/v2\/product"}],"about":[{"href":"https:\/\/mod.wisdar.net\/tr\/wp-json\/wp\/v2\/types\/product"}],"replies":[{"embeddable":true,"href":"https:\/\/mod.wisdar.net\/tr\/wp-json\/wp\/v2\/comments?post=166626"}],"wp:featuredmedia":[{"embeddable":true,"href":"https:\/\/mod.wisdar.net\/tr\/wp-json\/wp\/v2\/media\/166621"}],"wp:attachment":[{"href":"https:\/\/mod.wisdar.net\/tr\/wp-json\/wp\/v2\/media?parent=166626"}],"wp:term":[{"taxonomy":"product_brand","embeddable":true,"href":"https:\/\/mod.wisdar.net\/tr\/wp-json\/wp\/v2\/product_brand?post=166626"},{"taxonomy":"product_cat","embeddable":true,"href":"https:\/\/mod.wisdar.net\/tr\/wp-json\/wp\/v2\/product_cat?post=166626"},{"taxonomy":"product_tag","embeddable":true,"href":"https:\/\/mod.wisdar.net\/tr\/wp-json\/wp\/v2\/product_tag?post=166626"}],"curies":[{"name":"wp","href":"https:\/\/api.w.org\/{rel}","templated":true}]}}