{"id":166665,"date":"2026-03-05T21:18:23","date_gmt":"2026-03-05T21:18:23","guid":{"rendered":"https:\/\/modesthanim.com\/product\/kiz-cocuk-uzun-kollu-firfir-detayli-bisiklet-yaka-pamuklu-bluz\/"},"modified":"2026-04-15T21:43:16","modified_gmt":"2026-04-15T21:43:16","slug":"kiz-cocuk-uzun-kollu-firfir-detayli-bisiklet-yaka-pamuklu-bluz","status":"publish","type":"product","link":"https:\/\/mod.wisdar.net\/tr\/urun\/kiz-cocuk-uzun-kollu-firfir-detayli-bisiklet-yaka-pamuklu-bluz\/","title":{"rendered":"K\u0131z \u00c7ocuk Uzun Kollu F\u0131rf\u0131r Detayl\u0131 Bisiklet Yaka Pamuklu Bluz"},"content":{"rendered":"<p>Pamuklu bluz, \u00e7ocuklar\u0131n\u0131n gard\u0131robuna zarif bir dokunu\u015f kat\u0131yor. Pamuklu dokusu ile g\u00fcn boyu konfor sa\u011fl\u0131yor. Uzun balon kollar\u0131 ve geni\u015f bisiklet yakas\u0131, \u015f\u0131k bir g\u00f6r\u00fcn\u00fcm sunarken, f\u0131rf\u0131r detaylar\u0131 tasar\u0131ma hareket kat\u0131yor. Pamuklu bluz, minikler i\u00e7in her mevsim tercih edilebilir bir par\u00e7a sunuyor.<br \/>\n\u00dcr\u00fcn \u00d6zellikleri<br \/>\nKol Tipi: Uzun Kol<br \/>\nYaka Tipi: Bisiklet Yaka<br \/>\nKuma\u015f: %100 Pamuk<br \/>\nDetay: F\u0131rf\u0131r Detayl\u0131<br \/>\nKullan\u0131m Alan\u0131: G\u00fcnl\u00fck Giyim<br \/>\nKoton k\u0131z \u00e7ocuk giyim koleksiyonu, sevimli ve zarif tasar\u0131mlar\u0131yla miniklerin kalbini \u00e7al\u0131yor! Koton Kids&#8217;in e\u011flenceli ve enerjik koleksiyonunu ke\u015ffedin!<\/p>\n<p>\u2014 Technical Details \u2014<br \/>\nKuma\u015f: %100 PAMUK<br \/>\nKol Boyu: Uzun Kol<br \/>\nKol Tipi: Balon Kol<br \/>\nYaka Tipi: Bisiklet Yaka<br \/>\nSil\u00fcet: Klasik<br \/>\n\u00dcr\u00fcn Tipi \/ Stil: Klasik<br \/>\n\u00dcr\u00fcn\u00fcn Alt Markas\u0131: Kidswear<br \/>\nSat\u0131c\u0131\/\u0130malat\u00e7\u0131\/\u0130thalat\u00e7\u0131 \u0130smi: Koton Ma\u011fazac\u0131l\u0131k Tekstil Sanayi ve Ticaret A.\u015e.<br \/>\nPosta Adresi: Ayaza\u011fa Mah. Maslak Ayaza\u011fa Cad. No:3 \u0130\u00e7 Kap\u0131 No:5 Sar\u0131yer\/\u0130stanbul<br \/>\nE-Posta Adresi: mim@koton.com<\/p>\n","protected":false},"excerpt":{"rendered":"<p>Pamuklu bluz, \u00e7ocuklar\u0131n\u0131n gard\u0131robuna zarif bir dokunu\u015f kat\u0131yor. Pamuklu dokusu ile g\u00fcn boyu konfor sa\u011fl\u0131yor. Uzun balon kollar\u0131 ve geni\u015f bisiklet yakas\u0131, \u015f\u0131k bir g\u00f6r\u00fcn\u00fcm sunarken, f\u0131rf\u0131r detaylar\u0131 tasar\u0131ma hareket kat\u0131yor. Pamuklu bluz, minikler i\u00e7in her mevsim tercih edilebilir bir par\u00e7a sunuyor. \u00dcr\u00fcn \u00d6zellikleri Kol Tipi: Uzun Kol Yaka Tipi: Bisiklet Yaka Kuma\u015f: %100 Pamuk [&hellip;]<\/p>\n","protected":false},"featured_media":166659,"comment_status":"open","ping_status":"closed","template":"","meta":[],"product_brand":[],"product_cat":[8715,8694,8724],"product_tag":[7426,6768],"class_list":{"0":"post-166665","1":"product","2":"type-product","3":"status-publish","4":"has-post-thumbnail","6":"product_cat-kiz-cocuklari-2-14-yas","7":"product_cat-cocuklar","8":"product_cat-tisortler-bluzlar","9":"product_tag-gunluk-giyim-3","10":"product_tag-uzun-kol","11":"pa_brand-koton","12":"pa_color-ekru","13":"pa_size-11-12-yas-2","14":"pa_size-13-14-yas-2","15":"pa_size-5-6-yas-2","16":"pa_size-6-7-yas-2","17":"pa_size-7-8-yas-2","18":"pa_size-9-10-yas-2","20":"first","21":"instock","22":"sale","23":"shipping-taxable","24":"purchasable","25":"product-type-variable"},"_links":{"self":[{"href":"https:\/\/mod.wisdar.net\/tr\/wp-json\/wp\/v2\/product\/166665","targetHints":{"allow":["GET"]}}],"collection":[{"href":"https:\/\/mod.wisdar.net\/tr\/wp-json\/wp\/v2\/product"}],"about":[{"href":"https:\/\/mod.wisdar.net\/tr\/wp-json\/wp\/v2\/types\/product"}],"replies":[{"embeddable":true,"href":"https:\/\/mod.wisdar.net\/tr\/wp-json\/wp\/v2\/comments?post=166665"}],"wp:featuredmedia":[{"embeddable":true,"href":"https:\/\/mod.wisdar.net\/tr\/wp-json\/wp\/v2\/media\/166659"}],"wp:attachment":[{"href":"https:\/\/mod.wisdar.net\/tr\/wp-json\/wp\/v2\/media?parent=166665"}],"wp:term":[{"taxonomy":"product_brand","embeddable":true,"href":"https:\/\/mod.wisdar.net\/tr\/wp-json\/wp\/v2\/product_brand?post=166665"},{"taxonomy":"product_cat","embeddable":true,"href":"https:\/\/mod.wisdar.net\/tr\/wp-json\/wp\/v2\/product_cat?post=166665"},{"taxonomy":"product_tag","embeddable":true,"href":"https:\/\/mod.wisdar.net\/tr\/wp-json\/wp\/v2\/product_tag?post=166665"}],"curies":[{"name":"wp","href":"https:\/\/api.w.org\/{rel}","templated":true}]}}