{"id":166696,"date":"2026-03-05T21:18:52","date_gmt":"2026-03-05T21:18:52","guid":{"rendered":"https:\/\/modesthanim.com\/product\/fiyonklu-bisiklet-yaka-kolsuz-jile-elbise\/"},"modified":"2026-03-05T21:19:21","modified_gmt":"2026-03-05T21:19:21","slug":"fiyonklu-bisiklet-yaka-kolsuz-jile-elbise","status":"publish","type":"product","link":"https:\/\/mod.wisdar.net\/tr\/urun\/fiyonklu-bisiklet-yaka-kolsuz-jile-elbise\/","title":{"rendered":"Fiyonklu Bisiklet Yaka Kolsuz Jile Elbise"},"content":{"rendered":"<p>Jile elbise, fiyonklu tasar\u0131m\u0131yla \u00e7ocuklar i\u00e7in m\u00fckemmel bir se\u00e7enek sunuyor. Kolsuz yap\u0131s\u0131 ve bisiklet yaka tasar\u0131m\u0131yla miniklere konfor sa\u011fl\u0131yor. Arka taraf\u0131ndaki d\u00fc\u011fme detaylar\u0131 sayesinde kolayca giyilip \u00e7\u0131kar\u0131labilirken, miniklerin gard\u0131robuna ne\u015fe kat\u0131yor.<\/p>\n<p>\u00dcr\u00fcn \u00d6zellikleri<br \/>\nKol Tipi: Kolsuz<br \/>\nYaka Tipi: Bisiklet Yaka<br \/>\nDetay: Fiyonklu<br \/>\nKullan\u0131m Alan\u0131: G\u00fcnl\u00fck Giyim, \u00d6zel G\u00fcnler<\/p>\n<p>\u2014 Technical Details \u2014<br \/>\nKuma\u015f: %14 ELASTAN, %86 POL\u0130ESTER<br \/>\nKol Boyu: Kolsuz<br \/>\nKol Tipi: Kolsuz<br \/>\nYaka Tipi: Bisiklet Yaka<br \/>\nSil\u00fcet: Jile Elbise<br \/>\n\u00dcr\u00fcn Tipi \/ Stil: Jile Elbise<br \/>\n\u00dcr\u00fcn\u00fcn Alt Markas\u0131: Kidswear<br \/>\nSat\u0131c\u0131\/\u0130malat\u00e7\u0131\/\u0130thalat\u00e7\u0131 \u0130smi: Koton Ma\u011fazac\u0131l\u0131k Tekstil Sanayi ve Ticaret A.\u015e.<br \/>\nPosta Adresi: Ayaza\u011fa Mah. Maslak Ayaza\u011fa Cad. No:3 \u0130\u00e7 Kap\u0131 No:5 Sar\u0131yer\/\u0130stanbul<br \/>\nE-Posta Adresi: mim@koton.com<\/p>\n","protected":false},"excerpt":{"rendered":"<p>Jile elbise, fiyonklu tasar\u0131m\u0131yla \u00e7ocuklar i\u00e7in m\u00fckemmel bir se\u00e7enek sunuyor. Kolsuz yap\u0131s\u0131 ve bisiklet yaka tasar\u0131m\u0131yla miniklere konfor sa\u011fl\u0131yor. Arka taraf\u0131ndaki d\u00fc\u011fme detaylar\u0131 sayesinde kolayca giyilip \u00e7\u0131kar\u0131labilirken, miniklerin gard\u0131robuna ne\u015fe kat\u0131yor. \u00dcr\u00fcn \u00d6zellikleri Kol Tipi: Kolsuz Yaka Tipi: Bisiklet Yaka Detay: Fiyonklu Kullan\u0131m Alan\u0131: G\u00fcnl\u00fck Giyim, \u00d6zel G\u00fcnler \u2014 Technical Details \u2014 Kuma\u015f: %14 ELASTAN, [&hellip;]<\/p>\n","protected":false},"featured_media":166693,"comment_status":"open","ping_status":"closed","template":"","meta":[],"product_brand":[],"product_cat":[8718,8715,8694],"product_tag":[],"class_list":{"0":"post-166696","1":"product","2":"type-product","3":"status-publish","4":"has-post-thumbnail","6":"product_cat-elbiseler-etekler","7":"product_cat-kiz-cocuklari-2-14-yas","8":"product_cat-cocuklar","9":"pa_brand-koton","10":"pa_color-pembe","11":"pa_size-11-12-yas-2","12":"pa_size-13-14-yas-2","13":"pa_size-5-6-yas-2","14":"pa_size-6-7-yas-2","15":"pa_size-7-8-yas-2","16":"pa_size-9-10-yas-2","18":"first","19":"instock","20":"sale","21":"shipping-taxable","22":"purchasable","23":"product-type-variable"},"_links":{"self":[{"href":"https:\/\/mod.wisdar.net\/tr\/wp-json\/wp\/v2\/product\/166696","targetHints":{"allow":["GET"]}}],"collection":[{"href":"https:\/\/mod.wisdar.net\/tr\/wp-json\/wp\/v2\/product"}],"about":[{"href":"https:\/\/mod.wisdar.net\/tr\/wp-json\/wp\/v2\/types\/product"}],"replies":[{"embeddable":true,"href":"https:\/\/mod.wisdar.net\/tr\/wp-json\/wp\/v2\/comments?post=166696"}],"wp:featuredmedia":[{"embeddable":true,"href":"https:\/\/mod.wisdar.net\/tr\/wp-json\/wp\/v2\/media\/166693"}],"wp:attachment":[{"href":"https:\/\/mod.wisdar.net\/tr\/wp-json\/wp\/v2\/media?parent=166696"}],"wp:term":[{"taxonomy":"product_brand","embeddable":true,"href":"https:\/\/mod.wisdar.net\/tr\/wp-json\/wp\/v2\/product_brand?post=166696"},{"taxonomy":"product_cat","embeddable":true,"href":"https:\/\/mod.wisdar.net\/tr\/wp-json\/wp\/v2\/product_cat?post=166696"},{"taxonomy":"product_tag","embeddable":true,"href":"https:\/\/mod.wisdar.net\/tr\/wp-json\/wp\/v2\/product_tag?post=166696"}],"curies":[{"name":"wp","href":"https:\/\/api.w.org\/{rel}","templated":true}]}}