{"id":166732,"date":"2026-03-05T21:19:37","date_gmt":"2026-03-05T21:19:37","guid":{"rendered":"https:\/\/modesthanim.com\/product\/kiz-cocuk-pamuklu-dugmeli-kisa-kollu-gomlek-yaka-denim-elbise\/"},"modified":"2026-04-15T22:04:59","modified_gmt":"2026-04-15T22:04:59","slug":"kiz-cocuk-pamuklu-dugmeli-kisa-kollu-gomlek-yaka-denim-elbise","status":"publish","type":"product","link":"https:\/\/mod.wisdar.net\/tr\/urun\/kiz-cocuk-pamuklu-dugmeli-kisa-kollu-gomlek-yaka-denim-elbise\/","title":{"rendered":"K\u0131z \u00c7ocuk Pamuklu D\u00fc\u011fmeli K\u0131sa Kollu G\u00f6mlek Yaka Denim Elbise"},"content":{"rendered":"<p>Pamuklu dokusuyla dikkat \u00e7eken denim elbise, \u00e7ocuklar\u0131n gard\u0131robuna \u015f\u0131kl\u0131k kat\u0131yor. G\u00f6mlek yaka detay\u0131 ve k\u0131sa kollu tasar\u0131m\u0131yla rahatl\u0131k sunarken, pileli etek k\u0131sm\u0131 hareket \u00f6zg\u00fcrl\u00fc\u011f\u00fc sa\u011fl\u0131yor. D\u00fc\u011fmeli tasar\u0131m\u0131 ile pratik kullan\u0131m sa\u011fl\u0131yor ve \u00e7ocuklar\u0131n kolayca giyip \u00e7\u0131karmas\u0131na yard\u0131mc\u0131 oluyor. Sevimli elbise, rahat kesimiyle enerji dolu \u00e7ocuklar i\u00e7in ideal bir se\u00e7enek oluyor.<\/p>\n<p>\u00dcr\u00fcn \u00d6zellikleri<br \/>\nKol Tipi: K\u0131sa Kol<br \/>\nYaka Tipi: G\u00f6mlek Yaka<br \/>\nDetay: Katl\u0131, D\u00fc\u011fmeli<br \/>\nFit: Relax<br \/>\nKuma\u015f: %100 Pamuk<br \/>\nKullan\u0131m Alan\u0131: G\u00fcnl\u00fck Giyim<\/p>\n<p>Koton k\u0131z \u00e7ocuk giyim koleksiyonu sevimli tasar\u0131m\u0131yla miniklerin kalbini \u00e7al\u0131yor! Koton&#8217;un \u015f\u0131k ve rahat tasar\u0131mlar\u0131 miniklerin d\u00fcnyas\u0131n\u0131 renklendiriyor!<\/p>\n<p>\u0130ndigo \u00dcr\u00fcn Kullan\u0131m Bilgisi: \u00dcr\u00fcn\u00fcm\u00fczde kullan\u0131lan indigo boya, kullan\u0131m esnas\u0131nda giysilerinize bir miktar renk verebilir. \u0130lk y\u0131kama tersten ve tek ba\u015f\u0131na, sonraki y\u0131kamalarda ise yine tersten ve renkli \u00e7ama\u015f\u0131rlar ile birlikte y\u0131kaman\u0131z\u0131 tavsiye ederiz.<\/p>\n","protected":false},"excerpt":{"rendered":"<p>Pamuklu dokusuyla dikkat \u00e7eken denim elbise, \u00e7ocuklar\u0131n gard\u0131robuna \u015f\u0131kl\u0131k kat\u0131yor. G\u00f6mlek yaka detay\u0131 ve k\u0131sa kollu tasar\u0131m\u0131yla rahatl\u0131k sunarken, pileli etek k\u0131sm\u0131 hareket \u00f6zg\u00fcrl\u00fc\u011f\u00fc sa\u011fl\u0131yor. D\u00fc\u011fmeli tasar\u0131m\u0131 ile pratik kullan\u0131m sa\u011fl\u0131yor ve \u00e7ocuklar\u0131n kolayca giyip \u00e7\u0131karmas\u0131na yard\u0131mc\u0131 oluyor. Sevimli elbise, rahat kesimiyle enerji dolu \u00e7ocuklar i\u00e7in ideal bir se\u00e7enek oluyor. \u00dcr\u00fcn \u00d6zellikleri Kol Tipi: K\u0131sa [&hellip;]<\/p>\n","protected":false},"featured_media":166729,"comment_status":"open","ping_status":"closed","template":"","meta":[],"product_brand":[],"product_cat":[8718,8715,8694],"product_tag":[6771,7426,8039],"class_list":{"0":"post-166732","1":"product","2":"type-product","3":"status-publish","4":"has-post-thumbnail","6":"product_cat-elbiseler-etekler","7":"product_cat-kiz-cocuklari-2-14-yas","8":"product_cat-cocuklar","9":"product_tag-gomlek-yaka","10":"product_tag-gunluk-giyim-3","11":"product_tag-koton","12":"pa_brand-koton","13":"pa_color-orta-indigo","14":"pa_size-11-12-yas-2","15":"pa_size-13-14-yas-2","16":"pa_size-5-6-yas-2","17":"pa_size-6-7-yas-2","18":"pa_size-7-8-yas-2","19":"pa_size-9-10-yas-2","21":"first","22":"outofstock","23":"shipping-taxable","24":"product-type-variable"},"_links":{"self":[{"href":"https:\/\/mod.wisdar.net\/tr\/wp-json\/wp\/v2\/product\/166732","targetHints":{"allow":["GET"]}}],"collection":[{"href":"https:\/\/mod.wisdar.net\/tr\/wp-json\/wp\/v2\/product"}],"about":[{"href":"https:\/\/mod.wisdar.net\/tr\/wp-json\/wp\/v2\/types\/product"}],"replies":[{"embeddable":true,"href":"https:\/\/mod.wisdar.net\/tr\/wp-json\/wp\/v2\/comments?post=166732"}],"wp:featuredmedia":[{"embeddable":true,"href":"https:\/\/mod.wisdar.net\/tr\/wp-json\/wp\/v2\/media\/166729"}],"wp:attachment":[{"href":"https:\/\/mod.wisdar.net\/tr\/wp-json\/wp\/v2\/media?parent=166732"}],"wp:term":[{"taxonomy":"product_brand","embeddable":true,"href":"https:\/\/mod.wisdar.net\/tr\/wp-json\/wp\/v2\/product_brand?post=166732"},{"taxonomy":"product_cat","embeddable":true,"href":"https:\/\/mod.wisdar.net\/tr\/wp-json\/wp\/v2\/product_cat?post=166732"},{"taxonomy":"product_tag","embeddable":true,"href":"https:\/\/mod.wisdar.net\/tr\/wp-json\/wp\/v2\/product_tag?post=166732"}],"curies":[{"name":"wp","href":"https:\/\/api.w.org\/{rel}","templated":true}]}}