{"id":166772,"date":"2026-03-05T21:20:17","date_gmt":"2026-03-05T21:20:17","guid":{"rendered":"https:\/\/modesthanim.com\/product\/kiz-cocuk-dantel-detayli-a-kesim-burumcuk-katli-midi-etek\/"},"modified":"2026-03-28T04:12:08","modified_gmt":"2026-03-28T04:12:08","slug":"kiz-cocuk-dantel-detayli-a-kesim-burumcuk-katli-midi-etek","status":"publish","type":"product","link":"https:\/\/mod.wisdar.net\/tr\/urun\/kiz-cocuk-dantel-detayli-a-kesim-burumcuk-katli-midi-etek\/","title":{"rendered":"K\u0131z \u00c7ocuk Dantel Detayl\u0131 A Kesim B\u00fcr\u00fcmc\u00fck Katl\u0131 Midi Etek"},"content":{"rendered":"<p>Dantel detayl\u0131 midi boy etek, A kesim tasar\u0131m\u0131yla konfor sunuyor. B\u00fcr\u00fcmc\u00fck yap\u0131s\u0131 ete\u011fe modern bir dokunu\u015f katarken, lastikli bel yap\u0131s\u0131 ile rahat bir giyim sa\u011fl\u0131yor. Kat detayl\u0131 midi etek, sevimli detaylar\u0131yla \u00e7ocuklar\u0131n favorisi olmaya aday.<\/p>\n<p>\u00dcr\u00fcn \u00d6zellikleri<br \/>\nFit: Relax<br \/>\nSiluet: A Kesim<br \/>\nEkstra Detay: Dantel Detayl\u0131<br \/>\nBoy: Midi<br \/>\nKullan\u0131m Alan\u0131: G\u00fcnl\u00fck Giyim<\/p>\n<p>Koton k\u0131z \u00e7ocuk etek modelleri, zarif ve sevimli tasar\u0131mlar\u0131yla miniklerin kalbini \u00e7al\u0131yor! Koton&#8217;un renkli ve e\u011flenceli koleksiyonunu ke\u015ffedin!<\/p>\n<p>\u2014 Technical Details \u2014<br \/>\nFit: Relax<br \/>\nSiluet: A Kesim<br \/>\nEkstra Detay: Dantel Detayl\u0131<br \/>\nBoy: Midi<br \/>\nKullan\u0131m Alan\u0131: G\u00fcnl\u00fck Giyim<br \/>\nBel Y\u00fcksekli\u011fi: Standart Bel<br \/>\n\u00dcr\u00fcn Tipi \/ Stil: A Form<br \/>\n\u00dcr\u00fcn\u00fcn Alt Markas\u0131: Kidswear<\/p>\n","protected":false},"excerpt":{"rendered":"<p>Dantel detayl\u0131 midi boy etek, A kesim tasar\u0131m\u0131yla konfor sunuyor. B\u00fcr\u00fcmc\u00fck yap\u0131s\u0131 ete\u011fe modern bir dokunu\u015f katarken, lastikli bel yap\u0131s\u0131 ile rahat bir giyim sa\u011fl\u0131yor. Kat detayl\u0131 midi etek, sevimli detaylar\u0131yla \u00e7ocuklar\u0131n favorisi olmaya aday. \u00dcr\u00fcn \u00d6zellikleri Fit: Relax Siluet: A Kesim Ekstra Detay: Dantel Detayl\u0131 Boy: Midi Kullan\u0131m Alan\u0131: G\u00fcnl\u00fck Giyim Koton k\u0131z \u00e7ocuk [&hellip;]<\/p>\n","protected":false},"featured_media":166766,"comment_status":"open","ping_status":"closed","template":"","meta":[],"product_brand":[],"product_cat":[8718,8715,8694],"product_tag":[4848,7623,7426,8039,7621,7600],"class_list":{"0":"post-166772","1":"product","2":"type-product","3":"status-publish","4":"has-post-thumbnail","6":"product_cat-elbiseler-etekler","7":"product_cat-kiz-cocuklari-2-14-yas","8":"product_cat-cocuklar","9":"product_tag-a-line-skirt","10":"product_tag-dantel-detayli","11":"product_tag-gunluk-giyim-3","12":"product_tag-koton","13":"product_tag-midi-etek","14":"product_tag-pileli-etek","15":"pa_brand-koton","16":"pa_color-ekru","17":"pa_size-11-12-yas-2","18":"pa_size-13-14-yas-2","19":"pa_size-5-6-yas-2","20":"pa_size-6-7-yas-2","21":"pa_size-7-8-yas-2","22":"pa_size-9-10-yas-2","24":"first","25":"instock","26":"sale","27":"shipping-taxable","28":"purchasable","29":"product-type-variable"},"_links":{"self":[{"href":"https:\/\/mod.wisdar.net\/tr\/wp-json\/wp\/v2\/product\/166772","targetHints":{"allow":["GET"]}}],"collection":[{"href":"https:\/\/mod.wisdar.net\/tr\/wp-json\/wp\/v2\/product"}],"about":[{"href":"https:\/\/mod.wisdar.net\/tr\/wp-json\/wp\/v2\/types\/product"}],"replies":[{"embeddable":true,"href":"https:\/\/mod.wisdar.net\/tr\/wp-json\/wp\/v2\/comments?post=166772"}],"wp:featuredmedia":[{"embeddable":true,"href":"https:\/\/mod.wisdar.net\/tr\/wp-json\/wp\/v2\/media\/166766"}],"wp:attachment":[{"href":"https:\/\/mod.wisdar.net\/tr\/wp-json\/wp\/v2\/media?parent=166772"}],"wp:term":[{"taxonomy":"product_brand","embeddable":true,"href":"https:\/\/mod.wisdar.net\/tr\/wp-json\/wp\/v2\/product_brand?post=166772"},{"taxonomy":"product_cat","embeddable":true,"href":"https:\/\/mod.wisdar.net\/tr\/wp-json\/wp\/v2\/product_cat?post=166772"},{"taxonomy":"product_tag","embeddable":true,"href":"https:\/\/mod.wisdar.net\/tr\/wp-json\/wp\/v2\/product_tag?post=166772"}],"curies":[{"name":"wp","href":"https:\/\/api.w.org\/{rel}","templated":true}]}}