{"id":166804,"date":"2026-03-05T21:20:48","date_gmt":"2026-03-05T21:20:48","guid":{"rendered":"https:\/\/modesthanim.com\/product\/kiz-cocuk-pamuklu-uzun-kollu-bisiklet-yaka-firfirli-bluz\/"},"modified":"2026-04-11T04:55:03","modified_gmt":"2026-04-11T04:55:03","slug":"kiz-cocuk-pamuklu-uzun-kollu-bisiklet-yaka-firfirli-bluz","status":"publish","type":"product","link":"https:\/\/mod.wisdar.net\/tr\/urun\/kiz-cocuk-pamuklu-uzun-kollu-bisiklet-yaka-firfirli-bluz\/","title":{"rendered":"K\u0131z \u00c7ocuk Pamuklu Uzun Kollu Bisiklet Yaka F\u0131rf\u0131rl\u0131 Bluz"},"content":{"rendered":"<p>Pamuklu bluz, \u00e7ocuklar\u0131n favorisi olmaya aday tasar\u0131m\u0131yla, miniklere \u015f\u0131k ve rahat bir se\u00e7enek sunuyor. Uzun kollu tasar\u0131m\u0131 ve bisiklet yaka detay\u0131yla konforlu bir kullan\u0131m sa\u011fl\u0131yor. Hem okulda hem de \u00f6zel g\u00fcnlerde tercih edilebilen bluz, yumu\u015fak ve pamuklu dokusuyla ne\u015feli kombinler i\u00e7in ideal bir se\u00e7enek olu\u015fturuyor.<\/p>\n<p>\u00dcr\u00fcn \u00d6zellikleri<\/p>\n<p>Kol Tipi: Uzun Kol<br \/>\nYaka Tipi: Bisiklet Yaka<br \/>\nKuma\u015f: %96 Pamuk, %3 Polyester, %1 Elastan<br \/>\nKullan\u0131m Alan\u0131: G\u00fcnl\u00fck Giyim, \u00d6zel G\u00fcnler<\/p>\n<p>Koton k\u0131z \u00e7ocuk koleksiyonu, sevimli tasar\u0131mlar\u0131yla miniklerin kalbini \u00e7al\u0131yor! Renkli ve e\u011flenceli par\u00e7alarla dolu Koton Kids koleksiyonunu ke\u015ffedin!<\/p>\n<p>D\u0131\u015f: %3 POL\u0130ESTER, %96 PAMUK, %1 ELASTAN<\/p>\n","protected":false},"excerpt":{"rendered":"<p>Pamuklu bluz, \u00e7ocuklar\u0131n favorisi olmaya aday tasar\u0131m\u0131yla, miniklere \u015f\u0131k ve rahat bir se\u00e7enek sunuyor. Uzun kollu tasar\u0131m\u0131 ve bisiklet yaka detay\u0131yla konforlu bir kullan\u0131m sa\u011fl\u0131yor. Hem okulda hem de \u00f6zel g\u00fcnlerde tercih edilebilen bluz, yumu\u015fak ve pamuklu dokusuyla ne\u015feli kombinler i\u00e7in ideal bir se\u00e7enek olu\u015fturuyor. \u00dcr\u00fcn \u00d6zellikleri Kol Tipi: Uzun Kol Yaka Tipi: Bisiklet Yaka [&hellip;]<\/p>\n","protected":false},"featured_media":166801,"comment_status":"open","ping_status":"closed","template":"","meta":[],"product_brand":[],"product_cat":[8715,8694,8724],"product_tag":[6768],"class_list":{"0":"post-166804","1":"product","2":"type-product","3":"status-publish","4":"has-post-thumbnail","6":"product_cat-kiz-cocuklari-2-14-yas","7":"product_cat-cocuklar","8":"product_cat-tisortler-bluzlar","9":"product_tag-uzun-kol","10":"pa_brand-koton","11":"pa_color-ekru","12":"pa_size-11-12-yas-2","13":"pa_size-13-14-yas-2","14":"pa_size-5-6-yas-2","15":"pa_size-6-7-yas-2","16":"pa_size-7-8-yas-2","17":"pa_size-9-10-yas-2","19":"first","20":"instock","21":"sale","22":"shipping-taxable","23":"purchasable","24":"product-type-variable"},"_links":{"self":[{"href":"https:\/\/mod.wisdar.net\/tr\/wp-json\/wp\/v2\/product\/166804","targetHints":{"allow":["GET"]}}],"collection":[{"href":"https:\/\/mod.wisdar.net\/tr\/wp-json\/wp\/v2\/product"}],"about":[{"href":"https:\/\/mod.wisdar.net\/tr\/wp-json\/wp\/v2\/types\/product"}],"replies":[{"embeddable":true,"href":"https:\/\/mod.wisdar.net\/tr\/wp-json\/wp\/v2\/comments?post=166804"}],"wp:featuredmedia":[{"embeddable":true,"href":"https:\/\/mod.wisdar.net\/tr\/wp-json\/wp\/v2\/media\/166801"}],"wp:attachment":[{"href":"https:\/\/mod.wisdar.net\/tr\/wp-json\/wp\/v2\/media?parent=166804"}],"wp:term":[{"taxonomy":"product_brand","embeddable":true,"href":"https:\/\/mod.wisdar.net\/tr\/wp-json\/wp\/v2\/product_brand?post=166804"},{"taxonomy":"product_cat","embeddable":true,"href":"https:\/\/mod.wisdar.net\/tr\/wp-json\/wp\/v2\/product_cat?post=166804"},{"taxonomy":"product_tag","embeddable":true,"href":"https:\/\/mod.wisdar.net\/tr\/wp-json\/wp\/v2\/product_tag?post=166804"}],"curies":[{"name":"wp","href":"https:\/\/api.w.org\/{rel}","templated":true}]}}