{"id":16682,"date":"2025-11-02T12:47:54","date_gmt":"2025-11-02T12:47:54","guid":{"rendered":"https:\/\/modesthanim.com\/product\/beli-kusakli-desenli-elbise-mavi\/"},"modified":"2026-04-03T06:49:13","modified_gmt":"2026-04-03T06:49:13","slug":"beli-kusakli-desenli-elbise-mavi","status":"publish","type":"product","link":"https:\/\/mod.wisdar.net\/tr\/urun\/beli-kusakli-desenli-elbise-mavi\/","title":{"rendered":"Beli Ku\u015fakl\u0131 Desenli Elbise \u2013 Mavi"},"content":{"rendered":"<p>G\u00fcnl\u00fck stilinize hareket katan ve \u00f6zel g\u00fcnlerde \u015f\u0131kl\u0131\u011f\u0131n\u0131z\u0131 tamamlayan beli ku\u015fakl\u0131 desenli elbise, rahat kesimi ve zarif detaylar\u0131yla gard\u0131robunuzun en \u00f6zel par\u00e7alar\u0131ndan biri olmaya aday!<\/p>\n<p>Kuma\u015f \u0130\u00e7eri\u011fi: %95 Viskon, %5 Elastan<br \/>\nDesen: \u00c7i\u00e7ek Desen<br \/>\nYaka Tipi: S\u0131f\u0131r Yaka<br \/>\nKol Tipi: Uzun Kol<br \/>\nCep: Gizli Cep<br \/>\nAstar: Astarl\u0131<br \/>\n\u00dcr\u00fcn Boyu: 140 cm<br \/>\nKal\u0131p Tipi: Rahat Kal\u0131p<br \/>\nMankenin Giydi\u011fi Beden: 38<br \/>\nManken \u00d6l\u00e7\u00fcleri: Boy: 175 cm, G\u00f6\u011f\u00fcs: 82 cm, Bel: 60 cm, Basen: 90 cm<\/p>\n<p>\u2014 Technical Details \u2014<br \/>\nDesen: \u00c7i\u00e7ek Desen<br \/>\nYaka Tipi: S\u0131f\u0131r Yaka<br \/>\nKol Tipi: Uzun Kol<br \/>\nCep: Gizli Cep<br \/>\nAstar: Astarl\u0131<br \/>\n\u00dcr\u00fcn Boyu: 140 cm<br \/>\nKal\u0131p Tipi: Rahat Kal\u0131p<br \/>\nMankenin Giydi\u011fi Beden: 38<br \/>\nManken \u00d6l\u00e7\u00fcleri: {&#8216;Boy&#8217;: &#8216;175 cm&#8217;, &#8216;G\u00f6\u011f\u00fcs&#8217;: &#8217;82 cm&#8217;, &#8216;Bel&#8217;: &#8217;60 cm&#8217;, &#8216;Basen&#8217;: &#8217;90 cm&#8217;}<\/p>\n","protected":false},"excerpt":{"rendered":"<p>G\u00fcnl\u00fck stilinize hareket katan ve \u00f6zel g\u00fcnlerde \u015f\u0131kl\u0131\u011f\u0131n\u0131z\u0131 tamamlayan beli ku\u015fakl\u0131 desenli elbise, rahat kesimi ve zarif detaylar\u0131yla gard\u0131robunuzun en \u00f6zel par\u00e7alar\u0131ndan biri olmaya aday! Kuma\u015f \u0130\u00e7eri\u011fi: %95 Viskon, %5 Elastan Desen: \u00c7i\u00e7ek Desen Yaka Tipi: S\u0131f\u0131r Yaka Kol Tipi: Uzun Kol Cep: Gizli Cep Astar: Astarl\u0131 \u00dcr\u00fcn Boyu: 140 cm Kal\u0131p Tipi: Rahat Kal\u0131p [&hellip;]<\/p>\n","protected":false},"featured_media":51925,"comment_status":"open","ping_status":"closed","template":"","meta":[],"product_brand":[],"product_cat":[6249,1933],"product_tag":[7508,5012,7668],"class_list":{"0":"post-16682","1":"product","2":"type-product","3":"status-publish","4":"has-post-thumbnail","6":"product_cat-elbiseler","7":"product_cat-gunluk-ve-gunduz-elbiseleri","8":"product_tag-cicekli","9":"product_tag-elegant","10":"product_tag-kemerli","11":"pa_brand-tugba","12":"pa_color-mavi","13":"pa_size-4706","14":"pa_size-4711","15":"pa_size-4713","16":"pa_size-4751","18":"first","19":"instock","20":"sale","21":"shipping-taxable","22":"purchasable","23":"product-type-variable"},"_links":{"self":[{"href":"https:\/\/mod.wisdar.net\/tr\/wp-json\/wp\/v2\/product\/16682","targetHints":{"allow":["GET"]}}],"collection":[{"href":"https:\/\/mod.wisdar.net\/tr\/wp-json\/wp\/v2\/product"}],"about":[{"href":"https:\/\/mod.wisdar.net\/tr\/wp-json\/wp\/v2\/types\/product"}],"replies":[{"embeddable":true,"href":"https:\/\/mod.wisdar.net\/tr\/wp-json\/wp\/v2\/comments?post=16682"}],"wp:featuredmedia":[{"embeddable":true,"href":"https:\/\/mod.wisdar.net\/tr\/wp-json\/wp\/v2\/media\/51925"}],"wp:attachment":[{"href":"https:\/\/mod.wisdar.net\/tr\/wp-json\/wp\/v2\/media?parent=16682"}],"wp:term":[{"taxonomy":"product_brand","embeddable":true,"href":"https:\/\/mod.wisdar.net\/tr\/wp-json\/wp\/v2\/product_brand?post=16682"},{"taxonomy":"product_cat","embeddable":true,"href":"https:\/\/mod.wisdar.net\/tr\/wp-json\/wp\/v2\/product_cat?post=16682"},{"taxonomy":"product_tag","embeddable":true,"href":"https:\/\/mod.wisdar.net\/tr\/wp-json\/wp\/v2\/product_tag?post=16682"}],"curies":[{"name":"wp","href":"https:\/\/api.w.org\/{rel}","templated":true}]}}