{"id":166844,"date":"2026-03-05T21:21:37","date_gmt":"2026-03-05T21:21:37","guid":{"rendered":"https:\/\/modesthanim.com\/product\/fiyonklu-kolsuz-bisiklet-yaka-firfir-detayli-cizgili-bluz\/"},"modified":"2026-04-11T05:02:52","modified_gmt":"2026-04-11T05:02:52","slug":"fiyonklu-kolsuz-bisiklet-yaka-firfir-detayli-cizgili-bluz","status":"publish","type":"product","link":"https:\/\/mod.wisdar.net\/tr\/urun\/fiyonklu-kolsuz-bisiklet-yaka-firfir-detayli-cizgili-bluz\/","title":{"rendered":"Fiyonklu Kolsuz Bisiklet Yaka F\u0131rf\u0131r Detayl\u0131 \u00c7izgili Bluz"},"content":{"rendered":"<p>F\u0131rf\u0131r detayl\u0131 bluz, \u00e7izgili ve fiyonklu tasar\u0131m\u0131yla dikkat \u00e7ekiyor. Kolsuz yap\u0131s\u0131 yaz aylar\u0131nda serin bir giyim konforu sunarken, bisiklet yaka detay\u0131yla \u015f\u0131kl\u0131\u011f\u0131 tamaml\u0131yor. Pamuklu kuma\u015f\u0131 sayesinde rahatl\u0131k sunan bluz, etekler ve pantolonlarla kolayca kombin edilebiliyor.<\/p>\n<p>\u00dcr\u00fcn \u00d6zellikleri<br \/>\nKol Boyu: Kolsuz<br \/>\nYaka Tipi: Bisiklet Yaka<br \/>\nDetay: Fiyonklu<br \/>\nKuma\u015f: %80 Pamuk, %20 Polyester<br \/>\nKullan\u0131m Alan\u0131: G\u00fcnl\u00fck Giyim<\/p>\n<p>Koton k\u0131z \u00e7ocuk giyim koleksiyonu, c\u0131v\u0131l c\u0131v\u0131l tasar\u0131mlar\u0131yla miniklerin kalbini \u00e7al\u0131yor! \u015eimdi Koton Kids ile e\u011flenceli ve sevimli kombinleri ke\u015ffedin!<\/p>\n","protected":false},"excerpt":{"rendered":"<p>F\u0131rf\u0131r detayl\u0131 bluz, \u00e7izgili ve fiyonklu tasar\u0131m\u0131yla dikkat \u00e7ekiyor. Kolsuz yap\u0131s\u0131 yaz aylar\u0131nda serin bir giyim konforu sunarken, bisiklet yaka detay\u0131yla \u015f\u0131kl\u0131\u011f\u0131 tamaml\u0131yor. Pamuklu kuma\u015f\u0131 sayesinde rahatl\u0131k sunan bluz, etekler ve pantolonlarla kolayca kombin edilebiliyor. \u00dcr\u00fcn \u00d6zellikleri Kol Boyu: Kolsuz Yaka Tipi: Bisiklet Yaka Detay: Fiyonklu Kuma\u015f: %80 Pamuk, %20 Polyester Kullan\u0131m Alan\u0131: G\u00fcnl\u00fck Giyim [&hellip;]<\/p>\n","protected":false},"featured_media":166839,"comment_status":"open","ping_status":"closed","template":"","meta":[],"product_brand":[],"product_cat":[8715,8694,8724],"product_tag":[7426,7425],"class_list":{"0":"post-166844","1":"product","2":"type-product","3":"status-publish","4":"has-post-thumbnail","6":"product_cat-kiz-cocuklari-2-14-yas","7":"product_cat-cocuklar","8":"product_cat-tisortler-bluzlar","9":"product_tag-gunluk-giyim-3","10":"product_tag-pamuk-karisimi","11":"pa_brand-koton","12":"pa_color-mavi-cizgili-2","13":"pa_size-11-12-yas-2","14":"pa_size-13-14-yas-2","15":"pa_size-5-6-yas-2","16":"pa_size-6-7-yas-2","17":"pa_size-7-8-yas-2","18":"pa_size-9-10-yas-2","20":"first","21":"outofstock","22":"shipping-taxable","23":"product-type-variable"},"_links":{"self":[{"href":"https:\/\/mod.wisdar.net\/tr\/wp-json\/wp\/v2\/product\/166844","targetHints":{"allow":["GET"]}}],"collection":[{"href":"https:\/\/mod.wisdar.net\/tr\/wp-json\/wp\/v2\/product"}],"about":[{"href":"https:\/\/mod.wisdar.net\/tr\/wp-json\/wp\/v2\/types\/product"}],"replies":[{"embeddable":true,"href":"https:\/\/mod.wisdar.net\/tr\/wp-json\/wp\/v2\/comments?post=166844"}],"wp:featuredmedia":[{"embeddable":true,"href":"https:\/\/mod.wisdar.net\/tr\/wp-json\/wp\/v2\/media\/166839"}],"wp:attachment":[{"href":"https:\/\/mod.wisdar.net\/tr\/wp-json\/wp\/v2\/media?parent=166844"}],"wp:term":[{"taxonomy":"product_brand","embeddable":true,"href":"https:\/\/mod.wisdar.net\/tr\/wp-json\/wp\/v2\/product_brand?post=166844"},{"taxonomy":"product_cat","embeddable":true,"href":"https:\/\/mod.wisdar.net\/tr\/wp-json\/wp\/v2\/product_cat?post=166844"},{"taxonomy":"product_tag","embeddable":true,"href":"https:\/\/mod.wisdar.net\/tr\/wp-json\/wp\/v2\/product_tag?post=166844"}],"curies":[{"name":"wp","href":"https:\/\/api.w.org\/{rel}","templated":true}]}}