{"id":166878,"date":"2026-03-05T21:22:04","date_gmt":"2026-03-05T21:22:04","guid":{"rendered":"https:\/\/modesthanim.com\/product\/kiz-cocuk-bisiklet-yaka-slim-fit-kalpli-tasli-buzgu-detayli-pamuklu-kisa-kollu-crop-bluz\/"},"modified":"2026-03-15T20:47:23","modified_gmt":"2026-03-15T20:47:23","slug":"kiz-cocuk-bisiklet-yaka-slim-fit-kalpli-tasli-buzgu-detayli-pamuklu-kisa-kollu-crop-bluz","status":"publish","type":"product","link":"https:\/\/mod.wisdar.net\/tr\/urun\/kiz-cocuk-bisiklet-yaka-slim-fit-kalpli-tasli-buzgu-detayli-pamuklu-kisa-kollu-crop-bluz\/","title":{"rendered":"K\u0131z \u00c7ocuk Bisiklet Yaka Slim Fit Kalpli Ta\u015fl\u0131 B\u00fczg\u00fc Detayl\u0131 Pamuklu K\u0131sa Kollu Crop Bluz"},"content":{"rendered":"<p>Sevimli tasar\u0131m\u0131yla \u00f6ne \u00e7\u0131kan bu bluz, sevimli kalp temal\u0131 ta\u015flar\u0131yla dikkat \u00e7ekiyor. Bisiklet yaka yap\u0131s\u0131 ve k\u0131sa kollu tasar\u0131m\u0131, onu s\u0131cak yaz g\u00fcnlerinde ideal bir par\u00e7a haline getiriyor. Pamuklu kuma\u015f\u0131yla cilt dostu olan bluz, g\u00fcn boyu konfor sunuyor. Sade ve \u015f\u0131k tasar\u0131m\u0131 sayesinde farkl\u0131 alt par\u00e7alarla kolayca kombinlenebiliyor.<\/p>\n<p>\u00dcr\u00fcn \u00d6zellikleri<\/p>\n<p>Kol Tipi: K\u0131sa Kollu<br \/>\nYaka Tipi: Bisiklet Yaka<br \/>\nDetay: Ta\u015fl\u0131, B\u00fczg\u00fc Detayl\u0131<br \/>\nFit: Slim<br \/>\nKuma\u015f: %84 Pamuk, %12 Metalik \u0130plik, %4 Elastan<br \/>\nKullan\u0131m Alan\u0131: G\u00fcnl\u00fck Giyim<\/p>\n<p>Koton k\u0131z \u00e7ocuk giyim koleksiyonu sevimli tasar\u0131m\u0131yla miniklerin kalbini \u00e7al\u0131yor! Renkli ve e\u011flenceli tasar\u0131mlarla dolu Koton k\u0131z \u00e7ocuk koleksiyonunu ke\u015ffedin!<\/p>\n<p>Bu \u00fcr\u00fcnde sim uygulamas\u0131 yap\u0131ld\u0131\u011f\u0131ndan kullan\u0131m ve temizleme esnas\u0131nda sim bula\u015fmas\u0131 olabilir.<\/p>\n","protected":false},"excerpt":{"rendered":"<p>Sevimli tasar\u0131m\u0131yla \u00f6ne \u00e7\u0131kan bu bluz, sevimli kalp temal\u0131 ta\u015flar\u0131yla dikkat \u00e7ekiyor. Bisiklet yaka yap\u0131s\u0131 ve k\u0131sa kollu tasar\u0131m\u0131, onu s\u0131cak yaz g\u00fcnlerinde ideal bir par\u00e7a haline getiriyor. Pamuklu kuma\u015f\u0131yla cilt dostu olan bluz, g\u00fcn boyu konfor sunuyor. Sade ve \u015f\u0131k tasar\u0131m\u0131 sayesinde farkl\u0131 alt par\u00e7alarla kolayca kombinlenebiliyor. \u00dcr\u00fcn \u00d6zellikleri Kol Tipi: K\u0131sa Kollu Yaka [&hellip;]<\/p>\n","protected":false},"featured_media":166873,"comment_status":"open","ping_status":"closed","template":"","meta":[],"product_brand":[],"product_cat":[8715,8694,8724],"product_tag":[7310],"class_list":{"0":"post-166878","1":"product","2":"type-product","3":"status-publish","4":"has-post-thumbnail","6":"product_cat-kiz-cocuklari-2-14-yas","7":"product_cat-cocuklar","8":"product_cat-tisortler-bluzlar","9":"product_tag-slim-fit","10":"pa_brand-koton","11":"pa_color-mavi","12":"pa_size-11-12-yas-2","13":"pa_size-13-14-yas-2","14":"pa_size-5-6-yas-2","15":"pa_size-6-7-yas-2","16":"pa_size-7-8-yas-2","17":"pa_size-9-10-yas-2","19":"first","20":"instock","21":"sale","22":"shipping-taxable","23":"purchasable","24":"product-type-variable"},"_links":{"self":[{"href":"https:\/\/mod.wisdar.net\/tr\/wp-json\/wp\/v2\/product\/166878","targetHints":{"allow":["GET"]}}],"collection":[{"href":"https:\/\/mod.wisdar.net\/tr\/wp-json\/wp\/v2\/product"}],"about":[{"href":"https:\/\/mod.wisdar.net\/tr\/wp-json\/wp\/v2\/types\/product"}],"replies":[{"embeddable":true,"href":"https:\/\/mod.wisdar.net\/tr\/wp-json\/wp\/v2\/comments?post=166878"}],"wp:featuredmedia":[{"embeddable":true,"href":"https:\/\/mod.wisdar.net\/tr\/wp-json\/wp\/v2\/media\/166873"}],"wp:attachment":[{"href":"https:\/\/mod.wisdar.net\/tr\/wp-json\/wp\/v2\/media?parent=166878"}],"wp:term":[{"taxonomy":"product_brand","embeddable":true,"href":"https:\/\/mod.wisdar.net\/tr\/wp-json\/wp\/v2\/product_brand?post=166878"},{"taxonomy":"product_cat","embeddable":true,"href":"https:\/\/mod.wisdar.net\/tr\/wp-json\/wp\/v2\/product_cat?post=166878"},{"taxonomy":"product_tag","embeddable":true,"href":"https:\/\/mod.wisdar.net\/tr\/wp-json\/wp\/v2\/product_tag?post=166878"}],"curies":[{"name":"wp","href":"https:\/\/api.w.org\/{rel}","templated":true}]}}