{"id":166915,"date":"2026-03-05T21:22:40","date_gmt":"2026-03-05T21:22:40","guid":{"rendered":"https:\/\/modesthanim.com\/product\/kiz-cocuk-burumcuk-kumas-beli-lastikli-ispanyol-paca-pantolon\/"},"modified":"2026-04-11T05:02:54","modified_gmt":"2026-04-11T05:02:54","slug":"kiz-cocuk-burumcuk-kumas-beli-lastikli-ispanyol-paca-pantolon","status":"publish","type":"product","link":"https:\/\/mod.wisdar.net\/tr\/urun\/kiz-cocuk-burumcuk-kumas-beli-lastikli-ispanyol-paca-pantolon\/","title":{"rendered":"K\u0131z \u00c7ocuk B\u00fcr\u00fcmc\u00fck Kuma\u015f Beli Lastikli \u0130spanyol Pa\u00e7a Pantolon"},"content":{"rendered":"<p>Pantolon, b\u00fcr\u00fcmc\u00fck kuma\u015f\u0131 ve \u0130spanyol pa\u00e7a kesimi ile hem konfor hem de stil sunuyor. Bel k\u0131sm\u0131nda yer alan lastikli yap\u0131 g\u00fcn boyu rahatl\u0131k sa\u011flarken b\u00fcr\u00fcmc\u00fck dokusu ile modern bir g\u00f6r\u00fcn\u00fcm kat\u0131yor. Bilek boy uzunlu\u011fu farkl\u0131 ayakkab\u0131larla kolay kombin imkan\u0131 tan\u0131yor.<br \/>\n\u00dcr\u00fcn \u00d6zellikleri<br \/>\nBel Tipi: Normal Bel<br \/>\nFit: Slim Fit<br \/>\nPa\u00e7a Tipi: \u0130spanyol Pa\u00e7a<br \/>\nUzunluk: Bilek Boy<br \/>\nKullan\u0131m Alan\u0131: G\u00fcnl\u00fck Giyim<br \/>\nKoton k\u0131z \u00e7ocuk pantolon modelleri \u015f\u0131k ve rahat tasar\u0131m\u0131yla dikkat \u00e7ekiyor! Enerjik ve e\u011flenceli \u00e7ocuk giyim koleksiyonunu \u015fimdi ke\u015ffedin!<br \/>\nRespect Life \u2013 Ya\u015fama Sayg\u0131 | Bu \u00fcr\u00fcn geri d\u00f6n\u00fc\u015ft\u00fcr\u00fclm\u00fc\u015f iplikten \u00fcretilmi\u015ftir. Koton&#8217;un insana ve topluma de\u011fer katma, gelecek nesillere daha ya\u015fan\u0131labilir bir d\u00fcnya b\u0131rakma duyarl\u0131l\u0131\u011f\u0131yla haz\u0131rlad\u0131\u011f\u0131 koleksiyonu ke\u015ffedin.<\/p>\n","protected":false},"excerpt":{"rendered":"<p>Pantolon, b\u00fcr\u00fcmc\u00fck kuma\u015f\u0131 ve \u0130spanyol pa\u00e7a kesimi ile hem konfor hem de stil sunuyor. Bel k\u0131sm\u0131nda yer alan lastikli yap\u0131 g\u00fcn boyu rahatl\u0131k sa\u011flarken b\u00fcr\u00fcmc\u00fck dokusu ile modern bir g\u00f6r\u00fcn\u00fcm kat\u0131yor. Bilek boy uzunlu\u011fu farkl\u0131 ayakkab\u0131larla kolay kombin imkan\u0131 tan\u0131yor. \u00dcr\u00fcn \u00d6zellikleri Bel Tipi: Normal Bel Fit: Slim Fit Pa\u00e7a Tipi: \u0130spanyol Pa\u00e7a Uzunluk: Bilek [&hellip;]<\/p>\n","protected":false},"featured_media":166909,"comment_status":"open","ping_status":"closed","template":"","meta":[],"product_brand":[],"product_cat":[8715,8694,8727],"product_tag":[7426,7467,6765,7310],"class_list":{"0":"post-166915","1":"product","2":"type-product","3":"status-publish","4":"has-post-thumbnail","6":"product_cat-kiz-cocuklari-2-14-yas","7":"product_cat-cocuklar","8":"product_cat-pantolon","9":"product_tag-gunluk-giyim-3","10":"product_tag-ispanyol-paca","11":"product_tag-lastikli-bel","12":"product_tag-slim-fit","13":"pa_brand-koton","14":"pa_color-siyah","15":"pa_size-11-12-yas-2","16":"pa_size-13-14-yas-2","17":"pa_size-5-6-yas-2","18":"pa_size-6-7-yas-2","19":"pa_size-7-8-yas-2","20":"pa_size-9-10-yas-2","22":"first","23":"instock","24":"sale","25":"shipping-taxable","26":"purchasable","27":"product-type-variable"},"_links":{"self":[{"href":"https:\/\/mod.wisdar.net\/tr\/wp-json\/wp\/v2\/product\/166915","targetHints":{"allow":["GET"]}}],"collection":[{"href":"https:\/\/mod.wisdar.net\/tr\/wp-json\/wp\/v2\/product"}],"about":[{"href":"https:\/\/mod.wisdar.net\/tr\/wp-json\/wp\/v2\/types\/product"}],"replies":[{"embeddable":true,"href":"https:\/\/mod.wisdar.net\/tr\/wp-json\/wp\/v2\/comments?post=166915"}],"wp:featuredmedia":[{"embeddable":true,"href":"https:\/\/mod.wisdar.net\/tr\/wp-json\/wp\/v2\/media\/166909"}],"wp:attachment":[{"href":"https:\/\/mod.wisdar.net\/tr\/wp-json\/wp\/v2\/media?parent=166915"}],"wp:term":[{"taxonomy":"product_brand","embeddable":true,"href":"https:\/\/mod.wisdar.net\/tr\/wp-json\/wp\/v2\/product_brand?post=166915"},{"taxonomy":"product_cat","embeddable":true,"href":"https:\/\/mod.wisdar.net\/tr\/wp-json\/wp\/v2\/product_cat?post=166915"},{"taxonomy":"product_tag","embeddable":true,"href":"https:\/\/mod.wisdar.net\/tr\/wp-json\/wp\/v2\/product_tag?post=166915"}],"curies":[{"name":"wp","href":"https:\/\/api.w.org\/{rel}","templated":true}]}}