{"id":166952,"date":"2026-03-05T21:23:12","date_gmt":"2026-03-05T21:23:12","guid":{"rendered":"https:\/\/modesthanim.com\/product\/kiz-cocuk-nakis-detayli-uzun-kollu-bisiklet-yaka-sweatshirt\/"},"modified":"2026-04-11T05:04:42","modified_gmt":"2026-04-11T05:04:42","slug":"kiz-cocuk-nakis-detayli-uzun-kollu-bisiklet-yaka-sweatshirt","status":"publish","type":"product","link":"https:\/\/mod.wisdar.net\/tr\/urun\/kiz-cocuk-nakis-detayli-uzun-kollu-bisiklet-yaka-sweatshirt\/","title":{"rendered":"K\u0131z \u00c7ocuk Nak\u0131\u015f Detayl\u0131 Uzun Kollu Bisiklet Yaka Sweatshirt"},"content":{"rendered":"<p>\u00c7i\u00e7ek nak\u0131\u015f detaylar\u0131yla \u00f6ne \u00e7\u0131kan bisiklet yaka sweatshirt, sevimli ve enerjik bir stil sunuyor. Yumu\u015fak dokusuyla g\u00fcn boyu konfor sa\u011flarken, uzun kollu tasar\u0131m\u0131yla da serin havalarda s\u0131cak tutuyor. Renkli nak\u0131\u015flar\u0131yla miniklerin gard\u0131robuna e\u011flence kat\u0131yor.<\/p>\n<p>\u00dcr\u00fcn \u00d6zellikleri<br \/>\nKol Tipi: Uzun Kol<br \/>\nYaka Tipi: Bisiklet Yaka<br \/>\nDetay: Nak\u0131\u015fl\u0131<br \/>\nKullan\u0131m Alan\u0131: G\u00fcnl\u00fck Giyim, Spor Giyim<\/p>\n<p>Koton k\u0131z \u00e7ocuk giyim koleksiyonu, c\u0131v\u0131l c\u0131v\u0131l tasar\u0131mlar\u0131yla miniklerin kalbini \u00e7al\u0131yor! Koton Kids ile e\u011flenceli ve enerjik \u00e7ocuk koleksiyonunu ke\u015ffedin!<\/p>\n","protected":false},"excerpt":{"rendered":"<p>\u00c7i\u00e7ek nak\u0131\u015f detaylar\u0131yla \u00f6ne \u00e7\u0131kan bisiklet yaka sweatshirt, sevimli ve enerjik bir stil sunuyor. Yumu\u015fak dokusuyla g\u00fcn boyu konfor sa\u011flarken, uzun kollu tasar\u0131m\u0131yla da serin havalarda s\u0131cak tutuyor. Renkli nak\u0131\u015flar\u0131yla miniklerin gard\u0131robuna e\u011flence kat\u0131yor. \u00dcr\u00fcn \u00d6zellikleri Kol Tipi: Uzun Kol Yaka Tipi: Bisiklet Yaka Detay: Nak\u0131\u015fl\u0131 Kullan\u0131m Alan\u0131: G\u00fcnl\u00fck Giyim, Spor Giyim Koton k\u0131z \u00e7ocuk [&hellip;]<\/p>\n","protected":false},"featured_media":166946,"comment_status":"open","ping_status":"closed","template":"","meta":[],"product_brand":[],"product_cat":[8715,8694,8724],"product_tag":[8110,7426,6751,6768],"class_list":{"0":"post-166952","1":"product","2":"type-product","3":"status-publish","4":"has-post-thumbnail","6":"product_cat-kiz-cocuklari-2-14-yas","7":"product_cat-cocuklar","8":"product_cat-tisortler-bluzlar","9":"product_tag-bisiklet-yaka-2","10":"product_tag-gunluk-giyim-3","11":"product_tag-rahat","12":"product_tag-uzun-kol","13":"pa_brand-koton","14":"pa_color-pembe","15":"pa_size-11-12-yas-2","16":"pa_size-13-14-yas-2","17":"pa_size-5-6-yas-2","18":"pa_size-6-7-yas-2","19":"pa_size-7-8-yas-2","20":"pa_size-9-10-yas-2","22":"first","23":"instock","24":"sale","25":"shipping-taxable","26":"purchasable","27":"product-type-variable"},"_links":{"self":[{"href":"https:\/\/mod.wisdar.net\/tr\/wp-json\/wp\/v2\/product\/166952","targetHints":{"allow":["GET"]}}],"collection":[{"href":"https:\/\/mod.wisdar.net\/tr\/wp-json\/wp\/v2\/product"}],"about":[{"href":"https:\/\/mod.wisdar.net\/tr\/wp-json\/wp\/v2\/types\/product"}],"replies":[{"embeddable":true,"href":"https:\/\/mod.wisdar.net\/tr\/wp-json\/wp\/v2\/comments?post=166952"}],"wp:featuredmedia":[{"embeddable":true,"href":"https:\/\/mod.wisdar.net\/tr\/wp-json\/wp\/v2\/media\/166946"}],"wp:attachment":[{"href":"https:\/\/mod.wisdar.net\/tr\/wp-json\/wp\/v2\/media?parent=166952"}],"wp:term":[{"taxonomy":"product_brand","embeddable":true,"href":"https:\/\/mod.wisdar.net\/tr\/wp-json\/wp\/v2\/product_brand?post=166952"},{"taxonomy":"product_cat","embeddable":true,"href":"https:\/\/mod.wisdar.net\/tr\/wp-json\/wp\/v2\/product_cat?post=166952"},{"taxonomy":"product_tag","embeddable":true,"href":"https:\/\/mod.wisdar.net\/tr\/wp-json\/wp\/v2\/product_tag?post=166952"}],"curies":[{"name":"wp","href":"https:\/\/api.w.org\/{rel}","templated":true}]}}