{"id":166984,"date":"2026-03-05T21:23:43","date_gmt":"2026-03-05T21:23:43","guid":{"rendered":"https:\/\/modesthanim.com\/product\/kiz-cocuk-uzun-kollu-dantel-ve-fiyonk-detayli-bisiklet-yaka-pamuklu-tisort\/"},"modified":"2026-03-05T21:24:13","modified_gmt":"2026-03-05T21:24:13","slug":"kiz-cocuk-uzun-kollu-dantel-ve-fiyonk-detayli-bisiklet-yaka-pamuklu-tisort","status":"publish","type":"product","link":"https:\/\/mod.wisdar.net\/tr\/urun\/kiz-cocuk-uzun-kollu-dantel-ve-fiyonk-detayli-bisiklet-yaka-pamuklu-tisort\/","title":{"rendered":"K\u0131z \u00c7ocuk Uzun Kollu Dantel ve Fiyonk Detayl\u0131 Bisiklet Yaka Pamuklu Ti\u015f\u00f6rt"},"content":{"rendered":"<p>Dantel detayl\u0131, uzun kollu ti\u015f\u00f6rt, sevimli ve \u015f\u0131k tasar\u0131m\u0131yla \u00e7ocuklar\u0131n\u0131n favorisi olmaya aday. Bisiklet yaka kesimi ve ince dantel detaylar\u0131yla g\u00fcnl\u00fck kullan\u0131ma uygun bir stil sunuyor. Yumu\u015fak ve pamuklu dokusuyla g\u00fcn boyu konfor sa\u011fl\u0131yor. \u00dcst\u00fcndeki dantel i\u015flemeler, ti\u015f\u00f6rt\u00fc zarif bir se\u00e7im haline getiriyor.<\/p>\n<p>\u00dcr\u00fcn \u00d6zellikleri<br \/>\nKol Tipi: Uzun Kol<br \/>\nYaka Tipi: Bisiklet Yaka<br \/>\nDetay: Dantel Detayl\u0131<br \/>\nFit: Slim Fit<br \/>\nKuma\u015f: %98 Pamuk, %2 Elastan<br \/>\nKullan\u0131m Alan\u0131: G\u00fcnl\u00fck Giyim<\/p>\n<p>Koton k\u0131z \u00e7ocuk giyim koleksiyonu, c\u0131v\u0131l c\u0131v\u0131l tasar\u0131mlar\u0131yla miniklerin kalbini \u00e7al\u0131yor! Konforlu ve sevimli kombinler olu\u015fturman\u0131z\u0131 sa\u011flayacak modellerle tarz\u0131n\u0131za enerji kat\u0131n!<\/p>\n","protected":false},"excerpt":{"rendered":"<p>Dantel detayl\u0131, uzun kollu ti\u015f\u00f6rt, sevimli ve \u015f\u0131k tasar\u0131m\u0131yla \u00e7ocuklar\u0131n\u0131n favorisi olmaya aday. Bisiklet yaka kesimi ve ince dantel detaylar\u0131yla g\u00fcnl\u00fck kullan\u0131ma uygun bir stil sunuyor. Yumu\u015fak ve pamuklu dokusuyla g\u00fcn boyu konfor sa\u011fl\u0131yor. \u00dcst\u00fcndeki dantel i\u015flemeler, ti\u015f\u00f6rt\u00fc zarif bir se\u00e7im haline getiriyor. \u00dcr\u00fcn \u00d6zellikleri Kol Tipi: Uzun Kol Yaka Tipi: Bisiklet Yaka Detay: Dantel [&hellip;]<\/p>\n","protected":false},"featured_media":166981,"comment_status":"open","ping_status":"closed","template":"","meta":[],"product_brand":[],"product_cat":[8715,8694,8724],"product_tag":[7623,7426],"class_list":{"0":"post-166984","1":"product","2":"type-product","3":"status-publish","4":"has-post-thumbnail","6":"product_cat-kiz-cocuklari-2-14-yas","7":"product_cat-cocuklar","8":"product_cat-tisortler-bluzlar","9":"product_tag-dantel-detayli","10":"product_tag-gunluk-giyim-3","11":"pa_brand-koton","12":"pa_color-ekru","13":"pa_size-11-12-yas-2","14":"pa_size-13-14-yas-2","15":"pa_size-5-6-yas-2","16":"pa_size-6-7-yas-2","17":"pa_size-7-8-yas-2","18":"pa_size-9-10-yas-2","20":"first","21":"instock","22":"sale","23":"shipping-taxable","24":"purchasable","25":"product-type-variable"},"_links":{"self":[{"href":"https:\/\/mod.wisdar.net\/tr\/wp-json\/wp\/v2\/product\/166984","targetHints":{"allow":["GET"]}}],"collection":[{"href":"https:\/\/mod.wisdar.net\/tr\/wp-json\/wp\/v2\/product"}],"about":[{"href":"https:\/\/mod.wisdar.net\/tr\/wp-json\/wp\/v2\/types\/product"}],"replies":[{"embeddable":true,"href":"https:\/\/mod.wisdar.net\/tr\/wp-json\/wp\/v2\/comments?post=166984"}],"wp:featuredmedia":[{"embeddable":true,"href":"https:\/\/mod.wisdar.net\/tr\/wp-json\/wp\/v2\/media\/166981"}],"wp:attachment":[{"href":"https:\/\/mod.wisdar.net\/tr\/wp-json\/wp\/v2\/media?parent=166984"}],"wp:term":[{"taxonomy":"product_brand","embeddable":true,"href":"https:\/\/mod.wisdar.net\/tr\/wp-json\/wp\/v2\/product_brand?post=166984"},{"taxonomy":"product_cat","embeddable":true,"href":"https:\/\/mod.wisdar.net\/tr\/wp-json\/wp\/v2\/product_cat?post=166984"},{"taxonomy":"product_tag","embeddable":true,"href":"https:\/\/mod.wisdar.net\/tr\/wp-json\/wp\/v2\/product_tag?post=166984"}],"curies":[{"name":"wp","href":"https:\/\/api.w.org\/{rel}","templated":true}]}}