{"id":167041,"date":"2026-03-05T21:24:46","date_gmt":"2026-03-05T21:24:46","guid":{"rendered":"https:\/\/modesthanim.com\/product\/erkek-bebek-pamuklu-aplikeli-kopekbaligi-baskili-2li-tisort-ve-sort-seti\/"},"modified":"2026-04-11T05:21:41","modified_gmt":"2026-04-11T05:21:41","slug":"erkek-bebek-pamuklu-aplikeli-kopekbaligi-baskili-2li-tisort-ve-sort-seti","status":"publish","type":"product","link":"https:\/\/mod.wisdar.net\/tr\/urun\/erkek-bebek-pamuklu-aplikeli-kopekbaligi-baskili-2li-tisort-ve-sort-seti\/","title":{"rendered":"Erkek Bebek Pamuklu Aplikeli K\u00f6pekbal\u0131\u011f\u0131 Bask\u0131l\u0131 2&#8217;li Ti\u015f\u00f6rt ve \u015eort Seti"},"content":{"rendered":"<p>K\u00f6pekbal\u0131\u011f\u0131 bask\u0131l\u0131 sevimli ti\u015f\u00f6rt ve \u015fort seti, minikler i\u00e7in e\u011flenceli bir se\u00e7enek sunuyor. Pamuklu kuma\u015fa sahip set, g\u00fcn boyu rahat ve ferah bir giyim deneyimi ya\u015fat\u0131yor. K\u0131sa kollu ti\u015f\u00f6rt\u00fc ve \u015fort seti hem g\u00fcnl\u00fck kullan\u0131ma hem de oyun saatlerine e\u015flik ediyor. \u00dczerindeki aplikeli k\u00f6pekbal\u0131\u011f\u0131 bask\u0131s\u0131 sayesinde hem ebeveynlerin hem de miniklerin favorisi haline geliyor. \u00dcr\u00fcn \u00d6zellikleri Yaka Tipi: Bisiklet Yaka Kol Tipi: K\u0131sa Kol Kuma\u015f: %100 Pamuk Detay: 3D Bask\u0131l\u0131 Kullan\u0131m Alan\u0131: G\u00fcnl\u00fck Giyim, Spor Giyim Koton erkek bebek koleksiyonu, sevimli ve konforlu tasar\u0131mlar sunuyor. Koton&#8217;un kaliteli bebek giyim \u00fcr\u00fcnlerini ke\u015ffedin! \u00c7oklu paketlerimizde, \u00fcr\u00fcnlerin kuma\u015f bilgileri farkl\u0131l\u0131k g\u00f6sterebilir. \u00dcr\u00fcnlerimiz kimyasallara kar\u015f\u0131 test edilerek, t\u00fcm g\u00fcvenlik kurallar\u0131na uygun olarak \u00fcretilir. \u00dcr\u00fcnlerimizde sa\u011fl\u0131\u011fa zararl\u0131 boyalar ve a\u011f\u0131r metaller, tehlikeli yutulabilecek k\u00fc\u00e7\u00fck ve keskin par\u00e7alar, kordon ve ba\u011fc\u0131klar bulunmamaktad\u0131r.<\/p>\n","protected":false},"excerpt":{"rendered":"<p>K\u00f6pekbal\u0131\u011f\u0131 bask\u0131l\u0131 sevimli ti\u015f\u00f6rt ve \u015fort seti, minikler i\u00e7in e\u011flenceli bir se\u00e7enek sunuyor. Pamuklu kuma\u015fa sahip set, g\u00fcn boyu rahat ve ferah bir giyim deneyimi ya\u015fat\u0131yor. K\u0131sa kollu ti\u015f\u00f6rt\u00fc ve \u015fort seti hem g\u00fcnl\u00fck kullan\u0131ma hem de oyun saatlerine e\u015flik ediyor. \u00dczerindeki aplikeli k\u00f6pekbal\u0131\u011f\u0131 bask\u0131s\u0131 sayesinde hem ebeveynlerin hem de miniklerin favorisi haline geliyor. \u00dcr\u00fcn [&hellip;]<\/p>\n","protected":false},"featured_media":167034,"comment_status":"open","ping_status":"closed","template":"","meta":[],"product_brand":[],"product_cat":[8745,8739,8694],"product_tag":[7426,8039,6751],"class_list":{"0":"post-167041","1":"product","2":"type-product","3":"status-publish","4":"has-post-thumbnail","6":"product_cat-erkek-cocuk-takimlari","7":"product_cat-erkek-cocuklar-2-14-yas","8":"product_cat-cocuklar","9":"product_tag-gunluk-giyim-3","10":"product_tag-koton","11":"product_tag-rahat","12":"pa_brand-koton","13":"pa_color-lacivert","14":"pa_size-12-18-ay-2","15":"pa_size-18-24-ay-2","16":"pa_size-24-36-ay-2","17":"pa_size-3-4-yas-2","18":"pa_size-4-5-yas-2","19":"pa_size-9-12-ay-3","21":"first","22":"outofstock","23":"shipping-taxable","24":"product-type-variable"},"_links":{"self":[{"href":"https:\/\/mod.wisdar.net\/tr\/wp-json\/wp\/v2\/product\/167041","targetHints":{"allow":["GET"]}}],"collection":[{"href":"https:\/\/mod.wisdar.net\/tr\/wp-json\/wp\/v2\/product"}],"about":[{"href":"https:\/\/mod.wisdar.net\/tr\/wp-json\/wp\/v2\/types\/product"}],"replies":[{"embeddable":true,"href":"https:\/\/mod.wisdar.net\/tr\/wp-json\/wp\/v2\/comments?post=167041"}],"wp:featuredmedia":[{"embeddable":true,"href":"https:\/\/mod.wisdar.net\/tr\/wp-json\/wp\/v2\/media\/167034"}],"wp:attachment":[{"href":"https:\/\/mod.wisdar.net\/tr\/wp-json\/wp\/v2\/media?parent=167041"}],"wp:term":[{"taxonomy":"product_brand","embeddable":true,"href":"https:\/\/mod.wisdar.net\/tr\/wp-json\/wp\/v2\/product_brand?post=167041"},{"taxonomy":"product_cat","embeddable":true,"href":"https:\/\/mod.wisdar.net\/tr\/wp-json\/wp\/v2\/product_cat?post=167041"},{"taxonomy":"product_tag","embeddable":true,"href":"https:\/\/mod.wisdar.net\/tr\/wp-json\/wp\/v2\/product_tag?post=167041"}],"curies":[{"name":"wp","href":"https:\/\/api.w.org\/{rel}","templated":true}]}}