{"id":167048,"date":"2026-03-05T21:24:47","date_gmt":"2026-03-05T21:24:47","guid":{"rendered":"https:\/\/modesthanim.com\/product\/kiz-cocuk-uzun-kollu-bisiklet-yaka-dugme-detayli-kaskorse-bluz\/"},"modified":"2026-03-05T21:25:18","modified_gmt":"2026-03-05T21:25:18","slug":"kiz-cocuk-uzun-kollu-bisiklet-yaka-dugme-detayli-kaskorse-bluz","status":"publish","type":"product","link":"https:\/\/mod.wisdar.net\/tr\/urun\/kiz-cocuk-uzun-kollu-bisiklet-yaka-dugme-detayli-kaskorse-bluz\/","title":{"rendered":"K\u0131z \u00c7ocuk Uzun Kollu Bisiklet Yaka D\u00fc\u011fme Detayl\u0131 Ka\u015fkorse Bluz"},"content":{"rendered":"<p>Ka\u015fkorse bluz, uzun kollu ve bisiklet yakal\u0131 yap\u0131s\u0131yla dikkat \u00e7ekiyor. D\u00fc\u011fme detaylar\u0131 ile \u00e7ocuklar\u0131n enerjik stilini tamaml\u0131yor. Yumu\u015fak dokusu sayesinde konfor sunan bu bluz, her kombine rahatl\u0131kla uyum sa\u011fl\u0131yor.<\/p>\n<p>\u00dcr\u00fcn \u00d6zellikleri<\/p>\n<p>Kol Tipi: Uzun Kol<br \/>\nYaka Tipi: Bisiklet Yaka<br \/>\nDetay: D\u00fc\u011fmeli<br \/>\nKullan\u0131m Alan\u0131: G\u00fcnl\u00fck Giyim<\/p>\n<p>Koton k\u0131z \u00e7ocuk koleksiyonu, tarz\u0131 ve enerjisiyle miniklerin favorisi olacak! Renkli ve e\u011flenceli tasar\u0131mlarla dolu Koton Kids koleksiyonunu ke\u015ffedin!<\/p>\n","protected":false},"excerpt":{"rendered":"<p>Ka\u015fkorse bluz, uzun kollu ve bisiklet yakal\u0131 yap\u0131s\u0131yla dikkat \u00e7ekiyor. D\u00fc\u011fme detaylar\u0131 ile \u00e7ocuklar\u0131n enerjik stilini tamaml\u0131yor. Yumu\u015fak dokusu sayesinde konfor sunan bu bluz, her kombine rahatl\u0131kla uyum sa\u011fl\u0131yor. \u00dcr\u00fcn \u00d6zellikleri Kol Tipi: Uzun Kol Yaka Tipi: Bisiklet Yaka Detay: D\u00fc\u011fmeli Kullan\u0131m Alan\u0131: G\u00fcnl\u00fck Giyim Koton k\u0131z \u00e7ocuk koleksiyonu, tarz\u0131 ve enerjisiyle miniklerin favorisi olacak! [&hellip;]<\/p>\n","protected":false},"featured_media":167036,"comment_status":"open","ping_status":"closed","template":"","meta":[],"product_brand":[],"product_cat":[8715,8694,8724],"product_tag":[7426],"class_list":{"0":"post-167048","1":"product","2":"type-product","3":"status-publish","4":"has-post-thumbnail","6":"product_cat-kiz-cocuklari-2-14-yas","7":"product_cat-cocuklar","8":"product_cat-tisortler-bluzlar","9":"product_tag-gunluk-giyim-3","10":"pa_brand-koton","11":"pa_color-gri-melanj","12":"pa_size-11-12-yas-2","13":"pa_size-13-14-yas-2","14":"pa_size-5-6-yas-2","15":"pa_size-6-7-yas-2","16":"pa_size-7-8-yas-2","17":"pa_size-9-10-yas-2","19":"first","20":"instock","21":"sale","22":"shipping-taxable","23":"purchasable","24":"product-type-variable"},"_links":{"self":[{"href":"https:\/\/mod.wisdar.net\/tr\/wp-json\/wp\/v2\/product\/167048","targetHints":{"allow":["GET"]}}],"collection":[{"href":"https:\/\/mod.wisdar.net\/tr\/wp-json\/wp\/v2\/product"}],"about":[{"href":"https:\/\/mod.wisdar.net\/tr\/wp-json\/wp\/v2\/types\/product"}],"replies":[{"embeddable":true,"href":"https:\/\/mod.wisdar.net\/tr\/wp-json\/wp\/v2\/comments?post=167048"}],"wp:featuredmedia":[{"embeddable":true,"href":"https:\/\/mod.wisdar.net\/tr\/wp-json\/wp\/v2\/media\/167036"}],"wp:attachment":[{"href":"https:\/\/mod.wisdar.net\/tr\/wp-json\/wp\/v2\/media?parent=167048"}],"wp:term":[{"taxonomy":"product_brand","embeddable":true,"href":"https:\/\/mod.wisdar.net\/tr\/wp-json\/wp\/v2\/product_brand?post=167048"},{"taxonomy":"product_cat","embeddable":true,"href":"https:\/\/mod.wisdar.net\/tr\/wp-json\/wp\/v2\/product_cat?post=167048"},{"taxonomy":"product_tag","embeddable":true,"href":"https:\/\/mod.wisdar.net\/tr\/wp-json\/wp\/v2\/product_tag?post=167048"}],"curies":[{"name":"wp","href":"https:\/\/api.w.org\/{rel}","templated":true}]}}