{"id":167188,"date":"2026-03-06T20:10:14","date_gmt":"2026-03-06T20:10:14","guid":{"rendered":"https:\/\/modesthanim.com\/product\/idil-pantolonlu-takim-haki\/"},"modified":"2026-03-21T02:32:19","modified_gmt":"2026-03-21T02:32:19","slug":"idil-pantolonlu-takim-haki","status":"publish","type":"product","link":"https:\/\/mod.wisdar.net\/tr\/urun\/idil-pantolonlu-takim-haki\/","title":{"rendered":"\u0130dil Pantolonlu Tak\u0131m Haki"},"content":{"rendered":"<p>*Tak\u0131m 1.s\u0131n\u0131f \u00e7ilek kuma\u015ft\u0131r<br \/>\n*Tunik tam boy d\u00fc\u011fmelidir<br \/>\n*Tunik seyyar ip kemerlidir<br \/>\n*Tunik kol ucu lastikli dir<br \/>\n*Pantolon beli lastiklidir<br \/>\n*Tunik boy 119cm omuz d\u00fc\u015f\u00fck g\u00f6\u011f\u00fcs 53cm<br \/>\n*Pantolon boy 104cm bel 34cm<\/p>\n","protected":false},"excerpt":{"rendered":"<p>*Tak\u0131m 1.s\u0131n\u0131f \u00e7ilek kuma\u015ft\u0131r *Tunik tam boy d\u00fc\u011fmelidir *Tunik seyyar ip kemerlidir *Tunik kol ucu lastikli dir *Pantolon beli lastiklidir *Tunik boy 119cm omuz d\u00fc\u015f\u00fck g\u00f6\u011f\u00fcs 53cm *Pantolon boy 104cm bel 34cm<\/p>\n","protected":false},"featured_media":167174,"comment_status":"open","ping_status":"closed","template":"","meta":[],"product_brand":[],"product_cat":[1900],"product_tag":[7426],"class_list":{"0":"post-167188","1":"product","2":"type-product","3":"status-publish","4":"has-post-thumbnail","6":"product_cat-koordinatlar-setler","7":"product_tag-gunluk-giyim-3","8":"pa_brand-butikkolik","9":"pa_color-haki","10":"pa_size-4706","11":"pa_size-4711","12":"pa_size-4713","13":"pa_size-4751","14":"pa_size-4749","15":"pa_size-4747","17":"first","18":"outofstock","19":"shipping-taxable","20":"product-type-variable"},"_links":{"self":[{"href":"https:\/\/mod.wisdar.net\/tr\/wp-json\/wp\/v2\/product\/167188","targetHints":{"allow":["GET"]}}],"collection":[{"href":"https:\/\/mod.wisdar.net\/tr\/wp-json\/wp\/v2\/product"}],"about":[{"href":"https:\/\/mod.wisdar.net\/tr\/wp-json\/wp\/v2\/types\/product"}],"replies":[{"embeddable":true,"href":"https:\/\/mod.wisdar.net\/tr\/wp-json\/wp\/v2\/comments?post=167188"}],"wp:featuredmedia":[{"embeddable":true,"href":"https:\/\/mod.wisdar.net\/tr\/wp-json\/wp\/v2\/media\/167174"}],"wp:attachment":[{"href":"https:\/\/mod.wisdar.net\/tr\/wp-json\/wp\/v2\/media?parent=167188"}],"wp:term":[{"taxonomy":"product_brand","embeddable":true,"href":"https:\/\/mod.wisdar.net\/tr\/wp-json\/wp\/v2\/product_brand?post=167188"},{"taxonomy":"product_cat","embeddable":true,"href":"https:\/\/mod.wisdar.net\/tr\/wp-json\/wp\/v2\/product_cat?post=167188"},{"taxonomy":"product_tag","embeddable":true,"href":"https:\/\/mod.wisdar.net\/tr\/wp-json\/wp\/v2\/product_tag?post=167188"}],"curies":[{"name":"wp","href":"https:\/\/api.w.org\/{rel}","templated":true}]}}