{"id":167197,"date":"2026-03-06T20:10:15","date_gmt":"2026-03-06T20:10:15","guid":{"rendered":"https:\/\/modesthanim.com\/product\/idil-pantolonlu-takim-siyah\/"},"modified":"2026-04-01T07:52:01","modified_gmt":"2026-04-01T07:52:01","slug":"idil-pantolonlu-takim-siyah","status":"publish","type":"product","link":"https:\/\/mod.wisdar.net\/tr\/urun\/idil-pantolonlu-takim-siyah\/","title":{"rendered":"\u0130dil Pantolonlu Tak\u0131m Siyah"},"content":{"rendered":"<p>*Tak\u0131m 1.s\u0131n\u0131f \u00e7ilek kuma\u015ft\u0131r<br \/>\n*Tunik tam boy d\u00fc\u011fmelidir<br \/>\n*Tunik seyyar ip kemerlidir<br \/>\n*Tunik kol ucu lastikli dir<br \/>\n*Pantolon beli lastiklidir<br \/>\n*Tunik boy 119cm omuz d\u00fc\u015f\u00fck g\u00f6\u011f\u00fcs 53cm<br \/>\n*Pantolon boy 104cm bel 34cm<\/p>\n","protected":false},"excerpt":{"rendered":"<p>*Tak\u0131m 1.s\u0131n\u0131f \u00e7ilek kuma\u015ft\u0131r *Tunik tam boy d\u00fc\u011fmelidir *Tunik seyyar ip kemerlidir *Tunik kol ucu lastikli dir *Pantolon beli lastiklidir *Tunik boy 119cm omuz d\u00fc\u015f\u00fck g\u00f6\u011f\u00fcs 53cm *Pantolon boy 104cm bel 34cm<\/p>\n","protected":false},"featured_media":167175,"comment_status":"open","ping_status":"closed","template":"","meta":[],"product_brand":[],"product_cat":[1900],"product_tag":[6744,6765,7959,7074],"class_list":{"0":"post-167197","1":"product","2":"type-product","3":"status-publish","4":"has-post-thumbnail","6":"product_cat-koordinatlar-setler","7":"product_tag-kadin-modasi","8":"product_tag-lastikli-bel","9":"product_tag-resmi-giyim","10":"product_tag-siyah","11":"pa_brand-butikkolik","12":"pa_color-siyah","13":"pa_size-4706","14":"pa_size-4711","15":"pa_size-4713","16":"pa_size-4751","17":"pa_size-4749","18":"pa_size-4747","20":"first","21":"instock","22":"sale","23":"shipping-taxable","24":"purchasable","25":"product-type-variable"},"_links":{"self":[{"href":"https:\/\/mod.wisdar.net\/tr\/wp-json\/wp\/v2\/product\/167197","targetHints":{"allow":["GET"]}}],"collection":[{"href":"https:\/\/mod.wisdar.net\/tr\/wp-json\/wp\/v2\/product"}],"about":[{"href":"https:\/\/mod.wisdar.net\/tr\/wp-json\/wp\/v2\/types\/product"}],"replies":[{"embeddable":true,"href":"https:\/\/mod.wisdar.net\/tr\/wp-json\/wp\/v2\/comments?post=167197"}],"wp:featuredmedia":[{"embeddable":true,"href":"https:\/\/mod.wisdar.net\/tr\/wp-json\/wp\/v2\/media\/167175"}],"wp:attachment":[{"href":"https:\/\/mod.wisdar.net\/tr\/wp-json\/wp\/v2\/media?parent=167197"}],"wp:term":[{"taxonomy":"product_brand","embeddable":true,"href":"https:\/\/mod.wisdar.net\/tr\/wp-json\/wp\/v2\/product_brand?post=167197"},{"taxonomy":"product_cat","embeddable":true,"href":"https:\/\/mod.wisdar.net\/tr\/wp-json\/wp\/v2\/product_cat?post=167197"},{"taxonomy":"product_tag","embeddable":true,"href":"https:\/\/mod.wisdar.net\/tr\/wp-json\/wp\/v2\/product_tag?post=167197"}],"curies":[{"name":"wp","href":"https:\/\/api.w.org\/{rel}","templated":true}]}}