{"id":167276,"date":"2026-03-07T11:44:02","date_gmt":"2026-03-07T11:44:02","guid":{"rendered":"https:\/\/modesthanim.com\/product\/linda-kontrast-dikis-detayli-elbise-murdum\/"},"modified":"2026-04-15T20:54:30","modified_gmt":"2026-04-15T20:54:30","slug":"linda-kontrast-dikis-detayli-elbise-murdum","status":"publish","type":"product","link":"https:\/\/mod.wisdar.net\/tr\/urun\/linda-kontrast-dikis-detayli-elbise-murdum\/","title":{"rendered":"Linda Kontrast Diki\u015f Detayl\u0131 Elbise M\u00dcRD\u00dcM"},"content":{"rendered":"<p>\u2014 Technical Details \u2014<br \/>\nKuma\u015f: COTTON<br \/>\nKar\u0131\u015f\u0131m: %65 COTTON %25 PES %10 EA<\/p>\n","protected":false},"excerpt":{"rendered":"<p>\u2014 Technical Details \u2014 Kuma\u015f: COTTON Kar\u0131\u015f\u0131m: %65 COTTON %25 PES %10 EA<\/p>\n","protected":false},"featured_media":167266,"comment_status":"open","ping_status":"closed","template":"","meta":[],"product_brand":[],"product_cat":[6249,1933],"product_tag":[],"class_list":{"0":"post-167276","1":"product","2":"type-product","3":"status-publish","4":"has-post-thumbnail","6":"product_cat-elbiseler","7":"product_cat-gunluk-ve-gunduz-elbiseleri","8":"pa_brand-hilay","9":"pa_color-murdum","10":"pa_size-4446","11":"pa_size-4463","12":"pa_size-4680","14":"first","15":"instock","16":"sale","17":"shipping-taxable","18":"purchasable","19":"product-type-variable"},"_links":{"self":[{"href":"https:\/\/mod.wisdar.net\/tr\/wp-json\/wp\/v2\/product\/167276","targetHints":{"allow":["GET"]}}],"collection":[{"href":"https:\/\/mod.wisdar.net\/tr\/wp-json\/wp\/v2\/product"}],"about":[{"href":"https:\/\/mod.wisdar.net\/tr\/wp-json\/wp\/v2\/types\/product"}],"replies":[{"embeddable":true,"href":"https:\/\/mod.wisdar.net\/tr\/wp-json\/wp\/v2\/comments?post=167276"}],"wp:featuredmedia":[{"embeddable":true,"href":"https:\/\/mod.wisdar.net\/tr\/wp-json\/wp\/v2\/media\/167266"}],"wp:attachment":[{"href":"https:\/\/mod.wisdar.net\/tr\/wp-json\/wp\/v2\/media?parent=167276"}],"wp:term":[{"taxonomy":"product_brand","embeddable":true,"href":"https:\/\/mod.wisdar.net\/tr\/wp-json\/wp\/v2\/product_brand?post=167276"},{"taxonomy":"product_cat","embeddable":true,"href":"https:\/\/mod.wisdar.net\/tr\/wp-json\/wp\/v2\/product_cat?post=167276"},{"taxonomy":"product_tag","embeddable":true,"href":"https:\/\/mod.wisdar.net\/tr\/wp-json\/wp\/v2\/product_tag?post=167276"}],"curies":[{"name":"wp","href":"https:\/\/api.w.org\/{rel}","templated":true}]}}