{"id":16728,"date":"2025-11-02T12:48:56","date_gmt":"2025-11-02T12:48:56","guid":{"rendered":"https:\/\/modesthanim.com\/product\/plise-ve-firfir-detayli-desenli-elbise-kirmizi\/"},"modified":"2026-04-03T17:52:13","modified_gmt":"2026-04-03T17:52:13","slug":"plise-ve-firfir-detayli-desenli-elbise-kirmizi","status":"publish","type":"product","link":"https:\/\/mod.wisdar.net\/tr\/urun\/plise-ve-firfir-detayli-desenli-elbise-kirmizi\/","title":{"rendered":"Plise Ve F\u0131rf\u0131r Detayl\u0131 Desenli Elbise \u2013 K\u0131rm\u0131z\u0131"},"content":{"rendered":"<p>Plise ve f\u0131rf\u0131r detaylar\u0131yla zenginle\u015ftirilen bu desenli elbise, zarif ve \u015f\u0131k bir stil sunuyor. Ak\u0131\u015fkan kuma\u015f\u0131 ve ince detaylar\u0131 sayesinde feminen bir siluet olu\u015ftururken, desenleriyle de enerjik bir g\u00f6r\u00fcn\u00fcm kat\u0131yor.<\/p>\n<p>\u2014 Technical Details \u2014<br \/>\nDesen: D\u00fcz<br \/>\nYaka Tipi: S\u0131f\u0131r Yaka<br \/>\nKol Tipi: Uzun Kol<br \/>\nCep: Cepsiz<br \/>\nAstar: Astarl\u0131<br \/>\n\u00dcr\u00fcn Boyu: 140 cm<br \/>\nKal\u0131p Tipi: Normal Kal\u0131p<br \/>\nMankenin Giydi\u011fi Beden: 38<br \/>\nManken \u00d6l\u00e7\u00fcleri: {&#8216;Boy&#8217;: &#8216;176 cm&#8217;, &#8216;G\u00f6\u011f\u00fcs&#8217;: &#8217;84 cm&#8217;, &#8216;Bel&#8217;: &#8217;63 cm&#8217;, &#8216;Basen&#8217;: &#8217;91 cm&#8217;}<br \/>\nBeden \u00d6l\u00e7\u00fcleri: {&#8217;38&#8217;: {&#8216;G\u00f6\u011f\u00fcs&#8217;: 99, &#8216;Bel&#8217;: 136, &#8216;Boy&#8217;: 140, &#8216;Kol Boyu&#8217;: 62}, &#8217;40&#8217;: {&#8216;G\u00f6\u011f\u00fcs&#8217;: 103, &#8216;Bel&#8217;: 140, &#8216;Boy&#8217;: 140.25, &#8216;Kol Boyu&#8217;: 62.3}, &#8217;42&#8217;: {&#8216;G\u00f6\u011f\u00fcs&#8217;: 107, &#8216;Bel&#8217;: 144, &#8216;Boy&#8217;: 140.5, &#8216;Kol Boyu&#8217;: 62.6}, &#8217;44&#8217;: {&#8216;G\u00f6\u011f\u00fcs&#8217;: 111, &#8216;Bel&#8217;: 148, &#8216;Boy&#8217;: 140.75, &#8216;Kol Boyu&#8217;: 63}}<\/p>\n","protected":false},"excerpt":{"rendered":"<p>Plise ve f\u0131rf\u0131r detaylar\u0131yla zenginle\u015ftirilen bu desenli elbise, zarif ve \u015f\u0131k bir stil sunuyor. Ak\u0131\u015fkan kuma\u015f\u0131 ve ince detaylar\u0131 sayesinde feminen bir siluet olu\u015ftururken, desenleriyle de enerjik bir g\u00f6r\u00fcn\u00fcm kat\u0131yor. \u2014 Technical Details \u2014 Desen: D\u00fcz Yaka Tipi: S\u0131f\u0131r Yaka Kol Tipi: Uzun Kol Cep: Cepsiz Astar: Astarl\u0131 \u00dcr\u00fcn Boyu: 140 cm Kal\u0131p Tipi: Normal [&hellip;]<\/p>\n","protected":false},"featured_media":51924,"comment_status":"open","ping_status":"closed","template":"","meta":[],"product_brand":[],"product_cat":[6249,1933],"product_tag":[6769,5012,6747,8399],"class_list":{"0":"post-16728","1":"product","2":"type-product","3":"status-publish","4":"has-post-thumbnail","6":"product_cat-elbiseler","7":"product_cat-gunluk-ve-gunduz-elbiseleri","8":"product_tag-desenli","9":"product_tag-elegant","10":"product_tag-pile-detayli","11":"product_tag-sik-2","12":"pa_brand-tugba","13":"pa_color-kirmizi","14":"pa_size-4706","15":"pa_size-4711","16":"pa_size-4713","17":"pa_size-4751","19":"first","20":"instock","21":"sale","22":"shipping-taxable","23":"purchasable","24":"product-type-variable"},"_links":{"self":[{"href":"https:\/\/mod.wisdar.net\/tr\/wp-json\/wp\/v2\/product\/16728","targetHints":{"allow":["GET"]}}],"collection":[{"href":"https:\/\/mod.wisdar.net\/tr\/wp-json\/wp\/v2\/product"}],"about":[{"href":"https:\/\/mod.wisdar.net\/tr\/wp-json\/wp\/v2\/types\/product"}],"replies":[{"embeddable":true,"href":"https:\/\/mod.wisdar.net\/tr\/wp-json\/wp\/v2\/comments?post=16728"}],"wp:featuredmedia":[{"embeddable":true,"href":"https:\/\/mod.wisdar.net\/tr\/wp-json\/wp\/v2\/media\/51924"}],"wp:attachment":[{"href":"https:\/\/mod.wisdar.net\/tr\/wp-json\/wp\/v2\/media?parent=16728"}],"wp:term":[{"taxonomy":"product_brand","embeddable":true,"href":"https:\/\/mod.wisdar.net\/tr\/wp-json\/wp\/v2\/product_brand?post=16728"},{"taxonomy":"product_cat","embeddable":true,"href":"https:\/\/mod.wisdar.net\/tr\/wp-json\/wp\/v2\/product_cat?post=16728"},{"taxonomy":"product_tag","embeddable":true,"href":"https:\/\/mod.wisdar.net\/tr\/wp-json\/wp\/v2\/product_tag?post=16728"}],"curies":[{"name":"wp","href":"https:\/\/api.w.org\/{rel}","templated":true}]}}