{"id":167338,"date":"2026-03-07T11:44:47","date_gmt":"2026-03-07T11:44:47","guid":{"rendered":"https:\/\/modesthanim.com\/product\/linda-kontrast-dikis-detayli-elbise-lacivert\/"},"modified":"2026-04-15T21:03:32","modified_gmt":"2026-04-15T21:03:32","slug":"linda-kontrast-dikis-detayli-elbise-lacivert","status":"publish","type":"product","link":"https:\/\/mod.wisdar.net\/tr\/urun\/linda-kontrast-dikis-detayli-elbise-lacivert\/","title":{"rendered":"Linda Kontrast Diki\u015f Detayl\u0131 Elbise LAC\u0130VERT"},"content":{"rendered":"<p>\u2014 Technical Details \u2014<br \/>\nKuma\u015f: COTTON<br \/>\nKar\u0131\u015f\u0131m: %65 COTTON %25 PES %10 EA<\/p>\n","protected":false},"excerpt":{"rendered":"<p>\u2014 Technical Details \u2014 Kuma\u015f: COTTON Kar\u0131\u015f\u0131m: %65 COTTON %25 PES %10 EA<\/p>\n","protected":false},"featured_media":167333,"comment_status":"open","ping_status":"closed","template":"","meta":[],"product_brand":[],"product_cat":[6249,1933],"product_tag":[8282,7425,6877],"class_list":{"0":"post-167338","1":"product","2":"type-product","3":"status-publish","4":"has-post-thumbnail","6":"product_cat-elbiseler","7":"product_cat-gunluk-ve-gunduz-elbiseleri","8":"product_tag-lacivert-2","9":"product_tag-pamuk-karisimi","10":"product_tag-yaz-elbisesi","11":"pa_brand-hilay","12":"pa_color-lacivert","13":"pa_size-4446","14":"pa_size-4463","15":"pa_size-4680","17":"first","18":"instock","19":"sale","20":"shipping-taxable","21":"purchasable","22":"product-type-variable"},"_links":{"self":[{"href":"https:\/\/mod.wisdar.net\/tr\/wp-json\/wp\/v2\/product\/167338","targetHints":{"allow":["GET"]}}],"collection":[{"href":"https:\/\/mod.wisdar.net\/tr\/wp-json\/wp\/v2\/product"}],"about":[{"href":"https:\/\/mod.wisdar.net\/tr\/wp-json\/wp\/v2\/types\/product"}],"replies":[{"embeddable":true,"href":"https:\/\/mod.wisdar.net\/tr\/wp-json\/wp\/v2\/comments?post=167338"}],"wp:featuredmedia":[{"embeddable":true,"href":"https:\/\/mod.wisdar.net\/tr\/wp-json\/wp\/v2\/media\/167333"}],"wp:attachment":[{"href":"https:\/\/mod.wisdar.net\/tr\/wp-json\/wp\/v2\/media?parent=167338"}],"wp:term":[{"taxonomy":"product_brand","embeddable":true,"href":"https:\/\/mod.wisdar.net\/tr\/wp-json\/wp\/v2\/product_brand?post=167338"},{"taxonomy":"product_cat","embeddable":true,"href":"https:\/\/mod.wisdar.net\/tr\/wp-json\/wp\/v2\/product_cat?post=167338"},{"taxonomy":"product_tag","embeddable":true,"href":"https:\/\/mod.wisdar.net\/tr\/wp-json\/wp\/v2\/product_tag?post=167338"}],"curies":[{"name":"wp","href":"https:\/\/api.w.org\/{rel}","templated":true}]}}