{"id":167428,"date":"2026-03-07T11:46:02","date_gmt":"2026-03-07T11:46:02","guid":{"rendered":"https:\/\/modesthanim.com\/product\/bella-pileli-asimetrik-kesim-lyocell-iclik-elbiseli-takim-kahverengi\/"},"modified":"2026-04-11T02:23:56","modified_gmt":"2026-04-11T02:23:56","slug":"bella-pileli-asimetrik-kesim-lyocell-iclik-elbiseli-takim-kahverengi","status":"publish","type":"product","link":"https:\/\/mod.wisdar.net\/tr\/urun\/bella-pileli-asimetrik-kesim-lyocell-iclik-elbiseli-takim-kahverengi\/","title":{"rendered":"Bella Pileli Asimetrik Kesim Lyocell \u0130\u00e7lik Elbiseli Tak\u0131m KAHVERENG\u0130"},"content":{"rendered":"<p>\u2014 Technical Details \u2014<br \/>\nKuma\u015f: LYOCELL<br \/>\nKar\u0131\u015f\u0131m: %46 LYOCELL %54 COTTON<\/p>\n","protected":false},"excerpt":{"rendered":"<p>\u2014 Technical Details \u2014 Kuma\u015f: LYOCELL Kar\u0131\u015f\u0131m: %46 LYOCELL %54 COTTON<\/p>\n","protected":false},"featured_media":167422,"comment_status":"open","ping_status":"closed","template":"","meta":[],"product_brand":[],"product_cat":[6249,1933],"product_tag":[],"class_list":{"0":"post-167428","1":"product","2":"type-product","3":"status-publish","4":"has-post-thumbnail","6":"product_cat-elbiseler","7":"product_cat-gunluk-ve-gunduz-elbiseleri","8":"pa_brand-hilay","9":"pa_color-kahverengi","10":"pa_size-4446","11":"pa_size-4463","12":"pa_size-4680","14":"first","15":"instock","16":"sale","17":"shipping-taxable","18":"purchasable","19":"product-type-variable"},"_links":{"self":[{"href":"https:\/\/mod.wisdar.net\/tr\/wp-json\/wp\/v2\/product\/167428","targetHints":{"allow":["GET"]}}],"collection":[{"href":"https:\/\/mod.wisdar.net\/tr\/wp-json\/wp\/v2\/product"}],"about":[{"href":"https:\/\/mod.wisdar.net\/tr\/wp-json\/wp\/v2\/types\/product"}],"replies":[{"embeddable":true,"href":"https:\/\/mod.wisdar.net\/tr\/wp-json\/wp\/v2\/comments?post=167428"}],"wp:featuredmedia":[{"embeddable":true,"href":"https:\/\/mod.wisdar.net\/tr\/wp-json\/wp\/v2\/media\/167422"}],"wp:attachment":[{"href":"https:\/\/mod.wisdar.net\/tr\/wp-json\/wp\/v2\/media?parent=167428"}],"wp:term":[{"taxonomy":"product_brand","embeddable":true,"href":"https:\/\/mod.wisdar.net\/tr\/wp-json\/wp\/v2\/product_brand?post=167428"},{"taxonomy":"product_cat","embeddable":true,"href":"https:\/\/mod.wisdar.net\/tr\/wp-json\/wp\/v2\/product_cat?post=167428"},{"taxonomy":"product_tag","embeddable":true,"href":"https:\/\/mod.wisdar.net\/tr\/wp-json\/wp\/v2\/product_tag?post=167428"}],"curies":[{"name":"wp","href":"https:\/\/api.w.org\/{rel}","templated":true}]}}