{"id":167518,"date":"2026-03-07T11:57:08","date_gmt":"2026-03-07T11:57:08","guid":{"rendered":"https:\/\/modesthanim.com\/product\/mari-belden-oturtmali-lyocell-elbise-siyah\/"},"modified":"2026-04-11T02:25:59","modified_gmt":"2026-04-11T02:25:59","slug":"mari-belden-oturtmali-lyocell-elbise-siyah","status":"publish","type":"product","link":"https:\/\/mod.wisdar.net\/tr\/urun\/mari-belden-oturtmali-lyocell-elbise-siyah\/","title":{"rendered":"Mari Belden Oturtmal\u0131 Lyocell Elbise S\u0130YAH"},"content":{"rendered":"<p>\u2014 Technical Details \u2014<br \/>\nKuma\u015f: LYOCELL<br \/>\nKar\u0131\u015f\u0131m: %53 LYOCELL %47 TENCEL<\/p>\n","protected":false},"excerpt":{"rendered":"<p>\u2014 Technical Details \u2014 Kuma\u015f: LYOCELL Kar\u0131\u015f\u0131m: %53 LYOCELL %47 TENCEL<\/p>\n","protected":false},"featured_media":167508,"comment_status":"open","ping_status":"closed","template":"","meta":[],"product_brand":[],"product_cat":[6249,1933],"product_tag":[],"class_list":{"0":"post-167518","1":"product","2":"type-product","3":"status-publish","4":"has-post-thumbnail","6":"product_cat-elbiseler","7":"product_cat-gunluk-ve-gunduz-elbiseleri","8":"pa_brand-hilay","9":"pa_color-siyah","10":"pa_size-4446","11":"pa_size-4463","13":"first","14":"instock","15":"sale","16":"shipping-taxable","17":"purchasable","18":"product-type-variable"},"_links":{"self":[{"href":"https:\/\/mod.wisdar.net\/tr\/wp-json\/wp\/v2\/product\/167518","targetHints":{"allow":["GET"]}}],"collection":[{"href":"https:\/\/mod.wisdar.net\/tr\/wp-json\/wp\/v2\/product"}],"about":[{"href":"https:\/\/mod.wisdar.net\/tr\/wp-json\/wp\/v2\/types\/product"}],"replies":[{"embeddable":true,"href":"https:\/\/mod.wisdar.net\/tr\/wp-json\/wp\/v2\/comments?post=167518"}],"wp:featuredmedia":[{"embeddable":true,"href":"https:\/\/mod.wisdar.net\/tr\/wp-json\/wp\/v2\/media\/167508"}],"wp:attachment":[{"href":"https:\/\/mod.wisdar.net\/tr\/wp-json\/wp\/v2\/media?parent=167518"}],"wp:term":[{"taxonomy":"product_brand","embeddable":true,"href":"https:\/\/mod.wisdar.net\/tr\/wp-json\/wp\/v2\/product_brand?post=167518"},{"taxonomy":"product_cat","embeddable":true,"href":"https:\/\/mod.wisdar.net\/tr\/wp-json\/wp\/v2\/product_cat?post=167518"},{"taxonomy":"product_tag","embeddable":true,"href":"https:\/\/mod.wisdar.net\/tr\/wp-json\/wp\/v2\/product_tag?post=167518"}],"curies":[{"name":"wp","href":"https:\/\/api.w.org\/{rel}","templated":true}]}}