{"id":167534,"date":"2026-03-07T11:57:18","date_gmt":"2026-03-07T11:57:18","guid":{"rendered":"https:\/\/modesthanim.com\/product\/mari-belden-oturtmali-lyocell-elbise-murdum\/"},"modified":"2026-04-15T21:12:38","modified_gmt":"2026-04-15T21:12:38","slug":"mari-belden-oturtmali-lyocell-elbise-murdum","status":"publish","type":"product","link":"https:\/\/mod.wisdar.net\/tr\/urun\/mari-belden-oturtmali-lyocell-elbise-murdum\/","title":{"rendered":"Mari Belden Oturtmal\u0131 Lyocell Elbise M\u00dcRD\u00dcM"},"content":{"rendered":"<p>\u2014 Technical Details \u2014<br \/>\nKuma\u015f: LYOCELL<br \/>\nKar\u0131\u015f\u0131m: %53 LYOCELL %47 TENCEL<\/p>\n","protected":false},"excerpt":{"rendered":"<p>\u2014 Technical Details \u2014 Kuma\u015f: LYOCELL Kar\u0131\u015f\u0131m: %53 LYOCELL %47 TENCEL<\/p>\n","protected":false},"featured_media":167524,"comment_status":"open","ping_status":"closed","template":"","meta":[],"product_brand":[],"product_cat":[6249,1933],"product_tag":[6745],"class_list":{"0":"post-167534","1":"product","2":"type-product","3":"status-publish","4":"has-post-thumbnail","6":"product_cat-elbiseler","7":"product_cat-gunluk-ve-gunduz-elbiseleri","8":"product_tag-zarif-elbise","9":"pa_brand-hilay","10":"pa_color-murdum","11":"pa_size-4446","12":"pa_size-4463","14":"first","15":"instock","16":"sale","17":"shipping-taxable","18":"purchasable","19":"product-type-variable"},"_links":{"self":[{"href":"https:\/\/mod.wisdar.net\/tr\/wp-json\/wp\/v2\/product\/167534","targetHints":{"allow":["GET"]}}],"collection":[{"href":"https:\/\/mod.wisdar.net\/tr\/wp-json\/wp\/v2\/product"}],"about":[{"href":"https:\/\/mod.wisdar.net\/tr\/wp-json\/wp\/v2\/types\/product"}],"replies":[{"embeddable":true,"href":"https:\/\/mod.wisdar.net\/tr\/wp-json\/wp\/v2\/comments?post=167534"}],"wp:featuredmedia":[{"embeddable":true,"href":"https:\/\/mod.wisdar.net\/tr\/wp-json\/wp\/v2\/media\/167524"}],"wp:attachment":[{"href":"https:\/\/mod.wisdar.net\/tr\/wp-json\/wp\/v2\/media?parent=167534"}],"wp:term":[{"taxonomy":"product_brand","embeddable":true,"href":"https:\/\/mod.wisdar.net\/tr\/wp-json\/wp\/v2\/product_brand?post=167534"},{"taxonomy":"product_cat","embeddable":true,"href":"https:\/\/mod.wisdar.net\/tr\/wp-json\/wp\/v2\/product_cat?post=167534"},{"taxonomy":"product_tag","embeddable":true,"href":"https:\/\/mod.wisdar.net\/tr\/wp-json\/wp\/v2\/product_tag?post=167534"}],"curies":[{"name":"wp","href":"https:\/\/api.w.org\/{rel}","templated":true}]}}