{"id":167575,"date":"2026-03-07T11:57:46","date_gmt":"2026-03-07T11:57:46","guid":{"rendered":"https:\/\/modesthanim.com\/product\/olivia-degaje-yaka-britli-sik-elbise-siyah\/"},"modified":"2026-04-15T21:17:47","modified_gmt":"2026-04-15T21:17:47","slug":"olivia-degaje-yaka-britli-sik-elbise-siyah","status":"publish","type":"product","link":"https:\/\/mod.wisdar.net\/tr\/urun\/olivia-degaje-yaka-britli-sik-elbise-siyah\/","title":{"rendered":"Olivia Degaje Yaka Britli \u015e\u0131k Elbise S\u0130YAH"},"content":{"rendered":"<p>\u2014 Technical Details \u2014<br \/>\nKuma\u015f: ASETAT<br \/>\nKar\u0131\u015f\u0131m: %100 ASETAT<\/p>\n","protected":false},"excerpt":{"rendered":"<p>\u2014 Technical Details \u2014 Kuma\u015f: ASETAT Kar\u0131\u015f\u0131m: %100 ASETAT<\/p>\n","protected":false},"featured_media":167568,"comment_status":"open","ping_status":"closed","template":"","meta":[],"product_brand":[],"product_cat":[6249,1933],"product_tag":[],"class_list":{"0":"post-167575","1":"product","2":"type-product","3":"status-publish","4":"has-post-thumbnail","6":"product_cat-elbiseler","7":"product_cat-gunluk-ve-gunduz-elbiseleri","8":"pa_brand-hilay","9":"pa_color-siyah","10":"pa_size-4446","11":"pa_size-4463","12":"pa_size-4680","14":"first","15":"instock","16":"sale","17":"shipping-taxable","18":"purchasable","19":"product-type-variable"},"_links":{"self":[{"href":"https:\/\/mod.wisdar.net\/tr\/wp-json\/wp\/v2\/product\/167575","targetHints":{"allow":["GET"]}}],"collection":[{"href":"https:\/\/mod.wisdar.net\/tr\/wp-json\/wp\/v2\/product"}],"about":[{"href":"https:\/\/mod.wisdar.net\/tr\/wp-json\/wp\/v2\/types\/product"}],"replies":[{"embeddable":true,"href":"https:\/\/mod.wisdar.net\/tr\/wp-json\/wp\/v2\/comments?post=167575"}],"wp:featuredmedia":[{"embeddable":true,"href":"https:\/\/mod.wisdar.net\/tr\/wp-json\/wp\/v2\/media\/167568"}],"wp:attachment":[{"href":"https:\/\/mod.wisdar.net\/tr\/wp-json\/wp\/v2\/media?parent=167575"}],"wp:term":[{"taxonomy":"product_brand","embeddable":true,"href":"https:\/\/mod.wisdar.net\/tr\/wp-json\/wp\/v2\/product_brand?post=167575"},{"taxonomy":"product_cat","embeddable":true,"href":"https:\/\/mod.wisdar.net\/tr\/wp-json\/wp\/v2\/product_cat?post=167575"},{"taxonomy":"product_tag","embeddable":true,"href":"https:\/\/mod.wisdar.net\/tr\/wp-json\/wp\/v2\/product_tag?post=167575"}],"curies":[{"name":"wp","href":"https:\/\/api.w.org\/{rel}","templated":true}]}}