{"id":167639,"date":"2026-03-07T11:58:36","date_gmt":"2026-03-07T11:58:36","guid":{"rendered":"https:\/\/modesthanim.com\/product\/olivia-degaje-yaka-britli-sik-elbise-kahverengi\/"},"modified":"2026-04-15T21:14:08","modified_gmt":"2026-04-15T21:14:08","slug":"olivia-degaje-yaka-britli-sik-elbise-kahverengi","status":"publish","type":"product","link":"https:\/\/mod.wisdar.net\/tr\/urun\/olivia-degaje-yaka-britli-sik-elbise-kahverengi\/","title":{"rendered":"Olivia Degaje Yaka Britli \u015e\u0131k Elbise KAHVERENG\u0130"},"content":{"rendered":"<p>\u2014 Technical Details \u2014<br \/>\nKuma\u015f: ASETAT<br \/>\nKar\u0131\u015f\u0131m: %100 ASETAT<\/p>\n","protected":false},"excerpt":{"rendered":"<p>\u2014 Technical Details \u2014 Kuma\u015f: ASETAT Kar\u0131\u015f\u0131m: %100 ASETAT<\/p>\n","protected":false},"featured_media":167632,"comment_status":"open","ping_status":"closed","template":"","meta":[],"product_brand":[],"product_cat":[6249,1933],"product_tag":[4908,5012],"class_list":{"0":"post-167639","1":"product","2":"type-product","3":"status-publish","4":"has-post-thumbnail","6":"product_cat-elbiseler","7":"product_cat-gunluk-ve-gunduz-elbiseleri","8":"product_tag-brown","9":"product_tag-elegant","10":"pa_brand-hilay","11":"pa_color-kahverengi","12":"pa_size-4446","13":"pa_size-4463","14":"pa_size-4680","16":"first","17":"instock","18":"sale","19":"shipping-taxable","20":"purchasable","21":"product-type-variable"},"_links":{"self":[{"href":"https:\/\/mod.wisdar.net\/tr\/wp-json\/wp\/v2\/product\/167639","targetHints":{"allow":["GET"]}}],"collection":[{"href":"https:\/\/mod.wisdar.net\/tr\/wp-json\/wp\/v2\/product"}],"about":[{"href":"https:\/\/mod.wisdar.net\/tr\/wp-json\/wp\/v2\/types\/product"}],"replies":[{"embeddable":true,"href":"https:\/\/mod.wisdar.net\/tr\/wp-json\/wp\/v2\/comments?post=167639"}],"wp:featuredmedia":[{"embeddable":true,"href":"https:\/\/mod.wisdar.net\/tr\/wp-json\/wp\/v2\/media\/167632"}],"wp:attachment":[{"href":"https:\/\/mod.wisdar.net\/tr\/wp-json\/wp\/v2\/media?parent=167639"}],"wp:term":[{"taxonomy":"product_brand","embeddable":true,"href":"https:\/\/mod.wisdar.net\/tr\/wp-json\/wp\/v2\/product_brand?post=167639"},{"taxonomy":"product_cat","embeddable":true,"href":"https:\/\/mod.wisdar.net\/tr\/wp-json\/wp\/v2\/product_cat?post=167639"},{"taxonomy":"product_tag","embeddable":true,"href":"https:\/\/mod.wisdar.net\/tr\/wp-json\/wp\/v2\/product_tag?post=167639"}],"curies":[{"name":"wp","href":"https:\/\/api.w.org\/{rel}","templated":true}]}}