{"id":16764,"date":"2025-11-07T20:16:06","date_gmt":"2025-11-02T12:50:02","guid":{"rendered":"https:\/\/modesthanim.com\/product\/bel-lastikli-pliseli-desenli-elbise-pembe\/"},"modified":"2026-02-18T21:55:07","modified_gmt":"2026-02-18T21:55:07","slug":"bel-lastikli-pliseli-desenli-elbise-pembe","status":"publish","type":"product","link":"https:\/\/mod.wisdar.net\/tr\/urun\/bel-lastikli-pliseli-desenli-elbise-pembe\/","title":{"rendered":"Bel Lastikli Pliseli Desenli Elbise \u2013 Pembe"},"content":{"rendered":"<p>Bu \u015f\u0131k ve rahat elbise, bel lastikli ve pliseli tasar\u0131m\u0131yla dikkat \u00e7eker. Elastik bel detay\u0131 sayesinde belinizi zarif bir \u015fekilde vurgular, plise deseni ise elbiseye dinamik bir hava katar. Kuma\u015f \u0130\u00e7eri\u011fi: %100 Polyester. Desen: Kar\u0131\u015f\u0131k Desen. Yaka Tipi: Hakim Yaka. Kol Tipi: Uzun Kol. Cep: Cepsiz. Astar: Astarl\u0131. \u00dcr\u00fcn Boyu: 138 cm. Kal\u0131p Tipi: Normal Kal\u0131p. Mankenin Giydi\u011fi Beden: 38. Manken \u00d6l\u00e7\u00fcleri: Boy: 176 cm, G\u00f6\u011f\u00fcs: 75 cm, Bel: 59 cm, Basen: 87 cm.<\/p>\n","protected":false},"excerpt":{"rendered":"<p>Bu \u015f\u0131k ve rahat elbise, bel lastikli ve pliseli tasar\u0131m\u0131yla dikkat \u00e7eker. Elastik bel detay\u0131 sayesinde belinizi zarif bir \u015fekilde vurgular, plise deseni ise elbiseye dinamik bir hava katar. Kuma\u015f \u0130\u00e7eri\u011fi: %100 Polyester. Desen: Kar\u0131\u015f\u0131k Desen. Yaka Tipi: Hakim Yaka. Kol Tipi: Uzun Kol. Cep: Cepsiz. Astar: Astarl\u0131. \u00dcr\u00fcn Boyu: 138 cm. Kal\u0131p Tipi: Normal [&hellip;]<\/p>\n","protected":false},"featured_media":51899,"comment_status":"open","ping_status":"closed","template":"","meta":[],"product_brand":[],"product_cat":[6249],"product_tag":[],"class_list":{"0":"post-16764","1":"product","2":"type-product","3":"status-publish","4":"has-post-thumbnail","6":"product_cat-elbiseler","7":"pa_color-pembe","8":"pa_size-4706","9":"pa_size-4711","10":"pa_size-4713","12":"first","13":"instock","14":"sale","15":"shipping-taxable","16":"purchasable","17":"product-type-variable"},"_links":{"self":[{"href":"https:\/\/mod.wisdar.net\/tr\/wp-json\/wp\/v2\/product\/16764","targetHints":{"allow":["GET"]}}],"collection":[{"href":"https:\/\/mod.wisdar.net\/tr\/wp-json\/wp\/v2\/product"}],"about":[{"href":"https:\/\/mod.wisdar.net\/tr\/wp-json\/wp\/v2\/types\/product"}],"replies":[{"embeddable":true,"href":"https:\/\/mod.wisdar.net\/tr\/wp-json\/wp\/v2\/comments?post=16764"}],"wp:featuredmedia":[{"embeddable":true,"href":"https:\/\/mod.wisdar.net\/tr\/wp-json\/wp\/v2\/media\/51899"}],"wp:attachment":[{"href":"https:\/\/mod.wisdar.net\/tr\/wp-json\/wp\/v2\/media?parent=16764"}],"wp:term":[{"taxonomy":"product_brand","embeddable":true,"href":"https:\/\/mod.wisdar.net\/tr\/wp-json\/wp\/v2\/product_brand?post=16764"},{"taxonomy":"product_cat","embeddable":true,"href":"https:\/\/mod.wisdar.net\/tr\/wp-json\/wp\/v2\/product_cat?post=16764"},{"taxonomy":"product_tag","embeddable":true,"href":"https:\/\/mod.wisdar.net\/tr\/wp-json\/wp\/v2\/product_tag?post=16764"}],"curies":[{"name":"wp","href":"https:\/\/api.w.org\/{rel}","templated":true}]}}