{"id":167859,"date":"2026-03-07T12:00:42","date_gmt":"2026-03-07T12:00:42","guid":{"rendered":"https:\/\/modesthanim.com\/product\/sevi-hakim-yaka-kemerli-lastikli-modal-elbise-mavi\/"},"modified":"2026-04-11T02:35:56","modified_gmt":"2026-04-11T02:35:56","slug":"sevi-hakim-yaka-kemerli-lastikli-modal-elbise-mavi","status":"publish","type":"product","link":"https:\/\/mod.wisdar.net\/tr\/urun\/sevi-hakim-yaka-kemerli-lastikli-modal-elbise-mavi\/","title":{"rendered":"Sevi Hakim Yaka Kemerli Lastikli Modal Elbise MAV\u0130"},"content":{"rendered":"<p>\u2014 Teknik Detaylar \u2014<br \/>\nKuma\u015f: MODAL<br \/>\nKar\u0131\u015f\u0131m: %85 MODAL %15 POLYESTER<\/p>\n","protected":false},"excerpt":{"rendered":"<p>\u2014 Teknik Detaylar \u2014 Kuma\u015f: MODAL Kar\u0131\u015f\u0131m: %85 MODAL %15 POLYESTER<\/p>\n","protected":false},"featured_media":167853,"comment_status":"open","ping_status":"closed","template":"","meta":[],"product_brand":[],"product_cat":[6249,1933],"product_tag":[],"class_list":{"0":"post-167859","1":"product","2":"type-product","3":"status-publish","4":"has-post-thumbnail","6":"product_cat-elbiseler","7":"product_cat-gunluk-ve-gunduz-elbiseleri","8":"pa_brand-hilay","9":"pa_color-mavi","10":"pa_size-4446","11":"pa_size-4463","12":"pa_size-4680","13":"pa_size-4694","15":"first","16":"instock","17":"sale","18":"shipping-taxable","19":"purchasable","20":"product-type-variable"},"_links":{"self":[{"href":"https:\/\/mod.wisdar.net\/tr\/wp-json\/wp\/v2\/product\/167859","targetHints":{"allow":["GET"]}}],"collection":[{"href":"https:\/\/mod.wisdar.net\/tr\/wp-json\/wp\/v2\/product"}],"about":[{"href":"https:\/\/mod.wisdar.net\/tr\/wp-json\/wp\/v2\/types\/product"}],"replies":[{"embeddable":true,"href":"https:\/\/mod.wisdar.net\/tr\/wp-json\/wp\/v2\/comments?post=167859"}],"wp:featuredmedia":[{"embeddable":true,"href":"https:\/\/mod.wisdar.net\/tr\/wp-json\/wp\/v2\/media\/167853"}],"wp:attachment":[{"href":"https:\/\/mod.wisdar.net\/tr\/wp-json\/wp\/v2\/media?parent=167859"}],"wp:term":[{"taxonomy":"product_brand","embeddable":true,"href":"https:\/\/mod.wisdar.net\/tr\/wp-json\/wp\/v2\/product_brand?post=167859"},{"taxonomy":"product_cat","embeddable":true,"href":"https:\/\/mod.wisdar.net\/tr\/wp-json\/wp\/v2\/product_cat?post=167859"},{"taxonomy":"product_tag","embeddable":true,"href":"https:\/\/mod.wisdar.net\/tr\/wp-json\/wp\/v2\/product_tag?post=167859"}],"curies":[{"name":"wp","href":"https:\/\/api.w.org\/{rel}","templated":true}]}}