{"id":167893,"date":"2026-03-07T12:01:15","date_gmt":"2026-03-07T12:01:15","guid":{"rendered":"https:\/\/modesthanim.com\/product\/bella-pileli-asimetrik-kesim-lyocell-iclik-elbiseli-takim-haki\/"},"modified":"2026-04-11T02:36:40","modified_gmt":"2026-04-11T02:36:40","slug":"bella-pileli-asimetrik-kesim-lyocell-iclik-elbiseli-takim-haki","status":"publish","type":"product","link":"https:\/\/mod.wisdar.net\/tr\/urun\/bella-pileli-asimetrik-kesim-lyocell-iclik-elbiseli-takim-haki\/","title":{"rendered":"Bella Pileli Asimetrik Kesim Lyocell \u0130\u00e7lik Elbiseli Tak\u0131m HAK\u0130"},"content":{"rendered":"<p>\u2014 Technical Details \u2014<br \/>\nKuma\u015f: LYOCELL<br \/>\nKar\u0131\u015f\u0131m: %46 LYOCELL %54 COTTON<\/p>\n","protected":false},"excerpt":{"rendered":"<p>\u2014 Technical Details \u2014 Kuma\u015f: LYOCELL Kar\u0131\u015f\u0131m: %46 LYOCELL %54 COTTON<\/p>\n","protected":false},"featured_media":167887,"comment_status":"open","ping_status":"closed","template":"","meta":[],"product_brand":[],"product_cat":[6249,1933],"product_tag":[3144,11343,2992,3192,3028,11342],"class_list":{"0":"post-167893","1":"product","2":"type-product","3":"status-publish","4":"has-post-thumbnail","6":"product_cat-elbiseler","7":"product_cat-gunluk-ve-gunduz-elbiseleri","8":"product_tag-asymmetric","9":"product_tag-bella-pileli","10":"product_tag-khaki","11":"product_tag-lyocell","12":"product_tag-set","13":"product_tag-slip-dress","14":"pa_brand-hilay","15":"pa_color-haki","16":"pa_size-4446","17":"pa_size-4463","18":"pa_size-4680","20":"first","21":"instock","22":"sale","23":"shipping-taxable","24":"purchasable","25":"product-type-variable"},"_links":{"self":[{"href":"https:\/\/mod.wisdar.net\/tr\/wp-json\/wp\/v2\/product\/167893","targetHints":{"allow":["GET"]}}],"collection":[{"href":"https:\/\/mod.wisdar.net\/tr\/wp-json\/wp\/v2\/product"}],"about":[{"href":"https:\/\/mod.wisdar.net\/tr\/wp-json\/wp\/v2\/types\/product"}],"replies":[{"embeddable":true,"href":"https:\/\/mod.wisdar.net\/tr\/wp-json\/wp\/v2\/comments?post=167893"}],"wp:featuredmedia":[{"embeddable":true,"href":"https:\/\/mod.wisdar.net\/tr\/wp-json\/wp\/v2\/media\/167887"}],"wp:attachment":[{"href":"https:\/\/mod.wisdar.net\/tr\/wp-json\/wp\/v2\/media?parent=167893"}],"wp:term":[{"taxonomy":"product_brand","embeddable":true,"href":"https:\/\/mod.wisdar.net\/tr\/wp-json\/wp\/v2\/product_brand?post=167893"},{"taxonomy":"product_cat","embeddable":true,"href":"https:\/\/mod.wisdar.net\/tr\/wp-json\/wp\/v2\/product_cat?post=167893"},{"taxonomy":"product_tag","embeddable":true,"href":"https:\/\/mod.wisdar.net\/tr\/wp-json\/wp\/v2\/product_tag?post=167893"}],"curies":[{"name":"wp","href":"https:\/\/api.w.org\/{rel}","templated":true}]}}