{"id":167923,"date":"2026-03-07T12:01:35","date_gmt":"2026-03-07T12:01:35","guid":{"rendered":"https:\/\/modesthanim.com\/product\/bella-pileli-asimetrik-kesim-lyocell-iclik-elbiseli-takim-murdum\/"},"modified":"2026-04-15T21:22:37","modified_gmt":"2026-04-15T21:22:37","slug":"bella-pileli-asimetrik-kesim-lyocell-iclik-elbiseli-takim-murdum","status":"publish","type":"product","link":"https:\/\/mod.wisdar.net\/tr\/urun\/bella-pileli-asimetrik-kesim-lyocell-iclik-elbiseli-takim-murdum\/","title":{"rendered":"Bella Pileli Asimetrik Kesim Lyocell \u0130\u00e7lik Elbiseli Tak\u0131m M\u00dcRD\u00dcM"},"content":{"rendered":"<p>\u2014 Technical Details \u2014<br \/>\nKuma\u015f: LYOCELL<br \/>\nKar\u0131\u015f\u0131m: %46 LYOCELL %54 COTTON<\/p>\n","protected":false},"excerpt":{"rendered":"<p>\u2014 Technical Details \u2014 Kuma\u015f: LYOCELL Kar\u0131\u015f\u0131m: %46 LYOCELL %54 COTTON<\/p>\n","protected":false},"featured_media":167916,"comment_status":"open","ping_status":"closed","template":"","meta":[],"product_brand":[],"product_cat":[6249,1933],"product_tag":[5012,6744,6751],"class_list":{"0":"post-167923","1":"product","2":"type-product","3":"status-publish","4":"has-post-thumbnail","6":"product_cat-elbiseler","7":"product_cat-gunluk-ve-gunduz-elbiseleri","8":"product_tag-elegant","9":"product_tag-kadin-modasi","10":"product_tag-rahat","11":"pa_brand-hilay","12":"pa_color-murdum","13":"pa_size-4446","14":"pa_size-4463","15":"pa_size-4680","17":"first","18":"instock","19":"sale","20":"shipping-taxable","21":"purchasable","22":"product-type-variable"},"_links":{"self":[{"href":"https:\/\/mod.wisdar.net\/tr\/wp-json\/wp\/v2\/product\/167923","targetHints":{"allow":["GET"]}}],"collection":[{"href":"https:\/\/mod.wisdar.net\/tr\/wp-json\/wp\/v2\/product"}],"about":[{"href":"https:\/\/mod.wisdar.net\/tr\/wp-json\/wp\/v2\/types\/product"}],"replies":[{"embeddable":true,"href":"https:\/\/mod.wisdar.net\/tr\/wp-json\/wp\/v2\/comments?post=167923"}],"wp:featuredmedia":[{"embeddable":true,"href":"https:\/\/mod.wisdar.net\/tr\/wp-json\/wp\/v2\/media\/167916"}],"wp:attachment":[{"href":"https:\/\/mod.wisdar.net\/tr\/wp-json\/wp\/v2\/media?parent=167923"}],"wp:term":[{"taxonomy":"product_brand","embeddable":true,"href":"https:\/\/mod.wisdar.net\/tr\/wp-json\/wp\/v2\/product_brand?post=167923"},{"taxonomy":"product_cat","embeddable":true,"href":"https:\/\/mod.wisdar.net\/tr\/wp-json\/wp\/v2\/product_cat?post=167923"},{"taxonomy":"product_tag","embeddable":true,"href":"https:\/\/mod.wisdar.net\/tr\/wp-json\/wp\/v2\/product_tag?post=167923"}],"curies":[{"name":"wp","href":"https:\/\/api.w.org\/{rel}","templated":true}]}}