{"id":16802,"date":"2025-11-02T12:50:52","date_gmt":"2025-11-02T12:50:52","guid":{"rendered":"https:\/\/modesthanim.com\/product\/orgu-kemerli-desenli-sifon-elbise-pembe\/"},"modified":"2026-02-18T21:56:09","modified_gmt":"2026-02-18T21:56:09","slug":"orgu-kemerli-desenli-sifon-elbise-pembe","status":"publish","type":"product","link":"https:\/\/mod.wisdar.net\/tr\/urun\/orgu-kemerli-desenli-sifon-elbise-pembe\/","title":{"rendered":"\u00d6rg\u00fc Kemerli Desenli \u015eifon Elbise \u2013 Pembe"},"content":{"rendered":"<p>\u00d6rg\u00fc kemer detay\u0131yla belinizi zarif\u00e7e vurgulayan bu desenli \u015fifon elbise, hafif ve ak\u0131c\u0131 dokusuyla \u015f\u0131kl\u0131\u011f\u0131 \u00f6n plana \u00e7\u0131kar\u0131yor. U\u00e7u\u015f u\u00e7u\u015f kuma\u015f\u0131 ve modern tasar\u0131m\u0131 sayesinde hem g\u00fcnl\u00fck hem de \u00f6zel davetlerde rahatl\u0131kla tercih edilebilir.<\/p>\n<p>\u2014 Teknik Detaylar \u2014<br \/>\nDesen: Tropikal Desen<br \/>\nYaka Tipi: Bisiklet Yaka<br \/>\nKol Tipi: Uzun Kol<br \/>\nCep: Cepsiz<br \/>\nAstar: Astarl\u0131<br \/>\n\u00dcr\u00fcn Boyu: 135 cm<br \/>\nKal\u0131p Tipi: Normal Kal\u0131p<br \/>\nMankenin Giydi\u011fi Beden: 38<br \/>\nManken \u00d6l\u00e7\u00fcleri: {&#8216;Boy&#8217;: &#8216;176 cm&#8217;, &#8216;G\u00f6\u011f\u00fcs&#8217;: &#8217;75 cm&#8217;, &#8216;Bel&#8217;: &#8217;59 cm&#8217;, &#8216;Basen&#8217;: &#8217;87 cm&#8217;}<\/p>\n","protected":false},"excerpt":{"rendered":"<p>\u00d6rg\u00fc kemer detay\u0131yla belinizi zarif\u00e7e vurgulayan bu desenli \u015fifon elbise, hafif ve ak\u0131c\u0131 dokusuyla \u015f\u0131kl\u0131\u011f\u0131 \u00f6n plana \u00e7\u0131kar\u0131yor. U\u00e7u\u015f u\u00e7u\u015f kuma\u015f\u0131 ve modern tasar\u0131m\u0131 sayesinde hem g\u00fcnl\u00fck hem de \u00f6zel davetlerde rahatl\u0131kla tercih edilebilir. \u2014 Teknik Detaylar \u2014 Desen: Tropikal Desen Yaka Tipi: Bisiklet Yaka Kol Tipi: Uzun Kol Cep: Cepsiz Astar: Astarl\u0131 \u00dcr\u00fcn Boyu: [&hellip;]<\/p>\n","protected":false},"featured_media":51922,"comment_status":"open","ping_status":"closed","template":"","meta":[],"product_brand":[],"product_cat":[6249],"product_tag":[],"class_list":{"0":"post-16802","1":"product","2":"type-product","3":"status-publish","4":"has-post-thumbnail","6":"product_cat-elbiseler","7":"pa_color-pembe","8":"pa_size-4706","9":"pa_size-4711","10":"pa_size-4713","11":"pa_size-4751","13":"first","14":"instock","15":"sale","16":"shipping-taxable","17":"purchasable","18":"product-type-variable"},"_links":{"self":[{"href":"https:\/\/mod.wisdar.net\/tr\/wp-json\/wp\/v2\/product\/16802","targetHints":{"allow":["GET"]}}],"collection":[{"href":"https:\/\/mod.wisdar.net\/tr\/wp-json\/wp\/v2\/product"}],"about":[{"href":"https:\/\/mod.wisdar.net\/tr\/wp-json\/wp\/v2\/types\/product"}],"replies":[{"embeddable":true,"href":"https:\/\/mod.wisdar.net\/tr\/wp-json\/wp\/v2\/comments?post=16802"}],"wp:featuredmedia":[{"embeddable":true,"href":"https:\/\/mod.wisdar.net\/tr\/wp-json\/wp\/v2\/media\/51922"}],"wp:attachment":[{"href":"https:\/\/mod.wisdar.net\/tr\/wp-json\/wp\/v2\/media?parent=16802"}],"wp:term":[{"taxonomy":"product_brand","embeddable":true,"href":"https:\/\/mod.wisdar.net\/tr\/wp-json\/wp\/v2\/product_brand?post=16802"},{"taxonomy":"product_cat","embeddable":true,"href":"https:\/\/mod.wisdar.net\/tr\/wp-json\/wp\/v2\/product_cat?post=16802"},{"taxonomy":"product_tag","embeddable":true,"href":"https:\/\/mod.wisdar.net\/tr\/wp-json\/wp\/v2\/product_tag?post=16802"}],"curies":[{"name":"wp","href":"https:\/\/api.w.org\/{rel}","templated":true}]}}