{"id":168053,"date":"2026-03-07T12:02:48","date_gmt":"2026-03-07T12:02:48","guid":{"rendered":"https:\/\/modesthanim.com\/product\/mara-kruvaze-kaplama-dugmeli-iclik-elbiseli-takim-kahverengi\/"},"modified":"2026-04-04T02:08:53","modified_gmt":"2026-04-04T02:08:53","slug":"mara-kruvaze-kaplama-dugmeli-iclik-elbiseli-takim-kahverengi","status":"publish","type":"product","link":"https:\/\/mod.wisdar.net\/tr\/urun\/mara-kruvaze-kaplama-dugmeli-iclik-elbiseli-takim-kahverengi\/","title":{"rendered":"Mara Kruvaze Kaplama D\u00fc\u011fmeli \u0130\u00e7lik Elbiseli Tak\u0131m KAHVERENG\u0130"},"content":{"rendered":"<p>\u2014 Technical Details \u2014<br \/>\nKuma\u015f: MODAL<br \/>\nKar\u0131\u015f\u0131m: %85 MODAL %15 POLYESTER<\/p>\n","protected":false},"excerpt":{"rendered":"<p>\u2014 Technical Details \u2014 Kuma\u015f: MODAL Kar\u0131\u015f\u0131m: %85 MODAL %15 POLYESTER<\/p>\n","protected":false},"featured_media":168041,"comment_status":"open","ping_status":"closed","template":"","meta":[],"product_brand":[],"product_cat":[6249,1933],"product_tag":[],"class_list":{"0":"post-168053","1":"product","2":"type-product","3":"status-publish","4":"has-post-thumbnail","6":"product_cat-elbiseler","7":"product_cat-gunluk-ve-gunduz-elbiseleri","8":"pa_brand-hilay","9":"pa_color-kahverengi","10":"pa_size-4446","11":"pa_size-4463","12":"pa_size-4680","13":"pa_size-4694","15":"first","16":"instock","17":"sale","18":"shipping-taxable","19":"purchasable","20":"product-type-variable"},"_links":{"self":[{"href":"https:\/\/mod.wisdar.net\/tr\/wp-json\/wp\/v2\/product\/168053","targetHints":{"allow":["GET"]}}],"collection":[{"href":"https:\/\/mod.wisdar.net\/tr\/wp-json\/wp\/v2\/product"}],"about":[{"href":"https:\/\/mod.wisdar.net\/tr\/wp-json\/wp\/v2\/types\/product"}],"replies":[{"embeddable":true,"href":"https:\/\/mod.wisdar.net\/tr\/wp-json\/wp\/v2\/comments?post=168053"}],"wp:featuredmedia":[{"embeddable":true,"href":"https:\/\/mod.wisdar.net\/tr\/wp-json\/wp\/v2\/media\/168041"}],"wp:attachment":[{"href":"https:\/\/mod.wisdar.net\/tr\/wp-json\/wp\/v2\/media?parent=168053"}],"wp:term":[{"taxonomy":"product_brand","embeddable":true,"href":"https:\/\/mod.wisdar.net\/tr\/wp-json\/wp\/v2\/product_brand?post=168053"},{"taxonomy":"product_cat","embeddable":true,"href":"https:\/\/mod.wisdar.net\/tr\/wp-json\/wp\/v2\/product_cat?post=168053"},{"taxonomy":"product_tag","embeddable":true,"href":"https:\/\/mod.wisdar.net\/tr\/wp-json\/wp\/v2\/product_tag?post=168053"}],"curies":[{"name":"wp","href":"https:\/\/api.w.org\/{rel}","templated":true}]}}