{"id":168130,"date":"2026-03-07T12:04:08","date_gmt":"2026-03-07T12:04:08","guid":{"rendered":"https:\/\/modesthanim.com\/product\/mara-kruvaze-kaplama-dugmeli-iclik-elbiseli-takim-adacayi\/"},"modified":"2026-04-15T21:44:20","modified_gmt":"2026-04-15T21:44:20","slug":"mara-kruvaze-kaplama-dugmeli-iclik-elbiseli-takim-adacayi","status":"publish","type":"product","link":"https:\/\/mod.wisdar.net\/tr\/urun\/mara-kruvaze-kaplama-dugmeli-iclik-elbiseli-takim-adacayi\/","title":{"rendered":"Mara Kruvaze Kaplama D\u00fc\u011fmeli \u0130\u00e7lik Elbiseli Tak\u0131m ADA\u00c7AYI"},"content":{"rendered":"<p>\u2014 Technical Details \u2014<br \/>\nKuma\u015f: MODAL<br \/>\nKar\u0131\u015f\u0131m: %85 MODAL %15 POLYESTER<\/p>\n","protected":false},"excerpt":{"rendered":"<p>\u2014 Technical Details \u2014 Kuma\u015f: MODAL Kar\u0131\u015f\u0131m: %85 MODAL %15 POLYESTER<\/p>\n","protected":false},"featured_media":168124,"comment_status":"open","ping_status":"closed","template":"","meta":[],"product_brand":[],"product_cat":[6249,1933],"product_tag":[5090,11352,5252,3040,11064,11342,11055],"class_list":{"0":"post-168130","1":"product","2":"type-product","3":"status-publish","4":"has-post-thumbnail","6":"product_cat-elbiseler","7":"product_cat-gunluk-ve-gunduz-elbiseleri","8":"product_tag-button-up","9":"product_tag-chic-set","10":"product_tag-lounge-wear","11":"product_tag-modal-fabric","12":"product_tag-sage-green","13":"product_tag-slip-dress","14":"product_tag-wrap-dress","15":"pa_brand-hilay","16":"pa_color-adacayi-2","17":"pa_size-4446","18":"pa_size-4463","19":"pa_size-4680","20":"pa_size-4694","22":"first","23":"instock","24":"sale","25":"shipping-taxable","26":"purchasable","27":"product-type-variable"},"_links":{"self":[{"href":"https:\/\/mod.wisdar.net\/tr\/wp-json\/wp\/v2\/product\/168130","targetHints":{"allow":["GET"]}}],"collection":[{"href":"https:\/\/mod.wisdar.net\/tr\/wp-json\/wp\/v2\/product"}],"about":[{"href":"https:\/\/mod.wisdar.net\/tr\/wp-json\/wp\/v2\/types\/product"}],"replies":[{"embeddable":true,"href":"https:\/\/mod.wisdar.net\/tr\/wp-json\/wp\/v2\/comments?post=168130"}],"wp:featuredmedia":[{"embeddable":true,"href":"https:\/\/mod.wisdar.net\/tr\/wp-json\/wp\/v2\/media\/168124"}],"wp:attachment":[{"href":"https:\/\/mod.wisdar.net\/tr\/wp-json\/wp\/v2\/media?parent=168130"}],"wp:term":[{"taxonomy":"product_brand","embeddable":true,"href":"https:\/\/mod.wisdar.net\/tr\/wp-json\/wp\/v2\/product_brand?post=168130"},{"taxonomy":"product_cat","embeddable":true,"href":"https:\/\/mod.wisdar.net\/tr\/wp-json\/wp\/v2\/product_cat?post=168130"},{"taxonomy":"product_tag","embeddable":true,"href":"https:\/\/mod.wisdar.net\/tr\/wp-json\/wp\/v2\/product_tag?post=168130"}],"curies":[{"name":"wp","href":"https:\/\/api.w.org\/{rel}","templated":true}]}}