{"id":168161,"date":"2026-03-07T12:04:29","date_gmt":"2026-03-07T12:04:29","guid":{"rendered":"https:\/\/modesthanim.com\/product\/riva-ozel-citcitli-kemerli-lyocell-iclik-elbiseli-takim-siyah\/"},"modified":"2026-04-15T21:35:19","modified_gmt":"2026-04-15T21:35:19","slug":"riva-ozel-citcitli-kemerli-lyocell-iclik-elbiseli-takim-siyah","status":"publish","type":"product","link":"https:\/\/mod.wisdar.net\/tr\/urun\/riva-ozel-citcitli-kemerli-lyocell-iclik-elbiseli-takim-siyah\/","title":{"rendered":"Riva \u00d6zel \u00c7\u0131t\u00e7\u0131tl\u0131 Kemerli Lyocell \u0130\u00e7lik Elbiseli Tak\u0131m S\u0130YAH"},"content":{"rendered":"<p>\u2014 Technical Details \u2014<br \/>\nKuma\u015f: LYOCELL<br \/>\nKar\u0131\u015f\u0131m: %53 LYOCELL %47 TENCEL<\/p>\n","protected":false},"excerpt":{"rendered":"<p>\u2014 Technical Details \u2014 Kuma\u015f: LYOCELL Kar\u0131\u015f\u0131m: %53 LYOCELL %47 TENCEL<\/p>\n","protected":false},"featured_media":168156,"comment_status":"open","ping_status":"closed","template":"","meta":[],"product_brand":[],"product_cat":[6249,1933],"product_tag":[7244,5012,6744,7668,6751,7074],"class_list":{"0":"post-168161","1":"product","2":"type-product","3":"status-publish","4":"has-post-thumbnail","6":"product_cat-elbiseler","7":"product_cat-gunluk-ve-gunduz-elbiseleri","8":"product_tag-citcit-kapama","9":"product_tag-elegant","10":"product_tag-kadin-modasi","11":"product_tag-kemerli","12":"product_tag-rahat","13":"product_tag-siyah","14":"pa_brand-hilay","15":"pa_color-siyah","16":"pa_size-4446","17":"pa_size-4463","18":"pa_size-4680","20":"first","21":"instock","22":"sale","23":"shipping-taxable","24":"purchasable","25":"product-type-variable"},"_links":{"self":[{"href":"https:\/\/mod.wisdar.net\/tr\/wp-json\/wp\/v2\/product\/168161","targetHints":{"allow":["GET"]}}],"collection":[{"href":"https:\/\/mod.wisdar.net\/tr\/wp-json\/wp\/v2\/product"}],"about":[{"href":"https:\/\/mod.wisdar.net\/tr\/wp-json\/wp\/v2\/types\/product"}],"replies":[{"embeddable":true,"href":"https:\/\/mod.wisdar.net\/tr\/wp-json\/wp\/v2\/comments?post=168161"}],"wp:featuredmedia":[{"embeddable":true,"href":"https:\/\/mod.wisdar.net\/tr\/wp-json\/wp\/v2\/media\/168156"}],"wp:attachment":[{"href":"https:\/\/mod.wisdar.net\/tr\/wp-json\/wp\/v2\/media?parent=168161"}],"wp:term":[{"taxonomy":"product_brand","embeddable":true,"href":"https:\/\/mod.wisdar.net\/tr\/wp-json\/wp\/v2\/product_brand?post=168161"},{"taxonomy":"product_cat","embeddable":true,"href":"https:\/\/mod.wisdar.net\/tr\/wp-json\/wp\/v2\/product_cat?post=168161"},{"taxonomy":"product_tag","embeddable":true,"href":"https:\/\/mod.wisdar.net\/tr\/wp-json\/wp\/v2\/product_tag?post=168161"}],"curies":[{"name":"wp","href":"https:\/\/api.w.org\/{rel}","templated":true}]}}