{"id":168195,"date":"2026-03-07T14:41:27","date_gmt":"2026-03-07T14:41:27","guid":{"rendered":"https:\/\/modesthanim.com\/product\/kiz-bebek-kisa-kollu-bisiklet-yaka-pamuklu-kaskorse-fiyonklu-elbise\/"},"modified":"2026-04-15T20:50:22","modified_gmt":"2026-04-15T20:50:22","slug":"kiz-bebek-kisa-kollu-bisiklet-yaka-pamuklu-kaskorse-fiyonklu-elbise","status":"publish","type":"product","link":"https:\/\/mod.wisdar.net\/tr\/urun\/kiz-bebek-kisa-kollu-bisiklet-yaka-pamuklu-kaskorse-fiyonklu-elbise\/","title":{"rendered":"K\u0131z Bebek K\u0131sa Kollu Bisiklet Yaka Pamuklu Ka\u015fkorse Fiyonklu Elbise"},"content":{"rendered":"<p>K\u0131sa kollu elbise, pamuklu ka\u015fkorse kuma\u015f\u0131 k\u0131z bebekler i\u00e7in m\u00fckemmel bir se\u00e7im sunuyor. Bisiklet yaka tasar\u0131m\u0131 ve sevimli ba\u011fc\u0131k detay\u0131, enerjik ve tatl\u0131 bir g\u00f6r\u00fcn\u00fcm sa\u011fl\u0131yor. G\u00fcnl\u00fck aktivitelerde rahatl\u0131kla kullan\u0131labilecek olan bu elbise, miniklerin konforunu \u00f6n planda tutuyor.<\/p>\n<p>\u00dcr\u00fcn \u00d6zellikleri<br \/>\nKol Tipi: K\u0131sa Kol<br \/>\nYaka Tipi: Bisiklet Yaka<br \/>\nKuma\u015f: %97 Pamuk, %3 Elastan<br \/>\nDetay: Ka\u015fkorse \u00dcst, Ba\u011fc\u0131k Detayl\u0131<br \/>\nKullan\u0131m Alan\u0131: G\u00fcnl\u00fck Giyim<\/p>\n<p>Koton k\u0131z bebek koleksiyonu, tatl\u0131 ve rahat tasar\u0131mlar\u0131yla miniklerin kalbini \u00e7al\u0131yor! Renkli ve e\u011flenceli elbise alternatifleri i\u00e7in Koton k\u0131z \u00e7ocuk koleksiyonunu ke\u015ffedin!<\/p>\n<p>\u00dcr\u00fcnlerimiz kimyasallara kar\u015f\u0131 test edilerek, t\u00fcm g\u00fcvenlik kurallar\u0131na uygun olarak \u00fcretilir. \u00dcr\u00fcnlerimizde sa\u011fl\u0131\u011fa zararl\u0131 boyalar ve a\u011f\u0131r metaller, tehlikeli yutulabilecek k\u00fc\u00e7\u00fck ve keskin par\u00e7alar, kordon ve ba\u011fc\u0131klar bulunmamaktad\u0131r.<\/p>\n","protected":false},"excerpt":{"rendered":"<p>K\u0131sa kollu elbise, pamuklu ka\u015fkorse kuma\u015f\u0131 k\u0131z bebekler i\u00e7in m\u00fckemmel bir se\u00e7im sunuyor. Bisiklet yaka tasar\u0131m\u0131 ve sevimli ba\u011fc\u0131k detay\u0131, enerjik ve tatl\u0131 bir g\u00f6r\u00fcn\u00fcm sa\u011fl\u0131yor. G\u00fcnl\u00fck aktivitelerde rahatl\u0131kla kullan\u0131labilecek olan bu elbise, miniklerin konforunu \u00f6n planda tutuyor. \u00dcr\u00fcn \u00d6zellikleri Kol Tipi: K\u0131sa Kol Yaka Tipi: Bisiklet Yaka Kuma\u015f: %97 Pamuk, %3 Elastan Detay: Ka\u015fkorse [&hellip;]<\/p>\n","protected":false},"featured_media":168192,"comment_status":"open","ping_status":"closed","template":"","meta":[],"product_brand":[],"product_cat":[8718,8715,8694],"product_tag":[7354,8039,6751],"class_list":{"0":"post-168195","1":"product","2":"type-product","3":"status-publish","4":"has-post-thumbnail","6":"product_cat-elbiseler-etekler","7":"product_cat-kiz-cocuklari-2-14-yas","8":"product_cat-cocuklar","9":"product_tag-gunluk-giyim-2","10":"product_tag-koton","11":"product_tag-rahat","12":"pa_brand-koton","13":"pa_color-pembe","14":"pa_size-12-18-ay-2","15":"pa_size-18-24-ay-2","16":"pa_size-24-36-ay-2","17":"pa_size-3-4-yas-2","18":"pa_size-4-5-yas-2","19":"pa_size-9-12-ay-3","21":"first","22":"instock","23":"sale","24":"shipping-taxable","25":"purchasable","26":"product-type-variable"},"_links":{"self":[{"href":"https:\/\/mod.wisdar.net\/tr\/wp-json\/wp\/v2\/product\/168195","targetHints":{"allow":["GET"]}}],"collection":[{"href":"https:\/\/mod.wisdar.net\/tr\/wp-json\/wp\/v2\/product"}],"about":[{"href":"https:\/\/mod.wisdar.net\/tr\/wp-json\/wp\/v2\/types\/product"}],"replies":[{"embeddable":true,"href":"https:\/\/mod.wisdar.net\/tr\/wp-json\/wp\/v2\/comments?post=168195"}],"wp:featuredmedia":[{"embeddable":true,"href":"https:\/\/mod.wisdar.net\/tr\/wp-json\/wp\/v2\/media\/168192"}],"wp:attachment":[{"href":"https:\/\/mod.wisdar.net\/tr\/wp-json\/wp\/v2\/media?parent=168195"}],"wp:term":[{"taxonomy":"product_brand","embeddable":true,"href":"https:\/\/mod.wisdar.net\/tr\/wp-json\/wp\/v2\/product_brand?post=168195"},{"taxonomy":"product_cat","embeddable":true,"href":"https:\/\/mod.wisdar.net\/tr\/wp-json\/wp\/v2\/product_cat?post=168195"},{"taxonomy":"product_tag","embeddable":true,"href":"https:\/\/mod.wisdar.net\/tr\/wp-json\/wp\/v2\/product_tag?post=168195"}],"curies":[{"name":"wp","href":"https:\/\/api.w.org\/{rel}","templated":true}]}}