{"id":16820,"date":"2025-11-02T12:51:10","date_gmt":"2025-11-02T12:51:10","guid":{"rendered":"https:\/\/modesthanim.com\/product\/yarim-patli-kusakli-elbise-erik-rengi\/"},"modified":"2026-04-03T18:01:03","modified_gmt":"2026-04-03T18:01:03","slug":"yarim-patli-kusakli-elbise-erik-rengi","status":"publish","type":"product","link":"https:\/\/mod.wisdar.net\/tr\/urun\/yarim-patli-kusakli-elbise-erik-rengi\/","title":{"rendered":"Yar\u0131m Patl\u0131 Ku\u015fakl\u0131 Elbise \u2013 Erik Rengi"},"content":{"rendered":"<p>Bu elbise, zarif yar\u0131m pat ve ku\u015fak detay\u0131 ile klasik ve modern dokunu\u015flar\u0131 harmanl\u0131yor. Ak\u0131c\u0131 kuma\u015f\u0131 t\u00fcm g\u00fcn konfor sunarken, ku\u015fak detay\u0131 \u015f\u0131k bir siluet sa\u011flar.<\/p>\n<p>Kuma\u015f \u0130\u00e7eri\u011fi: %100 Polyester<br \/>\nDesen: D\u00fcz<br \/>\nYaka Tipi: Mandarin Yaka<br \/>\nKol Tipi: Raglan Kol<br \/>\nCep: Gizli Cep<br \/>\nAstar: Astarl\u0131<br \/>\n\u00dcr\u00fcn Uzunlu\u011fu: 140 cm<br \/>\nKal\u0131p: Rahat Kesim<br \/>\nModelin Giydi\u011fi Beden: 38<br \/>\nModel \u00d6l\u00e7\u00fcleri: Boy: 175 cm, G\u00f6\u011f\u00fcs: 82 cm, Bel: 60 cm, Kal\u00e7a: 90 cm<\/p>\n","protected":false},"excerpt":{"rendered":"<p>Bu elbise, zarif yar\u0131m pat ve ku\u015fak detay\u0131 ile klasik ve modern dokunu\u015flar\u0131 harmanl\u0131yor. Ak\u0131c\u0131 kuma\u015f\u0131 t\u00fcm g\u00fcn konfor sunarken, ku\u015fak detay\u0131 \u015f\u0131k bir siluet sa\u011flar. Kuma\u015f \u0130\u00e7eri\u011fi: %100 Polyester Desen: D\u00fcz Yaka Tipi: Mandarin Yaka Kol Tipi: Raglan Kol Cep: Gizli Cep Astar: Astarl\u0131 \u00dcr\u00fcn Uzunlu\u011fu: 140 cm Kal\u0131p: Rahat Kesim Modelin Giydi\u011fi Beden: [&hellip;]<\/p>\n","protected":false},"featured_media":51921,"comment_status":"open","ping_status":"closed","template":"","meta":[],"product_brand":[],"product_cat":[6249],"product_tag":[5012,7668,5013,6751],"class_list":{"0":"post-16820","1":"product","2":"type-product","3":"status-publish","4":"has-post-thumbnail","6":"product_cat-elbiseler","7":"product_tag-elegant","8":"product_tag-kemerli","9":"product_tag-modern","10":"product_tag-rahat","11":"pa_brand-tugba","12":"pa_color-murdum","13":"pa_size-4706","14":"pa_size-4711","15":"pa_size-4713","16":"pa_size-4751","17":"pa_size-4749","18":"pa_size-4747","20":"first","21":"outofstock","22":"shipping-taxable","23":"product-type-variable"},"_links":{"self":[{"href":"https:\/\/mod.wisdar.net\/tr\/wp-json\/wp\/v2\/product\/16820","targetHints":{"allow":["GET"]}}],"collection":[{"href":"https:\/\/mod.wisdar.net\/tr\/wp-json\/wp\/v2\/product"}],"about":[{"href":"https:\/\/mod.wisdar.net\/tr\/wp-json\/wp\/v2\/types\/product"}],"replies":[{"embeddable":true,"href":"https:\/\/mod.wisdar.net\/tr\/wp-json\/wp\/v2\/comments?post=16820"}],"wp:featuredmedia":[{"embeddable":true,"href":"https:\/\/mod.wisdar.net\/tr\/wp-json\/wp\/v2\/media\/51921"}],"wp:attachment":[{"href":"https:\/\/mod.wisdar.net\/tr\/wp-json\/wp\/v2\/media?parent=16820"}],"wp:term":[{"taxonomy":"product_brand","embeddable":true,"href":"https:\/\/mod.wisdar.net\/tr\/wp-json\/wp\/v2\/product_brand?post=16820"},{"taxonomy":"product_cat","embeddable":true,"href":"https:\/\/mod.wisdar.net\/tr\/wp-json\/wp\/v2\/product_cat?post=16820"},{"taxonomy":"product_tag","embeddable":true,"href":"https:\/\/mod.wisdar.net\/tr\/wp-json\/wp\/v2\/product_tag?post=16820"}],"curies":[{"name":"wp","href":"https:\/\/api.w.org\/{rel}","templated":true}]}}