{"id":168261,"date":"2026-03-07T14:44:23","date_gmt":"2026-03-07T14:44:23","guid":{"rendered":"https:\/\/modesthanim.com\/product\/fiyonk-detayli-kisa-kollu-v-yaka-bluz\/"},"modified":"2026-03-27T15:35:47","modified_gmt":"2026-03-27T15:35:47","slug":"fiyonk-detayli-kisa-kollu-v-yaka-bluz","status":"publish","type":"product","link":"https:\/\/mod.wisdar.net\/tr\/urun\/fiyonk-detayli-kisa-kollu-v-yaka-bluz\/","title":{"rendered":"Fiyonk Detayl\u0131 K\u0131sa Kollu V Yaka Bluz"},"content":{"rendered":"<p>Fiyonk detayl\u0131 bluz, miniklere sevimli ve \u015f\u0131k bir alternatif sunuyor. K\u0131sa kollu yap\u0131s\u0131 ve V yaka tasar\u0131m\u0131yla modern bir g\u00f6r\u00fcn\u00fcm sa\u011fl\u0131yor. Fiyonklu detaylar\u0131 bluza e\u011flenceli ve enerjik bir g\u00f6r\u00fcn\u00fcm kazand\u0131r\u0131yor. Hafif yap\u0131s\u0131 sayesinde s\u0131cak havalarda rahatl\u0131kla tercih edilebilen bu bluz, g\u00fcnl\u00fck aktiviteler ve \u00f6zel g\u00fcnler i\u00e7in ideal bir se\u00e7enek sunuyor.<\/p>\n<p>\u00dcr\u00fcn \u00d6zellikleri<br \/>\nKol Tipi: K\u0131sa Kol<br \/>\nYaka Tipi: V Yaka<br \/>\nDetay: Fiyonk Detayl\u0131<br \/>\nKullan\u0131m Alan\u0131: G\u00fcnl\u00fck Giyim<\/p>\n<p>Koton k\u0131z \u00e7ocuk giyim koleksiyonu, sevimli tasar\u0131mlar\u0131yla miniklerin kalbini \u00e7al\u0131yor! Renkli ve e\u011flenceli kombinlerle dolu Koton Kids koleksiyonunu ke\u015ffedin!<\/p>\n<p>\u2014 Technical Details \u2014<br \/>\nKol Tipi: K\u0131sa Kol<br \/>\nYaka Tipi: V Yaka<br \/>\nDetay: Fiyonk Detayl\u0131<br \/>\nKullan\u0131m Alan\u0131: G\u00fcnl\u00fck Giyim<br \/>\n\u00dcr\u00fcn \u00d6l\u00e7\u00fc Tablosu (cm): {&#8216;5\/6 Ya\u015f&#8217;: {&#8216;Boy&#8217;: 33.5, &#8216;G\u00f6\u011f\u00fcs&#8217;: 29, &#8216;Kol Boyu&#8217;: 12.5}, &#8216;6\/7 Ya\u015f&#8217;: {&#8216;Boy&#8217;: 35, &#8216;G\u00f6\u011f\u00fcs&#8217;: 30, &#8216;Kol Boyu&#8217;: 13}, &#8216;7\/8 Ya\u015f&#8217;: {&#8216;Boy&#8217;: 37, &#8216;G\u00f6\u011f\u00fcs&#8217;: 32, &#8216;Kol Boyu&#8217;: 13.5}, &#8216;9\/10 Ya\u015f&#8217;: {&#8216;Boy&#8217;: 39, &#8216;G\u00f6\u011f\u00fcs&#8217;: 34, &#8216;Kol Boyu&#8217;: 14}, &#8217;11\/12 Ya\u015f&#8217;: {&#8216;Boy&#8217;: 41, &#8216;G\u00f6\u011f\u00fcs&#8217;: 37, &#8216;Kol Boyu&#8217;: 14.5}, &#8217;13\/14 Ya\u015f&#8217;: {&#8216;Boy&#8217;: 43, &#8216;G\u00f6\u011f\u00fcs&#8217;: 40, &#8216;Kol Boyu&#8217;: 15}}<\/p>\n","protected":false},"excerpt":{"rendered":"<p>Fiyonk detayl\u0131 bluz, miniklere sevimli ve \u015f\u0131k bir alternatif sunuyor. K\u0131sa kollu yap\u0131s\u0131 ve V yaka tasar\u0131m\u0131yla modern bir g\u00f6r\u00fcn\u00fcm sa\u011fl\u0131yor. Fiyonklu detaylar\u0131 bluza e\u011flenceli ve enerjik bir g\u00f6r\u00fcn\u00fcm kazand\u0131r\u0131yor. Hafif yap\u0131s\u0131 sayesinde s\u0131cak havalarda rahatl\u0131kla tercih edilebilen bu bluz, g\u00fcnl\u00fck aktiviteler ve \u00f6zel g\u00fcnler i\u00e7in ideal bir se\u00e7enek sunuyor. \u00dcr\u00fcn \u00d6zellikleri Kol Tipi: K\u0131sa [&hellip;]<\/p>\n","protected":false},"featured_media":168258,"comment_status":"open","ping_status":"closed","template":"","meta":[],"product_brand":[],"product_cat":[8715,8694,8724],"product_tag":[7426],"class_list":{"0":"post-168261","1":"product","2":"type-product","3":"status-publish","4":"has-post-thumbnail","6":"product_cat-kiz-cocuklari-2-14-yas","7":"product_cat-cocuklar","8":"product_cat-tisortler-bluzlar","9":"product_tag-gunluk-giyim-3","10":"pa_brand-koton","11":"pa_color-ekru","12":"pa_size-11-12-yas-2","13":"pa_size-13-14-yas-2","14":"pa_size-5-6-yas-2","15":"pa_size-6-7-yas-2","16":"pa_size-7-8-yas-2","17":"pa_size-9-10-yas-2","19":"first","20":"instock","21":"sale","22":"shipping-taxable","23":"purchasable","24":"product-type-variable"},"_links":{"self":[{"href":"https:\/\/mod.wisdar.net\/tr\/wp-json\/wp\/v2\/product\/168261","targetHints":{"allow":["GET"]}}],"collection":[{"href":"https:\/\/mod.wisdar.net\/tr\/wp-json\/wp\/v2\/product"}],"about":[{"href":"https:\/\/mod.wisdar.net\/tr\/wp-json\/wp\/v2\/types\/product"}],"replies":[{"embeddable":true,"href":"https:\/\/mod.wisdar.net\/tr\/wp-json\/wp\/v2\/comments?post=168261"}],"wp:featuredmedia":[{"embeddable":true,"href":"https:\/\/mod.wisdar.net\/tr\/wp-json\/wp\/v2\/media\/168258"}],"wp:attachment":[{"href":"https:\/\/mod.wisdar.net\/tr\/wp-json\/wp\/v2\/media?parent=168261"}],"wp:term":[{"taxonomy":"product_brand","embeddable":true,"href":"https:\/\/mod.wisdar.net\/tr\/wp-json\/wp\/v2\/product_brand?post=168261"},{"taxonomy":"product_cat","embeddable":true,"href":"https:\/\/mod.wisdar.net\/tr\/wp-json\/wp\/v2\/product_cat?post=168261"},{"taxonomy":"product_tag","embeddable":true,"href":"https:\/\/mod.wisdar.net\/tr\/wp-json\/wp\/v2\/product_tag?post=168261"}],"curies":[{"name":"wp","href":"https:\/\/api.w.org\/{rel}","templated":true}]}}