{"id":168335,"date":"2026-03-07T14:47:56","date_gmt":"2026-03-07T14:47:56","guid":{"rendered":"https:\/\/modesthanim.com\/product\/firfir-detayli-kisa-kollu-bisiklet-yaka-cicekli-elbise\/"},"modified":"2026-04-11T02:11:46","modified_gmt":"2026-04-11T02:11:46","slug":"firfir-detayli-kisa-kollu-bisiklet-yaka-cicekli-elbise","status":"publish","type":"product","link":"https:\/\/mod.wisdar.net\/tr\/urun\/firfir-detayli-kisa-kollu-bisiklet-yaka-cicekli-elbise\/","title":{"rendered":"F\u0131rf\u0131r Detayl\u0131 K\u0131sa Kollu Bisiklet Yaka \u00c7i\u00e7ekli Elbise"},"content":{"rendered":"<p>\u00c7i\u00e7ekli elbise, zarif f\u0131rf\u0131r detaylar\u0131 ile dikkat \u00e7ekiyor. Bisiklet yaka ve k\u0131sa kollu tasar\u0131m\u0131, yaz aylar\u0131nda konforlu bir kullan\u0131m sunuyor. \u00c7i\u00e7ek desenleriyle s\u00fcslenen elbise, miniklerin enerjisini yans\u0131t\u0131yor. Hafif yap\u0131s\u0131 sayesinde \u00e7ocuklar g\u00fcn boyu rahat\u00e7a hareket edebiliyor.<br \/>\n\u00dcr\u00fcn \u00d6zellikleri<br \/>\nKol Tipi: K\u0131sa Kol<br \/>\nYaka Tipi: Bisiklet Yaka<br \/>\nDesen: \u00c7i\u00e7ek Desenli<br \/>\nDetay: F\u0131rf\u0131rl\u0131<br \/>\nKullan\u0131m Alan\u0131: G\u00fcnl\u00fck Giyim<br \/>\nKoton k\u0131z bebek giyim koleksiyonu, sevimli tasar\u0131mlar\u0131yla miniklerin kalbini \u00e7al\u0131yor! Koton&#8217;un e\u011flenceli ve dinamik k\u0131z bebek giyim koleksiyonuna hemen g\u00f6z at\u0131n!<br \/>\n\u00dcr\u00fcnlerimiz kimyasallara kar\u015f\u0131 test edilerek, t\u00fcm g\u00fcvenlik kurallar\u0131na uygun olarak \u00fcretilir. \u00dcr\u00fcnlerimizde sa\u011fl\u0131\u011fa zararl\u0131 boyalar ve a\u011f\u0131r metaller, tehlikeli yutulabilecek k\u00fc\u00e7\u00fck ve keskin par\u00e7alar, kordon ve ba\u011fc\u0131klar bulunmamaktad\u0131r.<\/p>\n<p>\u2014 Technical Details \u2014<br \/>\nKuma\u015f: %2 ELASTAN, %98 POL\u0130ESTER<br \/>\nKol Boyu: K\u0131sa Kol<br \/>\nKol Tipi: D\u00fc\u015f\u00fck Omuz<br \/>\nYaka Tipi: Bisiklet Yaka<br \/>\nSil\u00fcet: A Form<br \/>\n\u00dcr\u00fcn Tipi \/ Stil: A Form<br \/>\n\u00dcr\u00fcn\u00fcn Alt Markas\u0131: Kidswear<br \/>\nSat\u0131c\u0131\/\u0130malat\u00e7\u0131\/\u0130thalat\u00e7\u0131 \u0130smi: Koton Ma\u011fazac\u0131l\u0131k Tekstil Sanayi ve Ticaret A.\u015e.<br \/>\nPosta Adresi: Ayaza\u011fa Mah. Maslak Ayaza\u011fa Cad. No:3 \u0130\u00e7 Kap\u0131 No:5 Sar\u0131yer\/\u0130stanbul<br \/>\nE-Posta Adresi: mim@koton.com<\/p>\n","protected":false},"excerpt":{"rendered":"<p>\u00c7i\u00e7ekli elbise, zarif f\u0131rf\u0131r detaylar\u0131 ile dikkat \u00e7ekiyor. Bisiklet yaka ve k\u0131sa kollu tasar\u0131m\u0131, yaz aylar\u0131nda konforlu bir kullan\u0131m sunuyor. \u00c7i\u00e7ek desenleriyle s\u00fcslenen elbise, miniklerin enerjisini yans\u0131t\u0131yor. Hafif yap\u0131s\u0131 sayesinde \u00e7ocuklar g\u00fcn boyu rahat\u00e7a hareket edebiliyor. \u00dcr\u00fcn \u00d6zellikleri Kol Tipi: K\u0131sa Kol Yaka Tipi: Bisiklet Yaka Desen: \u00c7i\u00e7ek Desenli Detay: F\u0131rf\u0131rl\u0131 Kullan\u0131m Alan\u0131: G\u00fcnl\u00fck Giyim [&hellip;]<\/p>\n","protected":false},"featured_media":168332,"comment_status":"open","ping_status":"closed","template":"","meta":[],"product_brand":[],"product_cat":[8712,8718,8715,8694,8697],"product_tag":[6752,7575,6877],"class_list":{"0":"post-168335","1":"product","2":"type-product","3":"status-publish","4":"has-post-thumbnail","6":"product_cat-bebek-elbiseleri","7":"product_cat-elbiseler-etekler","8":"product_cat-kiz-cocuklari-2-14-yas","9":"product_cat-cocuklar","10":"product_cat-yenidogan-0-12-ay","11":"product_tag-cicekli-elbise","12":"product_tag-gunluk-elbise","13":"product_tag-yaz-elbisesi","14":"pa_brand-koton","15":"pa_color-ekru-desenli","16":"pa_size-12-18-ay-2","17":"pa_size-18-24-ay-2","18":"pa_size-24-36-ay-2","19":"pa_size-3-4-yas-2","20":"pa_size-4-5-yas-2","21":"pa_size-9-12-ay-3","23":"first","24":"instock","25":"sale","26":"shipping-taxable","27":"purchasable","28":"product-type-variable"},"_links":{"self":[{"href":"https:\/\/mod.wisdar.net\/tr\/wp-json\/wp\/v2\/product\/168335","targetHints":{"allow":["GET"]}}],"collection":[{"href":"https:\/\/mod.wisdar.net\/tr\/wp-json\/wp\/v2\/product"}],"about":[{"href":"https:\/\/mod.wisdar.net\/tr\/wp-json\/wp\/v2\/types\/product"}],"replies":[{"embeddable":true,"href":"https:\/\/mod.wisdar.net\/tr\/wp-json\/wp\/v2\/comments?post=168335"}],"wp:featuredmedia":[{"embeddable":true,"href":"https:\/\/mod.wisdar.net\/tr\/wp-json\/wp\/v2\/media\/168332"}],"wp:attachment":[{"href":"https:\/\/mod.wisdar.net\/tr\/wp-json\/wp\/v2\/media?parent=168335"}],"wp:term":[{"taxonomy":"product_brand","embeddable":true,"href":"https:\/\/mod.wisdar.net\/tr\/wp-json\/wp\/v2\/product_brand?post=168335"},{"taxonomy":"product_cat","embeddable":true,"href":"https:\/\/mod.wisdar.net\/tr\/wp-json\/wp\/v2\/product_cat?post=168335"},{"taxonomy":"product_tag","embeddable":true,"href":"https:\/\/mod.wisdar.net\/tr\/wp-json\/wp\/v2\/product_tag?post=168335"}],"curies":[{"name":"wp","href":"https:\/\/api.w.org\/{rel}","templated":true}]}}